{"id":717,"date":"2019-10-14T17:27:13","date_gmt":"2019-10-14T17:27:13","guid":{"rendered":"http:\/\/tmarchives.com.br\/wp\/?page_id=717"},"modified":"2019-10-14T17:30:07","modified_gmt":"2019-10-14T17:30:07","slug":"cronologia","status":"publish","type":"page","link":"https:\/\/tmarchives.com.br\/wp\/?page_id=717","title":{"rendered":"Cronologia"},"content":{"rendered":"\n<p><strong>Miss\u00e3o Instrutora, 1978-2004, <\/strong><\/p>\n\n\n\nUma Cronologia da Miss\u00e3o Instrutora&nbsp;<br><p align=\"justify\">Coment\u00e1rios do Editor:<br>A verdadeira cronologia para o que ficou conhecido como Miss\u00e3o  Instrutora come\u00e7ou fora da vista humana, nas esferas espirituais, h\u00e1 2.000 anos, depois que Micael completou seu auto-outorgamento na terra como Jesus de Nazar\u00e9. Diz-se que ele j\u00e1 havia concebido a id\u00e9ia, ao   assumir seu trono de soberania, de dar ao nosso planeta acesso aos ensinamentos e \u00e0 sabedoria de instrutores celestiais treinados, e que tal atividade deveria ser precedida pelo texto dos instrutores, &#8220;O Livro de Ur\u00e2ntia&#8221;. \u00c9 prov\u00e1vel que mortais de Ur\u00e2ntia hajam sido testados atrav\u00e9s dos s\u00e9culos, para que se julgasse seu n\u00edvel de prepara\u00e7\u00e3o para a 5\u00aa Revela\u00e7\u00e3o de \u00c9poca e para a Miss\u00e3o Instrutora que era parte dela. Entretanto, foi somente no s\u00e9culo 20 que houve suficiente receptividade humana para preparar o que se tornaria o livro impresso, seguido pelo julgamento da Rebeli\u00e3o de L\u00facifer pelos Anci\u00e3es dos Dias, e hoje pelo come\u00e7ar do contato celestial autorizado a levar adiante aquelas id\u00e9ias, com vistas a trazer Ur\u00e2ntia de volta ao seio do governo espiritual do Universo. Somente a futura miss\u00e3o de um Filho Magisterial completar\u00e1 todas as partes da Quinta Revela\u00e7\u00e3o de \u00c9poca, como planejado. A cronologia come\u00e7a em 1978.<br><br>1978 \u2013 ABRA\u00c3O O PRECURSOR. Abra\u00e3o chega a Ur\u00e2ntia com permiss\u00e3o especial dos Anci\u00e3es dos Dias, em data anterior \u00e0 dispensa\u00e7\u00e3o que se seguiu ao final da Rebeli\u00e3o de L\u00facifer. (Transcri\u00e7\u00e3o de Bertrand em  12 de outubro de 1992 sobre a data de 1978; e veja transcri\u00e7\u00e3o de Bertrand em 21\/09\/92 sobre o coment\u00e1rio a respeito da permiss\u00e3o dos Anci\u00e3es dos Dias)<br><br>1984 \u2013 A NOVA ZEL\u00c2NDIA COME\u00c7A HIST\u00d3RICO CONTATO COM A FUTURA MISS\u00c3O INSTRUTORA. Um grupo da Nova Zel\u00e2ndia, utilizando &#8216;canais&#8217;, contata Abra\u00e3o e depois Maquiventa Melquizedeque pela primeira vez. ( Dr. Pratt, agosto de 1989, Universidade de Waikato, ao avaliar o fen\u00f4meno, declara em carta que: &#8220;Desde o in\u00edcio de 1984 a Senhora Miller tem operado como &#8216;m\u00e9dium&#8217;, facilitando a &#8216;comunica\u00e7\u00e3o&#8217; entre o grupo de tr\u00eas homens e inicialmente, uma &#8216;instrutora espiritual&#8217; chamada Berta, depois um outro chamado de &#8216;Mestre Abra\u00e3o&#8217;. Mais tarde a personalidade oracular foi &#8216;Melquizedeque&#8217;.&#8221;)<br><br>1985, outono \u2013 AN\u00daNCIO DO JULGAMENTO. Julgada a Rebeli\u00e3o de L\u00facifer. A data pode variar ligeiramente, devido \u00e0 convers\u00e3o do tempo desde Uversa. (Veja a transcri\u00e7\u00e3o de Bertrand em 22\/07\/92: &#8220;Posso dizer-lhe que foi no outono de 1985, em termos gerais. Devido \u00e0s diferen\u00e7as de tempo universais, \u00e9 dif\u00edcil estabelecer uma data espec\u00edfica.&#8221;)<br><br>1988 \u2013 DIA DE ORIENTA\u00c7\u00c3O. Os 100 instrutores originais chegam a Ur\u00e2ntia. Alguns de um escal\u00e3o avan\u00e7ado haviam chegado um pouco mais cedo. Alguns instrutores foram treinados por 1.000 anos para essa miss\u00e3o (Refer\u00eancia na transcri\u00e7\u00e3o de Bernard em 12 de outubro de 1992; Signa chegou a Ur\u00e2ntia em 21 de outubro de 1988; Bertrand foi treinado durante 1.000 anos, veja Transcri\u00e7\u00e3o de 22\/07\/92).<br><br>1989, junho \u2013 pessoa com iniciais \u201cTY\u201d, em Iowa, recebeu esta confirma\u00e7\u00e3o de que Maquiventa Melquizedeque era o atual Governador-Geral Residente de Ur\u00e2ntia (06.89, Maquiventa: &#8220;Ele est\u00e1 pedindo confirma\u00e7\u00e3o, \u00e9 certo que proceda assim. Um momento &#8230; voc\u00ea transmitir\u00e1 esta resposta: &#8230; Voc\u00ea est\u00e1 correto em seu entendimento de que eu, Maquiventa, um Melquizedeque, sou Governador Geral Residente do planeta Ur\u00e2ntia. Voc\u00ea solicitou autentica\u00e7\u00e3o dessas alega\u00e7\u00f5es&#8230; Em nome do Pai do Para\u00edso eu lhe dou confirma\u00e7\u00e3o: EU SOU &#8230; Este \u00e9 o fim da mensagem.&#8221;)<br><br>1989, 27 de julho \u2013 CARTA QUE COME\u00c7A TUDO NOS ESTADOS UNIDOS. Uma carta da Nova Zel\u00e2ndia chega \u00e0 casa de Thern Blackburn, que responde com perguntas e mais tarde come\u00e7a a estabelecer contato com a Miss\u00e3o Instrutora nos Estados Unidos. Esse pode n\u00e3o ser o primeiro grupo, mas \u00e9 certamente um dos primeiros em rela\u00e7\u00e3o \u00e0 miss\u00e3o nos EUA. (Carta arquivada na Nova Zel\u00e2ndia, em agosto de 1989). <br><br>1991, janeiro\/fevereiro \u2013 Ham faz contato inicial com o Grupo de Woods Cross e come\u00e7a li\u00e7\u00f5es semanais em 7 de mar\u00e7o, as quais foram gravadas, transcritas e enviadas a todos que solicitaram. Muitos da fam\u00edlia do Livro de Ur\u00e2ntia solicitaram essas transcri\u00e7\u00f5es semanais, no que foi o come\u00e7o do impulso que se tornou a Miss\u00e3o Instrutora.<br><br>1991, mar\u00e7o \u2013 ORGANIZA\u00c7\u00c3O. Ham \u00e9 anunciado como diretor\/coordenador da Miss\u00e3o Instrutora. Abra\u00e3o tamb\u00e9m visitou em algumas ocasi\u00f5es, explicando que o Instrutor Ham era Coordenador da Equipe Instrutora; e que Ham estava sob a dire\u00e7\u00e3o de Abra\u00e3o e Maquiventa.<br>1991, 27 de outubro \u2013 A instrutora Will se apresenta ao Grupo de Tallahassee, Fl\u00f3rida.<br><br>1991, dezembro \u2013 Will argumenta que os rumores de uma proposta materializa\u00e7\u00e3o de Gabriel em Utah, que n\u00e3o se realizou, n\u00e3o t\u00eam relev\u00e2ncia para o grupo.<br>1992, janeiro \u2013 PRIMEIROS 100 INSTRUTORES DESIGNADOS PARA UR\u00c2NTIA. Cem Instrutores s\u00e3o designados para o trabalho da Miss\u00e3o Instrutora. (Transcri\u00e7\u00e3o de Daniel em 13\/01\/92, p\u00e1g. 17).<br><br>1992, 1\u00ba de fevereiro \u2013 COME\u00c7A O TEMPO DE CORRE\u00c7\u00c3O EM UR\u00c2NTIA. Ham anuncia: &#8220;Este dia marca o in\u00edcio do Tempo de Corre\u00e7\u00e3o. Maquiventa Melquizedeque chegou e foi devidamente empossado como Pr\u00edncipe Planet\u00e1rio, em exerc\u00edcio, de Ur\u00e2ntia \u2013 miss\u00e3o que ele aceitou de Micael.&#8221; (Rebecca transmitiu esta sess\u00e3o para os presentes ao Conselho Geral da Fellowship, que n\u00e3o a receberam bem naquela reuni\u00e3o de Los Angeles).<br><br>1992, fevereiro \u2013 Come\u00e7a o Grupo de Sarasota \u2013 possivelmente como grupo experimental para a miss\u00e3o.<br><br>1992, mar\u00e7o \u2013 ESCOLAS MELQUIZEDEQUE. Os Melquizedeques estabelecer\u00e3o escolas materiais quando Ur\u00e2ntia estiver preparada. (Transcri\u00e7\u00e3o de Will em 29\/03\/92)<br><br>1992, 21 de agosto \u2013 MISS\u00c3O DE REDEN\u00c7\u00c3O AUTORIZADA PELOS ANCI\u00c3ES DOS DIAS. Gabriel chega e traz consigo a completa aprova\u00e7\u00e3o dos Anci\u00e3es dos Dias para que todos os 37 planetas envolvidos na Rebeli\u00e3o de L\u00facifer se submetam a uma miss\u00e3o de reden\u00e7\u00e3o. At\u00e9 essa data os Anci\u00e3es dos Dias tinham concedido apenas aprova\u00e7\u00e3o provis\u00f3ria para a Miss\u00e3o Instrutora. (Bertrand: transcri\u00e7\u00e3o de 25 de agosto de 1992)<br>1992 \u2013 UM CURSO DE MILAGRES \u00c9 COMENTADO: Bertrand (30\/10) &#8220;\u00c9 uma revela\u00e7\u00e3o pessoal entre um indiv\u00edduo e seu Ajustador do Pensamento. As diretrizes para o Curso de Milagres, a inspira\u00e7\u00e3o, \u00e9 definitivamente de Micael. N\u00e3o s\u00e3o diretamente palavras de Micael.&#8221;<br><br>1992, 11 de novembro \u2013 o Grupo de Elyon come\u00e7a em Coeur D\u2019Alene, Idaho. <br><br>1993, 24 de abril \u2013 A DEBACLE DE NAPERVILLE, ILLINOIS. A reuni\u00e3o no Holiday Inn de 225 entusiastas da Miss\u00e3o Instrutora esperava que Maquiventa Melquizedeque se materializasse. Esse evento representa o ponto alto em n\u00famero dos que seguiram e participaram da Miss\u00e3o Instrutora; a sa\u00edda dos sensacionalistas, depois desse evento, reduziu grandemente o n\u00famero de grupos.<br><br>1994, maio \u2013 MARGUL, FILHO INSTRUTOR DA TRINDADE, CONTATA UM GRUPO OCIDENTAL para assegurar que est\u00e3o sendo assentadas as funda\u00e7\u00f5es que possibilitar\u00e3o a visita de seres elevados em autoridade, para trazer uma nova idade espiritual para Ur\u00e2ntia, e que esse lan\u00e7amento de funda\u00e7\u00f5es \u00e9 a pr\u00f3pria miss\u00e3o, juntamente com outros projetos para soerguer Ur\u00e2ntia. <br><br>1994, 17 de maio \u2013 O Esp\u00edrito Materno, Nebad\u00f4nia, fala da PROCLAMA\u00c7\u00c3O e informa ao universo que Micael est\u00e1 retornando a Ur\u00e2ntia, e que N\u00e9badon espera o despertar da mente mortal para acreditar sua equipe e sua presen\u00e7a espiritual no futuro pr\u00f3ximo (Veja T\/R News Network. Editora Allene Vick, julho de 1995; p\u00e1g. 2)<br><br>1994, dezembro. Corlatia e Coronas, ARCANJOS, FALAM SOBRE O QUARTEL-GENERAL DIVISIONAL de sua ordem em Ur\u00e2ntia e sobre como ele ser\u00e1 utilizado para a inter-comunica\u00e7\u00e3o de mundos isolados, mas adiantam que agora os circuitos regulares est\u00e3o sendo reabertos e o circuito dos arcanjos ser\u00e1 utilizado para instituir novos tipos de comunica\u00e7\u00e3o, in\u00e9ditos aqui at\u00e9 agora. At\u00e9 mesmo o treinamento de arcanjos tem de ser feito, para que essa nova forma seja confi\u00e1vel em Ur\u00e2ntia. (Veja T\/R News Network; Editora Allene Vick, fevereiro de 1995; p\u00e1gs. 7 e 8).<br><br>1995, 30 de janeiro \u2013 ABRA\u00c3O REINICIA LI\u00c7\u00d5ES SEMANAIS, como fazia semanalmente na Nova Zel\u00e2ndia e para o Grupo de Wood Cross. Ham havia deixado, com Rebecca, a posi\u00e7\u00e3o de instrutor semanal em dezembro de 1992. O grupo foi orientado a digerir as palavras de Ham; quando estivesse pronto, um instrutor reiniciaria as li\u00e7\u00f5es.<br>1995 \u2013 Gavalia, uma Brilhante Estrela Vespertina, afirma que MICAEL ESTABELECEU UMA RESID\u00caNCIA PESSOAL EM UR\u00c2NTIA. A \u00eanfase \u00e9 de que isso \u00e9 importante, mas Micael n\u00e3o est\u00e1 em forma material (Veja T\/R News Network; Editora Allene Vick, setembro de 1995; p\u00e1g. 5).<br><br>1995, 8 de junho \u2013 NOVA DISPENSA\u00c7\u00c3O \u2013 Micael anuncia uma nova dispensa\u00e7\u00e3o que elimina os \u00faltimos vest\u00edgios da Rebeli\u00e3o de L\u00facifer. Levar\u00e1 anos para o n\u00edvel humano sentir seus efeitos. (Transcri\u00e7\u00e3o de Sarasota, Fl\u00f3rida, 8\/06\/95)<br><br>1995, outubro \u2013 O Instrutor Johnson fala sobre os preparativos de Micael para utilizar Ur\u00e2ntia para o comando de sua administra\u00e7\u00e3o e para administra\u00e7\u00e3o planet\u00e1ria. (T\/R News Network, agosto de 1996; p\u00e1g. 7)<br><br>1996, fevereiro \u2013 MAQUIVENTA MELQUIZEDEQUE SINTETIZA A MISS\u00c3O at\u00e9 aquela data. Todos os circuitos est\u00e3o restabelecidos entre S\u00e1lvington, Ed\u00eantia e Ur\u00e2ntia. Ur\u00e2ntia tem muitas centenas de milhares de membros do Corpo de Reserva do Destino, prontos a dar assist\u00eancia em caso de emerg\u00eancia planet\u00e1ria. (Veja T\/R News Network; Editora Allene Vick, p\u00e1gs. 9 e 10) <br><br>1996, mar\u00e7o \u2013 O POSS\u00cdVEL USO DE REFLETIVADORES \u00e9 anunciado. Rayson Melquizedeque transmite mensagem do Pai Melquizedeque, oferecendo encorajamento aos grupos da miss\u00e3o e adiantando que ele em algum momento transmitir\u00e1 li\u00e7\u00f5es por refletividade, por meio de um T\/R (transmisssor-receptor humano). Ser\u00e1 criada uma equipe de refletivadores humanos que ser\u00e3o \u201ccegados\u201d para transmitirem mensagens de refletividade sem saberem que o est\u00e3o fazendo e sem interferirem nelas. Essas mensagens ser\u00e3o transmitidas por interm\u00e9dio dos T\/Rs mais experientes. (Veja T\/R News Network de 04\/96; Editora Allene Vick; p\u00e1gs. 4 e 5; e p\u00e1g. 7).<br><br>1996, abril \u2013 PRIMEIRA LISTA DE MEMBROS DA MISS\u00c3O INSTRUTORA \u00e9 divulgada por Gerry Baker.1996, setembro \u2013 RECEP\u00c7\u00c3O PLANET\u00c1RIA DE TRANSMISS\u00d5ES. Rant\u00e1rason anuncia que durante a vida do grupo receptor as transmiss\u00f5es planet\u00e1rias para Ur\u00e2ntia ser\u00e3o reiniciadas e que quando isso acontecer, os que as receberem ter\u00e3o alguns momentos de desconforto at\u00e9 serem adaptados para elas. (T\/R News Network, 09\/96, p\u00e1gs. 6 e 7).<br> <br>1996, outubro e novembro \u2013 RECEP\u00c7\u00c3O DE TRANSMISS\u00d5ES DO SISTEMA SER\u00c1 ESTABELECIDA. Berca e Johnson confirmam que os Seres Intermedi\u00e1rios ajudar\u00e3o pessoas a receberem essas transmiss\u00f5es quando elas come\u00e7arem, e que os circuitos moronciais est\u00e3o sendo instalados, para sua recep\u00e7\u00e3o quando a autoriza\u00e7\u00e3o for concedida. (T\/R News Network, 11\/96, p\u00e1gs. 11 a 13) <br><br>1997, agosto \u2013 N\u00daMERO DE PROFESSORES AGORA \u00c9 ILIMITADO. Rayson anuncia a ilimitada expans\u00e3o do n\u00famero de instrutores dispon\u00edveis para o Tempo de Corre\u00e7\u00e3o, para a retifica\u00e7\u00e3o de Ur\u00e2ntia. Todos que procurarem um instrutor ter\u00e3o um.<br><br>1997, agosto YOGANANDA fala sobre sua participa\u00e7\u00e3o no planejamento da valoriza\u00e7\u00e3o e soerguimento do planeta pelo ensino. Esse instrutor, quando na terra, ensinou a reincarna\u00e7\u00e3o e foi convidado a estudar como aqueles termos poderiam ser empregados para ensinar os princ\u00edpios mais elevados da ascens\u00e3o. (Confer\u00eancia de Equipes em Colorado, Transcri\u00e7\u00f5es de 22 e 23 de agosto de 1997).<br><br>1998 \u2013 Um ano de consolida\u00e7\u00e3o para a Miss\u00e3o Instrutora, com os professores come\u00e7ando a consolidar o que \u00e9 disponibilizado para eles pelo universo, enquanto estabilizam os grupos que ainda participam da Miss\u00e3o Instrutora.<br><br>1999, agosto \u2013 A VINDA DE UM FILHO MAGISTERIAL \u00c9 ANUNCIADA. Maquiventa Melquizedeque anuncia, na SpiritFest 99, que Ur\u00e2ntia ir\u00e1 receber um Filho Magisterial, data de chegada desconhecida. Seu nome \u00e9 conhecido mas n\u00e3o revelado (veja nome dado em 15 de nov. de 2002) e ele \u00e9 conhecido como \u201cO Amado\u201d. (Em 18\/12\/99 Olfana confirmou o an\u00fancio sobre o Filho Magisterial e LinEl discorreu sobre o an\u00fancio em 16.02.00, assim como Andr\u00f4nason em 15\/09\/00)2000, 12 de novembro \u2013 O CONSELHO DOS 24 (Jer\u00fasem) anuncia apoiar as iniciativas humanas a respeito de esfor\u00e7os para \u201cAlian\u00e7as Entre Esp\u00e9cies\u201d e outras associa\u00e7\u00f5es. Cada manh\u00e3 o Conselho dos 24 oferece ao Corpo de Instrutores de Ur\u00e2ntia percep\u00e7\u00f5es c\u00f3smicas emergentes que resultam da religa\u00e7\u00e3o dos canais espirituais e de comunica\u00e7\u00e3o em Ur\u00e2ntia. O Conselho levar\u00e1 em conta a possibilidade de uma entrevista com um representante ou assistente do Governador-Geral Residente (Veja o arquivo: Councilof 24111200MidwayerInterest \u2013 e mais nos tmarchives.com).2000, dezembro \u2013 REABILITA\u00c7\u00c3O DE SERES INTERMEDI\u00c1RIOS. A volta de mais de 1.000 Seres Intermedi\u00e1rios reabilitados \u00e9 anunciada, para trabalharem pela reforma de Ur\u00e2ntia (V\u00e1rias transcri\u00e7\u00f5es, inclusive de Maquiventa Melquizedeque em 12\/2000 e do Grupo 11:11 de George Barnard, na Austr\u00e1lia).<br><br>2001, maio-junho \u2013 FASE II DA MISS\u00c3O. Maquiventa Melquizedeque anuncia que a Fase II da Miss\u00e3o Instrutora est\u00e1 para come\u00e7ar, com o prop\u00f3sito de incluir mais ampla recep\u00e7\u00e3o da miss\u00e3o pela popula\u00e7\u00e3o de Ur\u00e2ntia. Em 27 de maio de 2001 Maquiventa Melquizedeque declara Ur\u00e2ntia preparada para o contato com outros mundos (Transcri\u00e7\u00e3o de North Idaho). Novos circuitos est\u00e3o sendo abertos e as transmiss\u00f5es tamb\u00e9m ser\u00e3o mais f\u00e1ceis. Isaac, T\u00e9cnico Celestial, 2 de junho de 2001, transcri\u00e7\u00e3o do grupo 11:11 da Austr\u00e1lia.<br><br>2001, 27 de julho \u2013 O FILHO MAGISTERIAL CHEGOU. Abra\u00e3o, por meio de transcri\u00e7\u00e3o do grupo de SE Idaho nessa data anuncia a presen\u00e7a do Filho Magisterial em Ur\u00e2ntia, para come\u00e7ar sua miss\u00e3o planet\u00e1ria. A confirma\u00e7\u00e3o chegou por Cristo Micael e pelo pr\u00f3prio Filho Magisterial, em 10 de agosto de 2002, atrav\u00e9s do grupo instrutor do DC. Veja o Arquivo Hist\u00f3rico de Oliver Duex sobre o Filho Magisterial.<br><br>2001, 11 de setembro \u2013 ATAQUE TERRORISTA. Ataque aos Estados Unidos por terroristas. O complexo do World Trade Center em Nova Iorque \u00e9 derrubado por dois jatos de passageiros que se chocaram contra ele; o Pent\u00e1gono \u00e9 atingido por outro avi\u00e3o de passageiros. No oeste da Pensilv\u00e2nia um avi\u00e3o comercial se espatifou perto de Pittsburgh, depois que os passageiros lutaram contra os terroristas para evitar mais um ataque sobre Washington. Cerca de 3000 mortos. Veja as transcri\u00e7\u00f5es dessa data e depois, em v\u00e1rios grupos, com transmiss\u00f5es de Cristo Micael, Nebad\u00f4nia, Maquiventa Melquizedeque, Monj\u00f3ronson, Ham, Elyon e outros que comentaram a trag\u00e9dia.<br><br>2002, 27 de junho \u2013 NOVO SITE DO ARQUIVO NA INTERNET. O site tmarchives.com est\u00e1 pronto e operando como servi\u00e7o p\u00fablico, nessa data permitindo a busca de transcri\u00e7\u00f5es por palavras-chave pela primeira vez. Em 3 de janeiro de 2003 o site abriu sua se\u00e7\u00e3o \u201cBrowse\u201d ao p\u00fablico, para localizar as transcri\u00e7\u00f5es dos instrutores por t\u00edtulo e data.<br><br>2002, 15 de novembro \u2013 MISS\u00c3O MAGISTERIAL \u00c9 IMINENTE. O Filho Magisterial Monj\u00f3ronson anuncia: &#8220;Acredito perfeitamente que a minha miss\u00e3o come\u00e7ar\u00e1 em breve. Recebi a b\u00ean\u00e7\u00e3o de Micael e ele deixou a decis\u00e3o final comigo&#8221;. (Veja a transcri\u00e7\u00e3o do grupo de SE Idaho nessa data.)<br>2003, 3 de janeiro \u2013 O TRNN (Jornal da Rede de Transmissores\/Receptores) recome\u00e7ou sua publica\u00e7\u00e3o, ap\u00f3s um hiato de cerca de quatro anos. O jornal havia come\u00e7ado com Allene Vick na Fl\u00f3rida, no final de 1991 e continua com o mesmo formato, a partir da casa de Allene em Sterling, Virg\u00ednia.<br><br>2003, 20 de julho \u2013 PERIGOSOS. Monj\u00f3ronson opina que a esp\u00e9cie humana se desenvolveu bem em Ur\u00e2ntia, mas como a mente n\u00e3o evoluiu tamb\u00e9m espiritualmente, os humanos se tornaram perigosos para eles mesmos e para outros que se aproximarem deles. Monj\u00f3ronson tamb\u00e9m disse que o Governo Planet\u00e1rio cuidar\u00e1 da educa\u00e7\u00e3o b\u00e1sica para a verdade, enquanto que ele trabalhar\u00e1 de cima para baixo. A Miss\u00e3o Instrutora foi treinada para trabalhar no Tempo de Corre\u00e7\u00e3o, de forma a ter dispon\u00edveis indiv\u00edduos que entendam a natureza da corre\u00e7\u00e3o e cooperem para lev\u00e1-la adiante. (Veja arquivo em tmarchives.com: Elyon072003Monjoronson_Satisfaction_The Mission).<br><br>2004, 8 de janeiro \u2013 ARQUIVAMENTO. O Filho Magisterial solicita que a Miss\u00e3o Instrutora atualize seus arquivos, de forma a incluir outras informa\u00e7\u00f5es, inclusive brochuras, panfletos, FAQ\u2019s (perguntas freq\u00fcentemente formuladas) e outros elementos, em prepara\u00e7\u00e3o para seu aparecimento. O site informar\u00e1 uma audi\u00eancia muito mais ampla e dever\u00e1 estar concebido para eventualmente receber milh\u00f5es de visitas em curto per\u00edodo de tempo. Tmarchives contratou uma firma especializada logo depois, para expandir o que oferece e para fazer-se mais robusto, suportando mais intenso uso pela internet. (Veja nos tmarchives.com os arquivos Monjoronson010804Daniel Teaching Mission Archives &amp; Rayson021504MaintainingEquilibrium_Archives).<br> <br>2003, 29 de janeiro \u2013PROCLAMA\u00c7\u00c3O. Mais de uma d\u00fazia de mensagens foram recebidas nos Estados Unidos e outros pa\u00edses, anunciando dois novos itens distintos:<br> 1) o Filho Magisterial come\u00e7ar\u00e1 sua miss\u00e3o dentro de meses; e <br>2) Os Pais da Constela\u00e7\u00e3o anunciaram que o circuito de comunica\u00e7\u00e3o de S\u00e1lvington para Ur\u00e2ntia \u00e9 um sistema de transmiss\u00e3o por canais m\u00faltiplos que possibilitar\u00e1 enviar muitas mensagens simultaneamente e sem erro<br> (Veja o arquivo em tmarchives.com: Proclamation012904Monjoronson\u2019sMission-Clear Channel). <br><br>2004, 28 de fevereiro \u2013 O CAPIT\u00c3O ARMANDO falou em Celestial Nights, com a b\u00ean\u00e7\u00e3o do Conselho dos 24: \u201cN\u00f3s (esp\u00e9cies mortais extra-terrenas) sempre desejamos, desde os tempos antigos (em sua avalia\u00e7\u00e3o), prestar-lhes servi\u00e7os de maneira mais aberta. Este \u00e9 o come\u00e7o do reconhecimento de nossa presen\u00e7a entre voc\u00eas e ela se tornar\u00e1 mais aberta, mais pessoas do mundo reconhecer\u00e3o essa realidade e n\u00f3s tomaremos parte nas convers\u00f5es, no Tempo de Corre\u00e7\u00e3o. \u00c0s vezes, gostar\u00edamos que voc\u00eas soubessem que Micael cavalga conosco! Isto soa engra\u00e7ado, mas ele \u00e9 uma personalidade maravilhosa com quem se trabalhar. N\u00f3s desfrutamos de nossa associa\u00e7\u00e3o com ele e ansiamos desfrutar de uma associa\u00e7\u00e3o mais pr\u00f3xima com todos voc\u00eas. Por favor abram seus cora\u00e7\u00f5es para receber nossa presen\u00e7a com voc\u00eas, para que possamos trabalhar mais intimamente juntos. Quanto mais m\u00e3os n\u00f3s juntarmos em volta deste planeta e desse universo, maior ser\u00e1 a escala da revis\u00e3o no Tempo de Corre\u00e7\u00e3o. (Veja tmarchives.com, arquivo: Monjoronson022804 Michael-CptArmando-Aaron-Mach_Celestial Nights).<br><br>2004, 15 de abril \u2013 ORIENTA\u00c7\u00c3O SOBRE MUDAN\u00c7AS NO LIVRO DE UR\u00c2NTIA \u2013 Maquiventa Melquizedeque respondeu a pergunta sobre tais mudan\u00e7as e fez estes coment\u00e1rios: \u201cUm s\u00e9rio mandato foi emitido para a comiss\u00e3o de contato, no sentido de fazer todo esfor\u00e7o humanamente poss\u00edvel para manter puros a estrutura, a integridade e o conte\u00fado dos documentos de Ur\u00e2ntia. Tendo esse mandato, os indiv\u00edduos humanos participantes da comiss\u00e3o de contato fizeram o melhor que podiam para compilar, editar e incluir os documentos do Livro de Ur\u00e2ntia com a melhor das inten\u00e7\u00f5es e no limite de suas possibilidades, e eles cumpriram seu mandato para cumprir essas exig\u00eancias. Tais exig\u00eancias n\u00e3o foram formuladas para uma institui\u00e7\u00e3o, mas para um grupo de indiv\u00edduos presentes, e portanto surge a discuss\u00e3o sobre o prop\u00f3sito de mudar o texto. Cada gera\u00e7\u00e3o ter\u00e1 de retomar essa discuss\u00e3o, atrav\u00e9s das idades. Mantemos imutadas palavra por palavra as escrituras? Inclu\u00edmos linguagem comum e normal na \u00e9poca, para fazer a mensagem mais interessante? Removemos se\u00e7\u00f5es que se tornaram politicamente incorretas? Estes s\u00e3o temas em progresso, boa causa para discuss\u00e3o e debate. A motiva\u00e7\u00e3o que voc\u00eas t\u00eam para tentar melhorar o que trabalham \u00e9 o primeiro aspecto dispon\u00edvel, e se podem discutir os detalhes de como um indiv\u00edduo motivado consegue fazer melhor, mas a realidade espiritual de sua a\u00e7\u00e3o \u00e9 um desejo de ser \u00fatil, ser produtivo, ser ben\u00e9fico ao processo. Essa motiva\u00e7\u00e3o \u00e9 bem apreciada no reino espiritual mas voc\u00eas devem, entretanto, responder a seus irm\u00e3os e irm\u00e3s no reino material, eles podem discutir sua maneira de reorganizar ou editar qualquer parte do texto sem dar completo cr\u00e9dito do que fizeram. Voc\u00eas s\u00e3o livres para editar e comentar segundo o desejo de seus cora\u00e7\u00f5es, desde que seus acr\u00e9scimos e coment\u00e1rios estejam claramente expostos como tais e n\u00e3o indicados como parte do texto. Em outros aspectos observamos a motiva\u00e7\u00e3o, observamos a inten\u00e7\u00e3o &#8230;\u201d <br>(Veja arquivo em tmarchives.com: Machiventa041504TeleconferencePolicy On Urantia Book Modification).<br><br>2004, 18 de abril \u2013 COMBINA\u00c7\u00c3O MORONCIAL. Por v\u00e1rios meses a Miss\u00e3o Instrutora vem recebendo informa\u00e7\u00f5es sobre a experi\u00eancia de combinar certas realidades da mente moroncial com a mente existente em Ur\u00e2ntia, particularmente junto aos integrantes dos grupos instrutores. Nessa data um instrutor Melquizedeque (Sondjah Melquizedeque), comissionada para ensinar aos seres moronciais nos mundos de mans\u00f5es, dirigiu-se ao grupo de North Colorado a respeito dessa possibilidade e como as mudan\u00e7as seriam percebidas quando a experi\u00eancia come\u00e7asse. Para mais detalhes sobre essas mudan\u00e7as e seu significado, leia os arquivos de refer\u00eancia aqui anotados.<br> <br>(Veja arquivos dos tmarchives.com: Sondjah Melchizedek041804 NO Colorado Rayson \u2013 A Morontia Education &amp; SondjahMelchizedek 052304Rayson_The Spectrum Of Consciousness, e li\u00e7\u00f5es adicionais na s\u00e9rie)<br><br>FIM<br>\n\n\n\n<p><sub>Cronologia Original Produzida em 5 de Janeiro de 2001<br>Edi\u00e7\u00e3o: Calvin McKee, 20 de Janeiro de 2001.<br>Acr\u00e9scimos em 07\/10\/01; 24\/01\/03; 07\/06\/04;<br>Esta Cronologia \u00e9 uma obra em andamento.<br>Traduzido por Frederico Abbott Galv\u00e3o. Bras\u00edlia 02 de Agosto de 2004.<\/sub><\/p>\n\n\n<p><!--EndFragment--><br>\n<br>\n<\/p>","protected":false},"excerpt":{"rendered":"<p>Miss\u00e3o Instrutora, 1978-2004, Uma Cronologia da Miss\u00e3o Instrutora&nbsp; Coment\u00e1rios do Editor:A verdadeira cronologia para o que ficou conhecido como Miss\u00e3o Instrutora come\u00e7ou fora da vista humana, nas esferas espirituais, h\u00e1 2.000 anos, depois que Micael completou seu auto-outorgamento na terra como Jesus de Nazar\u00e9. Diz-se [&hellip;]<\/p>\n","protected":false},"author":1,"featured_media":0,"parent":0,"menu_order":0,"comment_status":"closed","ping_status":"closed","template":"","meta":{"footnotes":""},"class_list":["post-717","page","type-page","status-publish","hentry"],"_links":{"self":[{"href":"https:\/\/tmarchives.com.br\/wp\/index.php?rest_route=\/wp\/v2\/pages\/717","targetHints":{"allow":["GET"]}}],"collection":[{"href":"https:\/\/tmarchives.com.br\/wp\/index.php?rest_route=\/wp\/v2\/pages"}],"about":[{"href":"https:\/\/tmarchives.com.br\/wp\/index.php?rest_route=\/wp\/v2\/types\/page"}],"author":[{"embeddable":true,"href":"https:\/\/tmarchives.com.br\/wp\/index.php?rest_route=\/wp\/v2\/users\/1"}],"replies":[{"embeddable":true,"href":"https:\/\/tmarchives.com.br\/wp\/index.php?rest_route=%2Fwp%2Fv2%2Fcomments&post=717"}],"version-history":[{"count":2,"href":"https:\/\/tmarchives.com.br\/wp\/index.php?rest_route=\/wp\/v2\/pages\/717\/revisions"}],"predecessor-version":[{"id":720,"href":"https:\/\/tmarchives.com.br\/wp\/index.php?rest_route=\/wp\/v2\/pages\/717\/revisions\/720"}],"wp:attachment":[{"href":"https:\/\/tmarchives.com.br\/wp\/index.php?rest_route=%2Fwp%2Fv2%2Fmedia&parent=717"}],"curies":[{"name":"wp","href":"https:\/\/api.w.org\/{rel}","templated":true}]}}