{"id":6369,"date":"2024-01-05T13:46:32","date_gmt":"2024-01-05T13:46:32","guid":{"rendered":"https:\/\/tmarchives.com.br\/wp\/?page_id=6369"},"modified":"2024-01-05T13:46:32","modified_gmt":"2024-01-05T13:46:32","slug":"sem-fim","status":"publish","type":"page","link":"https:\/\/tmarchives.com.br\/wp\/?page_id=6369","title":{"rendered":"Sem fim"},"content":{"rendered":"<div class=\"wp-block-image\">\n<figure class=\"aligncenter size-full is-resized\"><img loading=\"lazy\" decoding=\"async\" width=\"700\" height=\"398\" src=\"https:\/\/tmarchives.com.br\/wp\/wp-content\/uploads\/2024\/01\/shutterstock_105479183-pan-700px.jpg\" alt=\"\" class=\"wp-image-6370\" style=\"width:542px;height:auto\" srcset=\"https:\/\/tmarchives.com.br\/wp\/wp-content\/uploads\/2024\/01\/shutterstock_105479183-pan-700px.jpg 700w, https:\/\/tmarchives.com.br\/wp\/wp-content\/uploads\/2024\/01\/shutterstock_105479183-pan-700px-300x171.jpg 300w\" sizes=\"auto, (max-width: 700px) 100vw, 700px\" \/><\/figure>\n<\/div>\n\n\n<figure class=\"wp-block-pullquote is-style-default has-border-color\" style=\"border-color:#0693e3\"><blockquote><p>&#8220;Do ponto de vista pr\u00e1tico, os fil\u00f3sofos do universo chegaram \u00e0 conclus\u00e3o <br>de que n\u00e3o existe isso como um fim&#8221;.<\/p><\/blockquote><\/figure>\n\n\n\n<p class=\"has-text-align-center\">115:3.17 (1263.4)<\/p>\n\n\n\n<p>Fonte:<\/p>\n\n\n\n<p align=\"center\"><strong><a href=\"https:\/\/www.urantia.org\/\"  class=\"pag\">Urantia Foundation | 533 Diversey Parkway, Chicago, IL 60614<\/a><\/strong><\/p><\/p>\n\n\n<p class=\"has-text-align-right\">\u00a0<\/p>\n<p style=\"text-align: right;\"><a class=\"pag\" href=\"https:\/\/tmarchives.com.br\/wp\/?page_id=2090\">Voltar<\/a><\/p>\n\n\n<p><\/p>\n","protected":false},"excerpt":{"rendered":"<p>&#8220;Do ponto de vista pr\u00e1tico, os fil\u00f3sofos do universo chegaram \u00e0 conclus\u00e3o de que n\u00e3o existe isso como um fim&#8221;. 115:3.17 (1263.4) Fonte: Urantia Foundation | 533 Diversey Parkway, Chicago, IL 60614 \u00a0 Voltar<\/p>\n","protected":false},"author":1,"featured_media":0,"parent":0,"menu_order":0,"comment_status":"closed","ping_status":"closed","template":"","meta":{"footnotes":""},"class_list":["post-6369","page","type-page","status-publish","hentry"],"_links":{"self":[{"href":"https:\/\/tmarchives.com.br\/wp\/index.php?rest_route=\/wp\/v2\/pages\/6369","targetHints":{"allow":["GET"]}}],"collection":[{"href":"https:\/\/tmarchives.com.br\/wp\/index.php?rest_route=\/wp\/v2\/pages"}],"about":[{"href":"https:\/\/tmarchives.com.br\/wp\/index.php?rest_route=\/wp\/v2\/types\/page"}],"author":[{"embeddable":true,"href":"https:\/\/tmarchives.com.br\/wp\/index.php?rest_route=\/wp\/v2\/users\/1"}],"replies":[{"embeddable":true,"href":"https:\/\/tmarchives.com.br\/wp\/index.php?rest_route=%2Fwp%2Fv2%2Fcomments&post=6369"}],"version-history":[{"count":1,"href":"https:\/\/tmarchives.com.br\/wp\/index.php?rest_route=\/wp\/v2\/pages\/6369\/revisions"}],"predecessor-version":[{"id":6371,"href":"https:\/\/tmarchives.com.br\/wp\/index.php?rest_route=\/wp\/v2\/pages\/6369\/revisions\/6371"}],"wp:attachment":[{"href":"https:\/\/tmarchives.com.br\/wp\/index.php?rest_route=%2Fwp%2Fv2%2Fmedia&parent=6369"}],"curies":[{"name":"wp","href":"https:\/\/api.w.org\/{rel}","templated":true}]}}