{"id":6360,"date":"2024-01-05T13:34:55","date_gmt":"2024-01-05T13:34:55","guid":{"rendered":"https:\/\/tmarchives.com.br\/wp\/?page_id=6360"},"modified":"2024-01-05T13:40:47","modified_gmt":"2024-01-05T13:40:47","slug":"como-entramos-no-reino","status":"publish","type":"page","link":"https:\/\/tmarchives.com.br\/wp\/?page_id=6360","title":{"rendered":"Como entramos no Reino"},"content":{"rendered":"<div class=\"wp-block-image\">\n<figure class=\"aligncenter size-full\"><img loading=\"lazy\" decoding=\"async\" width=\"700\" height=\"140\" src=\"https:\/\/tmarchives.com.br\/wp\/wp-content\/uploads\/2024\/01\/shutterstock_504046882.jpg\" alt=\"\" class=\"wp-image-6361\" srcset=\"https:\/\/tmarchives.com.br\/wp\/wp-content\/uploads\/2024\/01\/shutterstock_504046882.jpg 700w, https:\/\/tmarchives.com.br\/wp\/wp-content\/uploads\/2024\/01\/shutterstock_504046882-300x60.jpg 300w\" sizes=\"auto, (max-width: 700px) 100vw, 700px\" \/><\/figure>\n<\/div>\n\n\n<figure class=\"wp-block-pullquote is-style-default has-border-color\" style=\"border-color:#0693e3\"><blockquote><p><\/p><cite>&#8220;Os filhos deste mundo lutam pelo estabelecimento e amplia\u00e7\u00e3o dos reinos deste mundo, mas meus disc\u00edpulos entrar\u00e3o no reino dos c\u00e9us por suas decis\u00f5es morais e por suas vit\u00f3rias espirituais; e quando entrarem nela, encontrar\u00e3o alegria, justi\u00e7a e vida eterna.&#8221;<\/cite><\/blockquote><\/figure>\n\n\n\n<p class=\"has-text-align-center\">( 1536.4) 137:8.7<\/p>\n\n\n\n<p>Fonte:<\/p>\n\n\n\n<p align=\"center\"><strong><a href=\"https:\/\/www.urantia.org\/\"  class=\"pag\">Urantia Foundation | 533 Diversey Parkway, Chicago, IL 60614<\/a><\/strong><\/p><\/p>\n\n\n<p class=\"has-text-align-right\">\u00a0<\/p>\n<p style=\"text-align: right;\"><a class=\"pag\" href=\"https:\/\/tmarchives.com.br\/wp\/?page_id=2090\">Voltar<\/a><\/p>\n\n\n<p><\/p>\n\n\n\n<p><\/p>\n","protected":false},"excerpt":{"rendered":"<p>&#8220;Os filhos deste mundo lutam pelo estabelecimento e amplia\u00e7\u00e3o dos reinos deste mundo, mas meus disc\u00edpulos entrar\u00e3o no reino dos c\u00e9us por suas decis\u00f5es morais e por suas vit\u00f3rias espirituais; e quando entrarem nela, encontrar\u00e3o alegria, justi\u00e7a e vida eterna.&#8221; ( 1536.4) 137:8.7 Fonte: Urantia [&hellip;]<\/p>\n","protected":false},"author":1,"featured_media":0,"parent":0,"menu_order":0,"comment_status":"closed","ping_status":"closed","template":"","meta":{"footnotes":""},"class_list":["post-6360","page","type-page","status-publish","hentry"],"_links":{"self":[{"href":"https:\/\/tmarchives.com.br\/wp\/index.php?rest_route=\/wp\/v2\/pages\/6360","targetHints":{"allow":["GET"]}}],"collection":[{"href":"https:\/\/tmarchives.com.br\/wp\/index.php?rest_route=\/wp\/v2\/pages"}],"about":[{"href":"https:\/\/tmarchives.com.br\/wp\/index.php?rest_route=\/wp\/v2\/types\/page"}],"author":[{"embeddable":true,"href":"https:\/\/tmarchives.com.br\/wp\/index.php?rest_route=\/wp\/v2\/users\/1"}],"replies":[{"embeddable":true,"href":"https:\/\/tmarchives.com.br\/wp\/index.php?rest_route=%2Fwp%2Fv2%2Fcomments&post=6360"}],"version-history":[{"count":3,"href":"https:\/\/tmarchives.com.br\/wp\/index.php?rest_route=\/wp\/v2\/pages\/6360\/revisions"}],"predecessor-version":[{"id":6367,"href":"https:\/\/tmarchives.com.br\/wp\/index.php?rest_route=\/wp\/v2\/pages\/6360\/revisions\/6367"}],"wp:attachment":[{"href":"https:\/\/tmarchives.com.br\/wp\/index.php?rest_route=%2Fwp%2Fv2%2Fmedia&parent=6360"}],"curies":[{"name":"wp","href":"https:\/\/api.w.org\/{rel}","templated":true}]}}