{"id":6354,"date":"2024-01-05T13:27:45","date_gmt":"2024-01-05T13:27:45","guid":{"rendered":"https:\/\/tmarchives.com.br\/wp\/?page_id=6354"},"modified":"2024-01-05T13:27:45","modified_gmt":"2024-01-05T13:27:45","slug":"crer-como-jesus-acreditava","status":"publish","type":"page","link":"https:\/\/tmarchives.com.br\/wp\/?page_id=6354","title":{"rendered":"Crer como Jesus Acreditava"},"content":{"rendered":"<div class=\"wp-block-image\">\n<figure class=\"aligncenter size-full\"><img loading=\"lazy\" decoding=\"async\" width=\"700\" height=\"270\" src=\"https:\/\/tmarchives.com.br\/wp\/wp-content\/uploads\/2024\/01\/shutterstock_524596420.jpg\" alt=\"\" class=\"wp-image-6334\" srcset=\"https:\/\/tmarchives.com.br\/wp\/wp-content\/uploads\/2024\/01\/shutterstock_524596420.jpg 700w, https:\/\/tmarchives.com.br\/wp\/wp-content\/uploads\/2024\/01\/shutterstock_524596420-300x116.jpg 300w\" sizes=\"auto, (max-width: 700px) 100vw, 700px\" \/><\/figure>\n<\/div>\n\n\n<figure class=\"wp-block-pullquote is-style-default has-border-color\" style=\"border-color:#0693e3\"><blockquote><p>&#8220;Ele tomou decis\u00f5es robustas e viris, enfrentou corajosamente m\u00faltiplas decep\u00e7\u00f5es, superou resolutamente dificuldades extraordin\u00e1rias e enfrentou com firmeza as severas exig\u00eancias do dever. Exigia uma vontade forte e uma confian\u00e7a infal\u00edvel para acreditar no que Jesus acreditava e como ele acreditava.&#8221;<\/p><\/blockquote><\/figure>\n\n\n\n<p class=\"has-text-align-center\">196:0.14 (2090.1)<\/p>\n\n\n\n<p>Fonte:<\/p>\n\n\n\n<p align=\"center\"><strong><a href=\"https:\/\/www.urantia.org\/\"  class=\"pag\">Urantia Foundation | 533 Diversey Parkway, Chicago, IL 60614<\/a><\/strong><\/p><\/p>\n\n\n<p class=\"has-text-align-right\">\u00a0<\/p>\n<p style=\"text-align: right;\"><a class=\"pag\" href=\"https:\/\/tmarchives.com.br\/wp\/?page_id=2090\">Voltar<\/a><\/p>\n\n\n<p><\/p>\n","protected":false},"excerpt":{"rendered":"<p>&#8220;Ele tomou decis\u00f5es robustas e viris, enfrentou corajosamente m\u00faltiplas decep\u00e7\u00f5es, superou resolutamente dificuldades extraordin\u00e1rias e enfrentou com firmeza as severas exig\u00eancias do dever. Exigia uma vontade forte e uma confian\u00e7a infal\u00edvel para acreditar no que Jesus acreditava e como ele acreditava.&#8221; 196:0.14 (2090.1) Fonte: Urantia [&hellip;]<\/p>\n","protected":false},"author":1,"featured_media":0,"parent":0,"menu_order":0,"comment_status":"closed","ping_status":"closed","template":"","meta":{"footnotes":""},"class_list":["post-6354","page","type-page","status-publish","hentry"],"_links":{"self":[{"href":"https:\/\/tmarchives.com.br\/wp\/index.php?rest_route=\/wp\/v2\/pages\/6354","targetHints":{"allow":["GET"]}}],"collection":[{"href":"https:\/\/tmarchives.com.br\/wp\/index.php?rest_route=\/wp\/v2\/pages"}],"about":[{"href":"https:\/\/tmarchives.com.br\/wp\/index.php?rest_route=\/wp\/v2\/types\/page"}],"author":[{"embeddable":true,"href":"https:\/\/tmarchives.com.br\/wp\/index.php?rest_route=\/wp\/v2\/users\/1"}],"replies":[{"embeddable":true,"href":"https:\/\/tmarchives.com.br\/wp\/index.php?rest_route=%2Fwp%2Fv2%2Fcomments&post=6354"}],"version-history":[{"count":1,"href":"https:\/\/tmarchives.com.br\/wp\/index.php?rest_route=\/wp\/v2\/pages\/6354\/revisions"}],"predecessor-version":[{"id":6355,"href":"https:\/\/tmarchives.com.br\/wp\/index.php?rest_route=\/wp\/v2\/pages\/6354\/revisions\/6355"}],"wp:attachment":[{"href":"https:\/\/tmarchives.com.br\/wp\/index.php?rest_route=%2Fwp%2Fv2%2Fmedia&parent=6354"}],"curies":[{"name":"wp","href":"https:\/\/api.w.org\/{rel}","templated":true}]}}