{"id":6341,"date":"2024-01-04T19:01:09","date_gmt":"2024-01-04T19:01:09","guid":{"rendered":"https:\/\/tmarchives.com.br\/wp\/?page_id=6341"},"modified":"2024-01-04T19:07:27","modified_gmt":"2024-01-04T19:07:27","slug":"um-administrador-sabio","status":"publish","type":"page","link":"https:\/\/tmarchives.com.br\/wp\/?page_id=6341","title":{"rendered":"Um administrador s\u00e1bio"},"content":{"rendered":"<div class=\"wp-block-image\">\n<figure class=\"aligncenter size-full\"><img loading=\"lazy\" decoding=\"async\" width=\"700\" height=\"281\" src=\"https:\/\/tmarchives.com.br\/wp\/wp-content\/uploads\/2024\/01\/JF-8052_700px.jpg\" alt=\"\" class=\"wp-image-6342\" srcset=\"https:\/\/tmarchives.com.br\/wp\/wp-content\/uploads\/2024\/01\/JF-8052_700px.jpg 700w, https:\/\/tmarchives.com.br\/wp\/wp-content\/uploads\/2024\/01\/JF-8052_700px-300x120.jpg 300w\" sizes=\"auto, (max-width: 700px) 100vw, 700px\" \/><\/figure>\n<\/div>\n\n\n<figure class=\"wp-block-pullquote is-style-default has-border-color\" style=\"border-color:#0693e3\"><blockquote><p>&#8220;Eu administraria a riqueza material como um administrador s\u00e1bio e eficaz dos recursos de uma gera\u00e7\u00e3o para o benef\u00edcio e enobrecimento das gera\u00e7\u00f5es seguintes e seguintes.&#8221;<\/p><\/blockquote><\/figure>\n\n\n\n<p class=\"has-text-align-center\"> 132:5.1 ( 1462.2)<\/p>\n\n\n\n<p>Fonte:<\/p>\n\n\n\n<p align=\"center\"><strong><a href=\"https:\/\/www.urantia.org\/\"  class=\"pag\">Urantia Foundation | 533 Diversey Parkway, Chicago, IL 60614<\/a><\/strong><\/p><\/p>\n\n\n<p style=\"text-align: right;\"><a class=\"pag\" href=\"https:\/\/tmarchives.com.br\/wp\/?page_id=2090\">Voltar<\/a><\/p>\n\n\n<p><\/p>\n","protected":false},"excerpt":{"rendered":"<p>&#8220;Eu administraria a riqueza material como um administrador s\u00e1bio e eficaz dos recursos de uma gera\u00e7\u00e3o para o benef\u00edcio e enobrecimento das gera\u00e7\u00f5es seguintes e seguintes.&#8221; 132:5.1 ( 1462.2) Fonte: Urantia Foundation | 533 Diversey Parkway, Chicago, IL 60614 Voltar<\/p>\n","protected":false},"author":1,"featured_media":0,"parent":0,"menu_order":0,"comment_status":"closed","ping_status":"closed","template":"","meta":{"footnotes":""},"class_list":["post-6341","page","type-page","status-publish","hentry"],"_links":{"self":[{"href":"https:\/\/tmarchives.com.br\/wp\/index.php?rest_route=\/wp\/v2\/pages\/6341","targetHints":{"allow":["GET"]}}],"collection":[{"href":"https:\/\/tmarchives.com.br\/wp\/index.php?rest_route=\/wp\/v2\/pages"}],"about":[{"href":"https:\/\/tmarchives.com.br\/wp\/index.php?rest_route=\/wp\/v2\/types\/page"}],"author":[{"embeddable":true,"href":"https:\/\/tmarchives.com.br\/wp\/index.php?rest_route=\/wp\/v2\/users\/1"}],"replies":[{"embeddable":true,"href":"https:\/\/tmarchives.com.br\/wp\/index.php?rest_route=%2Fwp%2Fv2%2Fcomments&post=6341"}],"version-history":[{"count":2,"href":"https:\/\/tmarchives.com.br\/wp\/index.php?rest_route=\/wp\/v2\/pages\/6341\/revisions"}],"predecessor-version":[{"id":6346,"href":"https:\/\/tmarchives.com.br\/wp\/index.php?rest_route=\/wp\/v2\/pages\/6341\/revisions\/6346"}],"wp:attachment":[{"href":"https:\/\/tmarchives.com.br\/wp\/index.php?rest_route=%2Fwp%2Fv2%2Fmedia&parent=6341"}],"curies":[{"name":"wp","href":"https:\/\/api.w.org\/{rel}","templated":true}]}}