{"id":6336,"date":"2024-01-04T14:03:52","date_gmt":"2024-01-04T14:03:52","guid":{"rendered":"https:\/\/tmarchives.com.br\/wp\/?page_id=6336"},"modified":"2024-01-04T14:08:17","modified_gmt":"2024-01-04T14:08:17","slug":"crescimento-educacional","status":"publish","type":"page","link":"https:\/\/tmarchives.com.br\/wp\/?page_id=6336","title":{"rendered":"Crescimento Educacional"},"content":{"rendered":"<div class=\"wp-block-image\">\n<figure class=\"aligncenter size-full\"><img loading=\"lazy\" decoding=\"async\" width=\"700\" height=\"270\" src=\"https:\/\/tmarchives.com.br\/wp\/wp-content\/uploads\/2024\/01\/shutterstock_524596420.jpg\" alt=\"\" class=\"wp-image-6334\" srcset=\"https:\/\/tmarchives.com.br\/wp\/wp-content\/uploads\/2024\/01\/shutterstock_524596420.jpg 700w, https:\/\/tmarchives.com.br\/wp\/wp-content\/uploads\/2024\/01\/shutterstock_524596420-300x116.jpg 300w\" sizes=\"auto, (max-width: 700px) 100vw, 700px\" \/><\/figure>\n<\/div>\n\n\n<figure class=\"wp-block-pullquote is-style-default has-border-color\" style=\"border-color:#0693e3\"><blockquote><p>\u201cO verdadeiro crescimento educacional \u00e9 indicado pelo aprimoramento de ideais, maior aprecia\u00e7\u00e3o de valores, novos significados de valores e maior lealdade aos valores supremos.\u201d<\/p><\/blockquote><\/figure>\n\n\n\n<p class=\"has-text-align-center\">100:1.3 (1094.5)<\/p>\n\n\n\n<p>Fonte:<\/p>\n\n\n\n<p align=\"center\"><strong><a href=\"https:\/\/www.urantia.org\/\"  class=\"pag\">Urantia Foundation | 533 Diversey Parkway, Chicago, IL 60614<\/a><\/strong><\/p><\/p>\n\n\n<p class=\"has-text-align-right\">\u00a0<\/p>\n<p style=\"text-align: right;\"><a class=\"pag\" href=\"https:\/\/tmarchives.com.br\/wp\/?page_id=2090\">Voltar<\/a><\/p>\n\n\n<p><\/p>\n","protected":false},"excerpt":{"rendered":"<p>\u201cO verdadeiro crescimento educacional \u00e9 indicado pelo aprimoramento de ideais, maior aprecia\u00e7\u00e3o de valores, novos significados de valores e maior lealdade aos valores supremos.\u201d 100:1.3 (1094.5) Fonte: Urantia Foundation | 533 Diversey Parkway, Chicago, IL 60614 \u00a0 Voltar<\/p>\n","protected":false},"author":1,"featured_media":0,"parent":0,"menu_order":0,"comment_status":"closed","ping_status":"closed","template":"","meta":{"footnotes":""},"class_list":["post-6336","page","type-page","status-publish","hentry"],"_links":{"self":[{"href":"https:\/\/tmarchives.com.br\/wp\/index.php?rest_route=\/wp\/v2\/pages\/6336","targetHints":{"allow":["GET"]}}],"collection":[{"href":"https:\/\/tmarchives.com.br\/wp\/index.php?rest_route=\/wp\/v2\/pages"}],"about":[{"href":"https:\/\/tmarchives.com.br\/wp\/index.php?rest_route=\/wp\/v2\/types\/page"}],"author":[{"embeddable":true,"href":"https:\/\/tmarchives.com.br\/wp\/index.php?rest_route=\/wp\/v2\/users\/1"}],"replies":[{"embeddable":true,"href":"https:\/\/tmarchives.com.br\/wp\/index.php?rest_route=%2Fwp%2Fv2%2Fcomments&post=6336"}],"version-history":[{"count":2,"href":"https:\/\/tmarchives.com.br\/wp\/index.php?rest_route=\/wp\/v2\/pages\/6336\/revisions"}],"predecessor-version":[{"id":6340,"href":"https:\/\/tmarchives.com.br\/wp\/index.php?rest_route=\/wp\/v2\/pages\/6336\/revisions\/6340"}],"wp:attachment":[{"href":"https:\/\/tmarchives.com.br\/wp\/index.php?rest_route=%2Fwp%2Fv2%2Fmedia&parent=6336"}],"curies":[{"name":"wp","href":"https:\/\/api.w.org\/{rel}","templated":true}]}}