{"id":3624,"date":"2021-11-03T04:12:31","date_gmt":"2021-11-03T04:12:31","guid":{"rendered":"https:\/\/tmarchives.com.br\/wp\/?page_id=3624"},"modified":"2021-11-03T04:13:13","modified_gmt":"2021-11-03T04:13:13","slug":"o-libertador-do-mundo","status":"publish","type":"page","link":"https:\/\/tmarchives.com.br\/wp\/?page_id=3624","title":{"rendered":"O Libertador do Mundo"},"content":{"rendered":"\n<div class=\"wp-block-image\"><figure class=\"aligncenter size-full\"><img loading=\"lazy\" decoding=\"async\" width=\"700\" height=\"227\" src=\"https:\/\/tmarchives.com.br\/wp\/wp-content\/uploads\/2021\/11\/imagem223.jpg\" alt=\"\" class=\"wp-image-3627\" srcset=\"https:\/\/tmarchives.com.br\/wp\/wp-content\/uploads\/2021\/11\/imagem223.jpg 700w, https:\/\/tmarchives.com.br\/wp\/wp-content\/uploads\/2021\/11\/imagem223-300x97.jpg 300w\" sizes=\"auto, (max-width: 700px) 100vw, 700px\" \/><\/figure><\/div>\n\n\n\n<figure class=\"wp-block-pullquote is-style-default\" style=\"border-color:#0693e3\"><blockquote><p>&#8220;Jesus n\u00e3o era o Messias que os judeus previam, mas ele era o libertador do mundo. Sua miss\u00e3o era para todas as ra\u00e7as e povos, n\u00e3o para um grupo qualquer.&#8221;<\/p><\/blockquote><\/figure>\n\n\n\n<p class=\"has-text-align-center\"><a class=\"pag\" href=\"https:\/\/r20.rs6.net\/tn.jsp?f=001VsGDa3Zi555yQaDse78GEZb53rqNmrx4_dSjqRhOEiODZ9QdkaK8Qds1nZj6m4yca16rdA3QIqOx6SaMw4AlT1mEk95RjtnbII_bCa2pjUoqss541xzHipKG4vX10aeR8nbqDf_ncLW2CQKZE3wjDfOMEke6LfVXat80_S_bcz7dbGI5698EzZMTHInwb73b0qd6vvbDaq4GoP6VOLV368dpK78M3l5ghNb_Abe8ucxo-S6S7OrK5w==&amp;c=vvIrw1knruhzrbcqA4cRKx3aRmp38b4uYKvDr_7TZ-KTnDAdY3cHOA==&amp;ch=yi8ZsZTYXMAPF324aky_c8aDi2eQN5iOH-hNXv5ZlZaR4N8HS819nA==\" target=\"_blank\" rel=\"noreferrer noopener\">(122:4.2) 1347.4<\/a><\/p>\n\n\n\n<p>Fonte:<\/p>\n\n\n\n<p align=\"center\"><strong><a href=\"https:\/\/www.urantia.org\/\"  class=\"pag\">Urantia Foundation | 533 Diversey Parkway, Chicago, IL 60614<\/a><\/strong><\/p><\/p>\n\n\n<p class=\"has-text-align-right\">&nbsp;<\/p>\n<p style=\"text-align: right;\"><a class=\"pag\" href=\"https:\/\/tmarchives.com.br\/wp\/?page_id=3037\">Voltar<\/a><\/p>\n\n\n<p><\/p>\n","protected":false},"excerpt":{"rendered":"<p>&#8220;Jesus n\u00e3o era o Messias que os judeus previam, mas ele era o libertador do mundo. Sua miss\u00e3o era para todas as ra\u00e7as e povos, n\u00e3o para um grupo qualquer.&#8221; (122:4.2) 1347.4 Fonte: Urantia Foundation | 533 Diversey Parkway, Chicago, IL 60614 &nbsp; Voltar<\/p>\n","protected":false},"author":1,"featured_media":0,"parent":0,"menu_order":0,"comment_status":"closed","ping_status":"closed","template":"","meta":{"footnotes":""},"class_list":["post-3624","page","type-page","status-publish","hentry"],"_links":{"self":[{"href":"https:\/\/tmarchives.com.br\/wp\/index.php?rest_route=\/wp\/v2\/pages\/3624","targetHints":{"allow":["GET"]}}],"collection":[{"href":"https:\/\/tmarchives.com.br\/wp\/index.php?rest_route=\/wp\/v2\/pages"}],"about":[{"href":"https:\/\/tmarchives.com.br\/wp\/index.php?rest_route=\/wp\/v2\/types\/page"}],"author":[{"embeddable":true,"href":"https:\/\/tmarchives.com.br\/wp\/index.php?rest_route=\/wp\/v2\/users\/1"}],"replies":[{"embeddable":true,"href":"https:\/\/tmarchives.com.br\/wp\/index.php?rest_route=%2Fwp%2Fv2%2Fcomments&post=3624"}],"version-history":[{"count":2,"href":"https:\/\/tmarchives.com.br\/wp\/index.php?rest_route=\/wp\/v2\/pages\/3624\/revisions"}],"predecessor-version":[{"id":3629,"href":"https:\/\/tmarchives.com.br\/wp\/index.php?rest_route=\/wp\/v2\/pages\/3624\/revisions\/3629"}],"wp:attachment":[{"href":"https:\/\/tmarchives.com.br\/wp\/index.php?rest_route=%2Fwp%2Fv2%2Fmedia&parent=3624"}],"curies":[{"name":"wp","href":"https:\/\/api.w.org\/{rel}","templated":true}]}}