{"id":3619,"date":"2021-11-03T04:03:59","date_gmt":"2021-11-03T04:03:59","guid":{"rendered":"https:\/\/tmarchives.com.br\/wp\/?page_id=3619"},"modified":"2021-11-03T04:03:59","modified_gmt":"2021-11-03T04:03:59","slug":"amor-de-pai","status":"publish","type":"page","link":"https:\/\/tmarchives.com.br\/wp\/?page_id=3619","title":{"rendered":"Amor de pai"},"content":{"rendered":"\n<div class=\"wp-block-image\"><figure class=\"aligncenter size-full\"><img loading=\"lazy\" decoding=\"async\" width=\"700\" height=\"333\" src=\"https:\/\/tmarchives.com.br\/wp\/wp-content\/uploads\/2021\/11\/imagem222.jpg\" alt=\"\" class=\"wp-image-3620\" srcset=\"https:\/\/tmarchives.com.br\/wp\/wp-content\/uploads\/2021\/11\/imagem222.jpg 700w, https:\/\/tmarchives.com.br\/wp\/wp-content\/uploads\/2021\/11\/imagem222-300x143.jpg 300w\" sizes=\"auto, (max-width: 700px) 100vw, 700px\" \/><\/figure><\/div>\n\n\n\n<figure class=\"wp-block-pullquote is-style-default\" style=\"border-color:#0693e3\"><blockquote><p>&#8220;O amor de um pai n\u00e3o precisa mimar e n\u00e3o tolera o mal, mas \u00e9 sempre antic\u00ednico. O amor paternal tem um prop\u00f3sito \u00fanico e sempre busca o melhor no homem; essa \u00e9 a atitude de um pai verdadeiro.&#8221;<\/p><\/blockquote><\/figure>\n\n\n\n<p class=\"has-text-align-center\"><a class=\"pag\" href=\"https:\/\/r20.rs6.net\/tn.jsp?f=001Va3L8FMkc9gAdMq7xnEYm1EAsy3IMTTeXvqhqcR5Twx47Ce2GeQw4dbv1t-DJzR7iufay1pA6IBR0-1LlPM67l9X4nQIpn9kOZR39XDNrldXF_ZIMzbgV1LkT5mhSFFoyf-sGJUl81ez9t4VIcGhRMjyXSafG33Yu9wc72U-J_I0AHOHxpK0bXltLALEzBIy6qLbN47L4UG-sarRhAf8-Mzw-YlPgNxi5F3yf6CCy_U=&amp;c=xJsJy7Zh9il0Fjz86UiOJiFiL-Xe35kyoIIQU3M1OTq7gIaMyeWJtQ==&amp;ch=2lU8XzWx4PQnEsiEAghQOreJWHuUqLDUBITjvkz210EhjiDmUFRW0w==\" target=\"_blank\" rel=\"noreferrer noopener\">(140:5.12) 1574.5<\/a><\/p>\n\n\n\n<p>Fonte:<\/p>\n\n\n\n<p align=\"center\"><strong><a href=\"https:\/\/www.urantia.org\/\"  class=\"pag\">Urantia Foundation | 533 Diversey Parkway, Chicago, IL 60614<\/a><\/strong><\/p><\/p>\n\n\n<p class=\"has-text-align-right\">&nbsp;<\/p>\n<p style=\"text-align: right;\"><a class=\"pag\" href=\"https:\/\/tmarchives.com.br\/wp\/?page_id=3037\">Voltar<\/a><\/p>\n\n\n<p><\/p>\n","protected":false},"excerpt":{"rendered":"<p>&#8220;O amor de um pai n\u00e3o precisa mimar e n\u00e3o tolera o mal, mas \u00e9 sempre antic\u00ednico. O amor paternal tem um prop\u00f3sito \u00fanico e sempre busca o melhor no homem; essa \u00e9 a atitude de um pai verdadeiro.&#8221; (140:5.12) 1574.5 Fonte: Urantia Foundation | [&hellip;]<\/p>\n","protected":false},"author":1,"featured_media":0,"parent":0,"menu_order":0,"comment_status":"closed","ping_status":"closed","template":"","meta":{"footnotes":""},"class_list":["post-3619","page","type-page","status-publish","hentry"],"_links":{"self":[{"href":"https:\/\/tmarchives.com.br\/wp\/index.php?rest_route=\/wp\/v2\/pages\/3619","targetHints":{"allow":["GET"]}}],"collection":[{"href":"https:\/\/tmarchives.com.br\/wp\/index.php?rest_route=\/wp\/v2\/pages"}],"about":[{"href":"https:\/\/tmarchives.com.br\/wp\/index.php?rest_route=\/wp\/v2\/types\/page"}],"author":[{"embeddable":true,"href":"https:\/\/tmarchives.com.br\/wp\/index.php?rest_route=\/wp\/v2\/users\/1"}],"replies":[{"embeddable":true,"href":"https:\/\/tmarchives.com.br\/wp\/index.php?rest_route=%2Fwp%2Fv2%2Fcomments&post=3619"}],"version-history":[{"count":1,"href":"https:\/\/tmarchives.com.br\/wp\/index.php?rest_route=\/wp\/v2\/pages\/3619\/revisions"}],"predecessor-version":[{"id":3621,"href":"https:\/\/tmarchives.com.br\/wp\/index.php?rest_route=\/wp\/v2\/pages\/3619\/revisions\/3621"}],"wp:attachment":[{"href":"https:\/\/tmarchives.com.br\/wp\/index.php?rest_route=%2Fwp%2Fv2%2Fmedia&parent=3619"}],"curies":[{"name":"wp","href":"https:\/\/api.w.org\/{rel}","templated":true}]}}