{"id":3614,"date":"2021-11-03T03:33:52","date_gmt":"2021-11-03T03:33:52","guid":{"rendered":"https:\/\/tmarchives.com.br\/wp\/?page_id=3614"},"modified":"2021-11-03T03:59:11","modified_gmt":"2021-11-03T03:59:11","slug":"a-vontade-que-acredita","status":"publish","type":"page","link":"https:\/\/tmarchives.com.br\/wp\/?page_id=3614","title":{"rendered":"A vontade que acredita"},"content":{"rendered":"\n<div class=\"wp-block-image\"><figure class=\"aligncenter size-full\"><img loading=\"lazy\" decoding=\"async\" width=\"700\" height=\"355\" src=\"https:\/\/tmarchives.com.br\/wp\/wp-content\/uploads\/2021\/11\/imagem221.jpg\" alt=\"\" class=\"wp-image-3615\" srcset=\"https:\/\/tmarchives.com.br\/wp\/wp-content\/uploads\/2021\/11\/imagem221.jpg 700w, https:\/\/tmarchives.com.br\/wp\/wp-content\/uploads\/2021\/11\/imagem221-300x152.jpg 300w\" sizes=\"auto, (max-width: 700px) 100vw, 700px\" \/><\/figure><\/div>\n\n\n\n<figure class=\"wp-block-pullquote is-style-default\" style=\"border-color:#0693e3\"><blockquote><p>&#8220;H\u00e1 uma grande diferen\u00e7a entre a vontade de acreditar evolucion\u00e1ria e o produto da raz\u00e3o iluminada, da vis\u00e3o religiosa e da revela\u00e7\u00e3o &#8211; a vontade que acredita.&#8221;<\/p><\/blockquote><\/figure>\n\n\n\n<p class=\"has-text-align-center\"><a class=\"pag\" href=\"https:\/\/r20.rs6.net\/tn.jsp?f=001wsPnqhhT0HYuemeoINihoNocKMLN_HZledWxpn5e4O7OQIuykiTB7Moz1tQyjtm1-xBT-lWcCEFr7dHj-9FFZw4pqilxxesXKtieBQ67aE9oVW2Giv_RrNd8HXiBC-NaElX0VBdGxnTTz9NRaJwdfetDK1LVNCfHdRuvQ8DLkjBkyczSVBJUsuuFL9EiikT8ShOZVBCqDbK535o2G9vDw1rSXUmKC3hUFAetHO0q8WNwm1WJcLfr6Q==&amp;c=zsiKna0r5qUQSg8K2lCa5W1Okcq2RRaFrag9eZQ1p1CF_fzRNT1mlg==&amp;ch=7YPFDVPTgIhArE4xZ8AWWVubb8p8Qk8f07sbp0e80l4WTOx3hPvR2w==\" target=\"_blank\" rel=\"noreferrer noopener\">(102:3.13) 1122.9<\/a><\/p>\n\n\n\n<p>Fonte:<\/p>\n\n\n\n<p align=\"center\"><strong><a href=\"https:\/\/www.urantia.org\/\"  class=\"pag\">Urantia Foundation | 533 Diversey Parkway, Chicago, IL 60614<\/a><\/strong><\/p><\/p>\n\n\n<p class=\"has-text-align-right\">&nbsp;<\/p>\n<p style=\"text-align: right;\"><a class=\"pag\" href=\"https:\/\/tmarchives.com.br\/wp\/?page_id=3037\">Voltar<\/a><\/p>\n\n\n<p><\/p>\n","protected":false},"excerpt":{"rendered":"<p>&#8220;H\u00e1 uma grande diferen\u00e7a entre a vontade de acreditar evolucion\u00e1ria e o produto da raz\u00e3o iluminada, da vis\u00e3o religiosa e da revela\u00e7\u00e3o &#8211; a vontade que acredita.&#8221; (102:3.13) 1122.9 Fonte: Urantia Foundation | 533 Diversey Parkway, Chicago, IL 60614 &nbsp; Voltar<\/p>\n","protected":false},"author":1,"featured_media":0,"parent":0,"menu_order":0,"comment_status":"closed","ping_status":"closed","template":"","meta":{"footnotes":""},"class_list":["post-3614","page","type-page","status-publish","hentry"],"_links":{"self":[{"href":"https:\/\/tmarchives.com.br\/wp\/index.php?rest_route=\/wp\/v2\/pages\/3614","targetHints":{"allow":["GET"]}}],"collection":[{"href":"https:\/\/tmarchives.com.br\/wp\/index.php?rest_route=\/wp\/v2\/pages"}],"about":[{"href":"https:\/\/tmarchives.com.br\/wp\/index.php?rest_route=\/wp\/v2\/types\/page"}],"author":[{"embeddable":true,"href":"https:\/\/tmarchives.com.br\/wp\/index.php?rest_route=\/wp\/v2\/users\/1"}],"replies":[{"embeddable":true,"href":"https:\/\/tmarchives.com.br\/wp\/index.php?rest_route=%2Fwp%2Fv2%2Fcomments&post=3614"}],"version-history":[{"count":1,"href":"https:\/\/tmarchives.com.br\/wp\/index.php?rest_route=\/wp\/v2\/pages\/3614\/revisions"}],"predecessor-version":[{"id":3616,"href":"https:\/\/tmarchives.com.br\/wp\/index.php?rest_route=\/wp\/v2\/pages\/3614\/revisions\/3616"}],"wp:attachment":[{"href":"https:\/\/tmarchives.com.br\/wp\/index.php?rest_route=%2Fwp%2Fv2%2Fmedia&parent=3614"}],"curies":[{"name":"wp","href":"https:\/\/api.w.org\/{rel}","templated":true}]}}