{"id":3608,"date":"2021-11-03T03:17:18","date_gmt":"2021-11-03T03:17:18","guid":{"rendered":"https:\/\/tmarchives.com.br\/wp\/?page_id=3608"},"modified":"2021-11-03T03:22:05","modified_gmt":"2021-11-03T03:22:05","slug":"homem-e-mulher","status":"publish","type":"page","link":"https:\/\/tmarchives.com.br\/wp\/?page_id=3608","title":{"rendered":"Homens e mulheres"},"content":{"rendered":"\n<div class=\"wp-block-image\"><figure class=\"aligncenter size-full\"><img loading=\"lazy\" decoding=\"async\" width=\"700\" height=\"295\" src=\"https:\/\/tmarchives.com.br\/wp\/wp-content\/uploads\/2021\/11\/imagem220.jpg\" alt=\"\" class=\"wp-image-3609\" srcset=\"https:\/\/tmarchives.com.br\/wp\/wp-content\/uploads\/2021\/11\/imagem220.jpg 700w, https:\/\/tmarchives.com.br\/wp\/wp-content\/uploads\/2021\/11\/imagem220-300x126.jpg 300w\" sizes=\"auto, (max-width: 700px) 100vw, 700px\" \/><\/figure><\/div>\n\n\n\n<figure class=\"wp-block-pullquote is-style-default\" style=\"border-color:#0693e3\"><blockquote><p>&#8220;As diferen\u00e7as de natureza, rea\u00e7\u00e3o, ponto de vista e pensamento entre homens e mulheres, longe de causar preocupa\u00e7\u00e3o, devem ser consideradas altamente ben\u00e9ficas para a humanidade, tanto individual quanto coletivamente.&#8221;<\/p><\/blockquote><\/figure>\n\n\n\n<p class=\"has-text-align-center\"><a class=\"pag\" href=\"https:\/\/r20.rs6.net\/tn.jsp?f=001t_6xUMZwiHs1hBe-98XwnuK9HBGHtKqHLn8SGH8XcdtaFaAYrdc_ptIEauuUTQR4MZxKfuaO-90BQtTOR10iDPe20LtnZApZE7uj0GAJ2Zw47xthtvJF_D8JbcrR3SUqnfQYopdB9CFsaOQkYXLHqaKB-177sCkVFGdzi34pI8QLrHEhJAV0HTrVpH9vLkse-q3FgnUUSqvY4V3PCt1I76-HY-Wkz8rv-z431Xt5poRGNmd5Nf4ILw==&amp;c=6nYssUTkhfgix-WHzLlrRxi0CnHe2kDn-YlCw3eLIumz4Rcim2fBaA==&amp;ch=95wPsbBB-o9Z2QClWUGyBP_OTEdAXaOdDGgRSMQidY-pNLb0mJxTqA==\" target=\"_blank\" rel=\"noreferrer noopener\">(84:6.5) 938.9<\/a><\/p>\n\n\n\n<p>Fonte:<\/p>\n\n\n\n<p align=\"center\"><strong><a href=\"https:\/\/www.urantia.org\/\"  class=\"pag\">Urantia Foundation | 533 Diversey Parkway, Chicago, IL 60614<\/a><\/strong><\/p><\/p>\n\n\n<p class=\"has-text-align-right\">&nbsp;<\/p>\n<p style=\"text-align: right;\"><a class=\"pag\" href=\"https:\/\/tmarchives.com.br\/wp\/?page_id=3037\">Voltar<\/a><\/p>\n\n\n<p><\/p>\n","protected":false},"excerpt":{"rendered":"<p>&#8220;As diferen\u00e7as de natureza, rea\u00e7\u00e3o, ponto de vista e pensamento entre homens e mulheres, longe de causar preocupa\u00e7\u00e3o, devem ser consideradas altamente ben\u00e9ficas para a humanidade, tanto individual quanto coletivamente.&#8221; (84:6.5) 938.9 Fonte: Urantia Foundation | 533 Diversey Parkway, Chicago, IL 60614 &nbsp; Voltar<\/p>\n","protected":false},"author":1,"featured_media":0,"parent":0,"menu_order":0,"comment_status":"closed","ping_status":"closed","template":"","meta":{"footnotes":""},"class_list":["post-3608","page","type-page","status-publish","hentry"],"_links":{"self":[{"href":"https:\/\/tmarchives.com.br\/wp\/index.php?rest_route=\/wp\/v2\/pages\/3608","targetHints":{"allow":["GET"]}}],"collection":[{"href":"https:\/\/tmarchives.com.br\/wp\/index.php?rest_route=\/wp\/v2\/pages"}],"about":[{"href":"https:\/\/tmarchives.com.br\/wp\/index.php?rest_route=\/wp\/v2\/types\/page"}],"author":[{"embeddable":true,"href":"https:\/\/tmarchives.com.br\/wp\/index.php?rest_route=\/wp\/v2\/users\/1"}],"replies":[{"embeddable":true,"href":"https:\/\/tmarchives.com.br\/wp\/index.php?rest_route=%2Fwp%2Fv2%2Fcomments&post=3608"}],"version-history":[{"count":2,"href":"https:\/\/tmarchives.com.br\/wp\/index.php?rest_route=\/wp\/v2\/pages\/3608\/revisions"}],"predecessor-version":[{"id":3613,"href":"https:\/\/tmarchives.com.br\/wp\/index.php?rest_route=\/wp\/v2\/pages\/3608\/revisions\/3613"}],"wp:attachment":[{"href":"https:\/\/tmarchives.com.br\/wp\/index.php?rest_route=%2Fwp%2Fv2%2Fmedia&parent=3608"}],"curies":[{"name":"wp","href":"https:\/\/api.w.org\/{rel}","templated":true}]}}