{"id":3580,"date":"2021-11-03T01:25:14","date_gmt":"2021-11-03T01:25:14","guid":{"rendered":"https:\/\/tmarchives.com.br\/wp\/?page_id=3580"},"modified":"2021-11-03T01:25:15","modified_gmt":"2021-11-03T01:25:15","slug":"novos-lideres","status":"publish","type":"page","link":"https:\/\/tmarchives.com.br\/wp\/?page_id=3580","title":{"rendered":"Novos L\u00edderes"},"content":{"rendered":"\n<div class=\"wp-block-image\"><figure class=\"aligncenter size-full is-resized\"><img loading=\"lazy\" decoding=\"async\" src=\"https:\/\/tmarchives.com.br\/wp\/wp-content\/uploads\/2021\/11\/imagem215.jpg\" alt=\"\" class=\"wp-image-3582\" width=\"1052\" height=\"306\" srcset=\"https:\/\/tmarchives.com.br\/wp\/wp-content\/uploads\/2021\/11\/imagem215.jpg 700w, https:\/\/tmarchives.com.br\/wp\/wp-content\/uploads\/2021\/11\/imagem215-300x87.jpg 300w\" sizes=\"auto, (max-width: 1052px) 100vw, 1052px\" \/><\/figure><\/div>\n\n\n\n<figure class=\"wp-block-pullquote is-style-default\" style=\"border-color:#0693e3\"><blockquote><p>&#8220;Para descobrir l\u00edderes, a sociedade deve agora se voltar para as conquistas da paz: ind\u00fastria, ci\u00eancia e conquistas sociais.&#8221;<\/p><\/blockquote><\/figure>\n\n\n\n<p class=\"has-text-align-center\"><a class=\"pag\" href=\"https:\/\/r20.rs6.net\/tn.jsp?f=0016BPMprWoPJM4Ilc9RuoAS1YLrajhyrsvmLOn7RbSILNHiCDtHE4MkuWiSViUr65ZekRbZJbKwliTZL3RMgXnfgv6RgNoROjKLI3dVLhq3eX-YkgkV7VnUh5Xo_QXztJQV47XV_Oqa80Q0MQEljkKGq2tMaGtdloQGaPdEdJLCMOJ9zlQoSatwE-nYMZjG3YrJ3cLUsOxhMRGWeUVd78S5bXjUjb9f3d81ZKzQxDfCES9GszC6cCp3A==&amp;c=-CHjoU6md3DaDJCh3uV1rU_Ujx95tB7u2xd82aUwG66HtVIgqD03bA==&amp;ch=wk3DjhlXNb-lD_7xEhkhDOT6idyt2YmdFOrbZIgHzaqZj5bC7bMrmg==\" target=\"_blank\" rel=\"noreferrer noopener\">(70:2.21) 786.12<\/a><\/p>\n\n\n\n<p>Fonte:<\/p>\n\n\n\n<p align=\"center\"><strong><a href=\"https:\/\/www.urantia.org\/\"  class=\"pag\">Urantia Foundation | 533 Diversey Parkway, Chicago, IL 60614<\/a><\/strong><\/p><\/p>\n\n\n<p class=\"has-text-align-right\">&nbsp;<\/p>\n<p style=\"text-align: right;\"><a class=\"pag\" href=\"https:\/\/tmarchives.com.br\/wp\/?page_id=3037\">Voltar<\/a><\/p>\n\n\n<p><\/p>\n","protected":false},"excerpt":{"rendered":"<p>&#8220;Para descobrir l\u00edderes, a sociedade deve agora se voltar para as conquistas da paz: ind\u00fastria, ci\u00eancia e conquistas sociais.&#8221; (70:2.21) 786.12 Fonte: Urantia Foundation | 533 Diversey Parkway, Chicago, IL 60614 &nbsp; Voltar<\/p>\n","protected":false},"author":1,"featured_media":0,"parent":0,"menu_order":0,"comment_status":"closed","ping_status":"closed","template":"","meta":{"footnotes":""},"class_list":["post-3580","page","type-page","status-publish","hentry"],"_links":{"self":[{"href":"https:\/\/tmarchives.com.br\/wp\/index.php?rest_route=\/wp\/v2\/pages\/3580","targetHints":{"allow":["GET"]}}],"collection":[{"href":"https:\/\/tmarchives.com.br\/wp\/index.php?rest_route=\/wp\/v2\/pages"}],"about":[{"href":"https:\/\/tmarchives.com.br\/wp\/index.php?rest_route=\/wp\/v2\/types\/page"}],"author":[{"embeddable":true,"href":"https:\/\/tmarchives.com.br\/wp\/index.php?rest_route=\/wp\/v2\/users\/1"}],"replies":[{"embeddable":true,"href":"https:\/\/tmarchives.com.br\/wp\/index.php?rest_route=%2Fwp%2Fv2%2Fcomments&post=3580"}],"version-history":[{"count":1,"href":"https:\/\/tmarchives.com.br\/wp\/index.php?rest_route=\/wp\/v2\/pages\/3580\/revisions"}],"predecessor-version":[{"id":3583,"href":"https:\/\/tmarchives.com.br\/wp\/index.php?rest_route=\/wp\/v2\/pages\/3580\/revisions\/3583"}],"wp:attachment":[{"href":"https:\/\/tmarchives.com.br\/wp\/index.php?rest_route=%2Fwp%2Fv2%2Fmedia&parent=3580"}],"curies":[{"name":"wp","href":"https:\/\/api.w.org\/{rel}","templated":true}]}}