{"id":3565,"date":"2021-11-03T00:55:53","date_gmt":"2021-11-03T00:55:53","guid":{"rendered":"https:\/\/tmarchives.com.br\/wp\/?page_id=3565"},"modified":"2021-11-03T00:56:56","modified_gmt":"2021-11-03T00:56:56","slug":"feliz-aniversario-jesus","status":"publish","type":"page","link":"https:\/\/tmarchives.com.br\/wp\/?page_id=3565","title":{"rendered":"Feliz anivers\u00e1rio, Jesus!"},"content":{"rendered":"\n<div class=\"wp-block-image\"><figure class=\"aligncenter size-full is-resized\"><img loading=\"lazy\" decoding=\"async\" src=\"https:\/\/tmarchives.com.br\/wp\/wp-content\/uploads\/2021\/11\/imagem212.jpg\" alt=\"\" class=\"wp-image-3568\" width=\"966\" height=\"249\" srcset=\"https:\/\/tmarchives.com.br\/wp\/wp-content\/uploads\/2021\/11\/imagem212.jpg 700w, https:\/\/tmarchives.com.br\/wp\/wp-content\/uploads\/2021\/11\/imagem212-300x78.jpg 300w\" sizes=\"auto, (max-width: 966px) 100vw, 966px\" \/><\/figure><\/div>\n\n\n\n<figure class=\"wp-block-pullquote is-style-default\" style=\"border-color:#0693e3\"><blockquote><p>&#8220;N\u00e3o \u00e9 que Ur\u00e2ntia precisasse de um Filho Criador para colocar em ordem seus emaranhados assuntos; ao contr\u00e1rio, o mal e o pecado em Ur\u00e2ntia proporcionaram ao Filho Criador um pano de fundo mais marcante contra o qual revelar o incompar\u00e1vel amor, miseric\u00f3rdia e paci\u00eancia do Pai do Para\u00edso. &#8220;<\/p><\/blockquote><\/figure>\n\n\n\n<p class=\"has-text-align-center\"><a class=\"pag\" href=\"https:\/\/r20.rs6.net\/tn.jsp?f=001XgpgbW9J0ttQ-P-J7RxPvRkydTnYo3WSfV8XilY5QA6slQzV3DmwXzk2TdJ2mRcQkfs0Oc9vJjXQJlfS-yWUJG1MivPU-ZI_jXvCAAqoypvqJcup525qpPosyu26Ym30uwtYkc91GP_eQBvfKnyNzBgGjRULx6R_0OtJ-BdzFK1xOxZSUJ-JTaNKdfx8ZSKLhKdv9KE8IRxO81WFOqIBfWFXK5cWpqy0&amp;c=IRkvgY9wvVspCeRc5uVQgHe46acjGCzJnMuxM3fDrt_UlXS4JN2Lug==&amp;ch=gZqHo63MVTxt52c9nA3Hs6NyeD07gao1t2nUK7jIKG47N_wLS5ptLg==\" target=\"_blank\" rel=\"noreferrer noopener\">(76:5.7) 853.1<\/a><\/p>\n\n\n\n<p>Fonte:<\/p>\n\n\n\n<p align=\"center\"><strong><a href=\"https:\/\/www.urantia.org\/\"  class=\"pag\">Urantia Foundation | 533 Diversey Parkway, Chicago, IL 60614<\/a><\/strong><\/p><\/p>\n\n\n<p class=\"has-text-align-right\">&nbsp;<\/p>\n<p style=\"text-align: right;\"><a class=\"pag\" href=\"https:\/\/tmarchives.com.br\/wp\/?page_id=3037\">Voltar<\/a><\/p>\n\n\n<p><\/p>\n","protected":false},"excerpt":{"rendered":"<p>&#8220;N\u00e3o \u00e9 que Ur\u00e2ntia precisasse de um Filho Criador para colocar em ordem seus emaranhados assuntos; ao contr\u00e1rio, o mal e o pecado em Ur\u00e2ntia proporcionaram ao Filho Criador um pano de fundo mais marcante contra o qual revelar o incompar\u00e1vel amor, miseric\u00f3rdia e paci\u00eancia [&hellip;]<\/p>\n","protected":false},"author":1,"featured_media":0,"parent":0,"menu_order":0,"comment_status":"closed","ping_status":"closed","template":"","meta":{"footnotes":""},"class_list":["post-3565","page","type-page","status-publish","hentry"],"_links":{"self":[{"href":"https:\/\/tmarchives.com.br\/wp\/index.php?rest_route=\/wp\/v2\/pages\/3565","targetHints":{"allow":["GET"]}}],"collection":[{"href":"https:\/\/tmarchives.com.br\/wp\/index.php?rest_route=\/wp\/v2\/pages"}],"about":[{"href":"https:\/\/tmarchives.com.br\/wp\/index.php?rest_route=\/wp\/v2\/types\/page"}],"author":[{"embeddable":true,"href":"https:\/\/tmarchives.com.br\/wp\/index.php?rest_route=\/wp\/v2\/users\/1"}],"replies":[{"embeddable":true,"href":"https:\/\/tmarchives.com.br\/wp\/index.php?rest_route=%2Fwp%2Fv2%2Fcomments&post=3565"}],"version-history":[{"count":2,"href":"https:\/\/tmarchives.com.br\/wp\/index.php?rest_route=\/wp\/v2\/pages\/3565\/revisions"}],"predecessor-version":[{"id":3570,"href":"https:\/\/tmarchives.com.br\/wp\/index.php?rest_route=\/wp\/v2\/pages\/3565\/revisions\/3570"}],"wp:attachment":[{"href":"https:\/\/tmarchives.com.br\/wp\/index.php?rest_route=%2Fwp%2Fv2%2Fmedia&parent=3565"}],"curies":[{"name":"wp","href":"https:\/\/api.w.org\/{rel}","templated":true}]}}