{"id":3549,"date":"2021-11-03T00:25:28","date_gmt":"2021-11-03T00:25:28","guid":{"rendered":"https:\/\/tmarchives.com.br\/wp\/?page_id=3549"},"modified":"2021-11-03T00:26:20","modified_gmt":"2021-11-03T00:26:20","slug":"apelando-para-o-espirito","status":"publish","type":"page","link":"https:\/\/tmarchives.com.br\/wp\/?page_id=3549","title":{"rendered":"Apelando para o Esp\u00edrito"},"content":{"rendered":"\n<div class=\"wp-block-image\"><figure class=\"aligncenter size-full is-resized\"><img loading=\"lazy\" decoding=\"async\" src=\"https:\/\/tmarchives.com.br\/wp\/wp-content\/uploads\/2021\/11\/imagem209.jpg\" alt=\"\" class=\"wp-image-3552\" width=\"893\" height=\"343\" srcset=\"https:\/\/tmarchives.com.br\/wp\/wp-content\/uploads\/2021\/11\/imagem209.jpg 700w, https:\/\/tmarchives.com.br\/wp\/wp-content\/uploads\/2021\/11\/imagem209-300x115.jpg 300w\" sizes=\"auto, (max-width: 893px) 100vw, 893px\" \/><\/figure><\/div>\n\n\n\n<figure class=\"wp-block-pullquote is-style-default\" style=\"border-color:#0693e3\"><blockquote><p>&#8220;A \u00fanica coisa uniforme sobre os homens \u00e9 o esp\u00edrito residente &#8230; somente por meio deste esp\u00edrito, e apelando a ele, a humanidade pode atingir a unidade e a fraternidade.&#8221;<\/p><\/blockquote><\/figure>\n\n\n\n<p class=\"has-text-align-center\"><a class=\"pag\" href=\"\" the=\"\" only=\"\" uniform=\"\" thing=\"\" about=\"\" men=\"\" is=\"\" indwelling=\"\" spirit=\"\" and=\"\" by=\"\" appeal=\"\" this=\"\" can=\"\" mankind=\"\" ever=\"\" attain=\"\" unity=\"\" target=\"_blank\" rel=\"noreferrer noopener\">(149:3.3) 1672.6<\/a><\/p>\n\n\n\n<p>Fonte:<\/p>\n\n\n\n<p align=\"center\"><strong><a href=\"https:\/\/www.urantia.org\/\"  class=\"pag\">Urantia Foundation | 533 Diversey Parkway, Chicago, IL 60614<\/a><\/strong><\/p><\/p>\n\n\n<p class=\"has-text-align-right\">&nbsp;<\/p>\n<p style=\"text-align: right;\"><a class=\"pag\" href=\"https:\/\/tmarchives.com.br\/wp\/?page_id=3037\">Voltar<\/a><\/p>\n\n\n<p><\/p>\n","protected":false},"excerpt":{"rendered":"<p>&#8220;A \u00fanica coisa uniforme sobre os homens \u00e9 o esp\u00edrito residente &#8230; somente por meio deste esp\u00edrito, e apelando a ele, a humanidade pode atingir a unidade e a fraternidade.&#8221; (149:3.3) 1672.6 Fonte: Urantia Foundation | 533 Diversey Parkway, Chicago, IL 60614 &nbsp; Voltar<\/p>\n","protected":false},"author":1,"featured_media":0,"parent":0,"menu_order":0,"comment_status":"closed","ping_status":"closed","template":"","meta":{"footnotes":""},"class_list":["post-3549","page","type-page","status-publish","hentry"],"_links":{"self":[{"href":"https:\/\/tmarchives.com.br\/wp\/index.php?rest_route=\/wp\/v2\/pages\/3549","targetHints":{"allow":["GET"]}}],"collection":[{"href":"https:\/\/tmarchives.com.br\/wp\/index.php?rest_route=\/wp\/v2\/pages"}],"about":[{"href":"https:\/\/tmarchives.com.br\/wp\/index.php?rest_route=\/wp\/v2\/types\/page"}],"author":[{"embeddable":true,"href":"https:\/\/tmarchives.com.br\/wp\/index.php?rest_route=\/wp\/v2\/users\/1"}],"replies":[{"embeddable":true,"href":"https:\/\/tmarchives.com.br\/wp\/index.php?rest_route=%2Fwp%2Fv2%2Fcomments&post=3549"}],"version-history":[{"count":2,"href":"https:\/\/tmarchives.com.br\/wp\/index.php?rest_route=\/wp\/v2\/pages\/3549\/revisions"}],"predecessor-version":[{"id":3553,"href":"https:\/\/tmarchives.com.br\/wp\/index.php?rest_route=\/wp\/v2\/pages\/3549\/revisions\/3553"}],"wp:attachment":[{"href":"https:\/\/tmarchives.com.br\/wp\/index.php?rest_route=%2Fwp%2Fv2%2Fmedia&parent=3549"}],"curies":[{"name":"wp","href":"https:\/\/api.w.org\/{rel}","templated":true}]}}