{"id":3544,"date":"2021-11-02T23:25:53","date_gmt":"2021-11-02T23:25:53","guid":{"rendered":"https:\/\/tmarchives.com.br\/wp\/?page_id=3544"},"modified":"2021-11-02T23:25:53","modified_gmt":"2021-11-02T23:25:53","slug":"oracao","status":"publish","type":"page","link":"https:\/\/tmarchives.com.br\/wp\/?page_id=3544","title":{"rendered":"Ora\u00e7\u00e3o"},"content":{"rendered":"\n<div class=\"wp-block-image\"><figure class=\"aligncenter size-full\"><img loading=\"lazy\" decoding=\"async\" width=\"700\" height=\"316\" src=\"https:\/\/tmarchives.com.br\/wp\/wp-content\/uploads\/2021\/11\/imagem208.jpg\" alt=\"\" class=\"wp-image-3545\" srcset=\"https:\/\/tmarchives.com.br\/wp\/wp-content\/uploads\/2021\/11\/imagem208.jpg 700w, https:\/\/tmarchives.com.br\/wp\/wp-content\/uploads\/2021\/11\/imagem208-300x135.jpg 300w\" sizes=\"auto, (max-width: 700px) 100vw, 700px\" \/><\/figure><\/div>\n\n\n\n<figure class=\"wp-block-pullquote is-style-default\" style=\"border-color:#0693e3\"><blockquote><p>&#8220;A ora\u00e7\u00e3o tem sido um fator indispens\u00e1vel no progresso e preserva\u00e7\u00e3o da civiliza\u00e7\u00e3o religiosa, e ainda tem contribui\u00e7\u00f5es poderosas a fazer para o aprimoramento e espiritualiza\u00e7\u00e3o da sociedade se aqueles que oram o fizerem apenas \u00e0 luz dos fatos cient\u00edficos, sabedoria filos\u00f3fica, sinceridade intelectual e f\u00e9 espiritual. &#8220;<\/p><\/blockquote><\/figure>\n\n\n\n<p class=\"has-text-align-center\"><a class=\"pag\" href=\"https:\/\/r20.rs6.net\/tn.jsp?f=001j5NxSbpAHXKA_lSL73GjCkpFbi8c8c9IN7pYnmdIB-GprFFYhZudlghC0_1FPBgt3skvKDW_HpnS-5qCVizuYIsIvq4WyT5HzxkKJ5IOg-jIUei4sleU7lo9RuKPK9fDsUOvRU7Bzf9BVLqMOAGyDJf_IugMVUZwTRF7LNRwzpc0SgZxhFNIPE-8uuJmewlERhA8F_VGwC1D2y7umwR2-FShpxIyH24bYnB0EgxOyTA=&amp;c=WcXfWcccvnbFTCUDMe7aaUwU3Kk5NkVIOGYkEX3gkd5tJA68rYiYsA==&amp;ch=4toN-CcEA0eeifYN6siCFUr_3YIj57XnwAjSrxavwjhXwlNg0Ex8Tw==\" target=\"_blank\" rel=\"noreferrer noopener\">(91:6.6) 999.9<\/a><\/p>\n\n\n\n<p>Fonte:<\/p>\n\n\n\n<p align=\"center\"><strong><a href=\"https:\/\/www.urantia.org\/\"  class=\"pag\">Urantia Foundation | 533 Diversey Parkway, Chicago, IL 60614<\/a><\/strong><\/p><\/p>\n\n\n<p class=\"has-text-align-right\">&nbsp;<\/p>\n<p style=\"text-align: right;\"><a class=\"pag\" href=\"https:\/\/tmarchives.com.br\/wp\/?page_id=3037\">Voltar<\/a><\/p>\n\n\n<p><\/p>\n","protected":false},"excerpt":{"rendered":"<p>&#8220;A ora\u00e7\u00e3o tem sido um fator indispens\u00e1vel no progresso e preserva\u00e7\u00e3o da civiliza\u00e7\u00e3o religiosa, e ainda tem contribui\u00e7\u00f5es poderosas a fazer para o aprimoramento e espiritualiza\u00e7\u00e3o da sociedade se aqueles que oram o fizerem apenas \u00e0 luz dos fatos cient\u00edficos, sabedoria filos\u00f3fica, sinceridade intelectual e [&hellip;]<\/p>\n","protected":false},"author":1,"featured_media":0,"parent":0,"menu_order":0,"comment_status":"closed","ping_status":"closed","template":"","meta":{"footnotes":""},"class_list":["post-3544","page","type-page","status-publish","hentry"],"_links":{"self":[{"href":"https:\/\/tmarchives.com.br\/wp\/index.php?rest_route=\/wp\/v2\/pages\/3544","targetHints":{"allow":["GET"]}}],"collection":[{"href":"https:\/\/tmarchives.com.br\/wp\/index.php?rest_route=\/wp\/v2\/pages"}],"about":[{"href":"https:\/\/tmarchives.com.br\/wp\/index.php?rest_route=\/wp\/v2\/types\/page"}],"author":[{"embeddable":true,"href":"https:\/\/tmarchives.com.br\/wp\/index.php?rest_route=\/wp\/v2\/users\/1"}],"replies":[{"embeddable":true,"href":"https:\/\/tmarchives.com.br\/wp\/index.php?rest_route=%2Fwp%2Fv2%2Fcomments&post=3544"}],"version-history":[{"count":1,"href":"https:\/\/tmarchives.com.br\/wp\/index.php?rest_route=\/wp\/v2\/pages\/3544\/revisions"}],"predecessor-version":[{"id":3546,"href":"https:\/\/tmarchives.com.br\/wp\/index.php?rest_route=\/wp\/v2\/pages\/3544\/revisions\/3546"}],"wp:attachment":[{"href":"https:\/\/tmarchives.com.br\/wp\/index.php?rest_route=%2Fwp%2Fv2%2Fmedia&parent=3544"}],"curies":[{"name":"wp","href":"https:\/\/api.w.org\/{rel}","templated":true}]}}