{"id":3534,"date":"2021-11-02T23:13:50","date_gmt":"2021-11-02T23:13:50","guid":{"rendered":"https:\/\/tmarchives.com.br\/wp\/?page_id=3534"},"modified":"2021-11-02T23:13:51","modified_gmt":"2021-11-02T23:13:51","slug":"individuos-nascidos-do-espirito","status":"publish","type":"page","link":"https:\/\/tmarchives.com.br\/wp\/?page_id=3534","title":{"rendered":"Indiv\u00edduos nascidos do esp\u00edrito"},"content":{"rendered":"\n<div class=\"wp-block-image\"><figure class=\"aligncenter size-full is-resized\"><img loading=\"lazy\" decoding=\"async\" src=\"https:\/\/tmarchives.com.br\/wp\/wp-content\/uploads\/2021\/11\/imagem206.jpg\" alt=\"\" class=\"wp-image-3537\" width=\"1069\" height=\"212\" srcset=\"https:\/\/tmarchives.com.br\/wp\/wp-content\/uploads\/2021\/11\/imagem206.jpg 700w, https:\/\/tmarchives.com.br\/wp\/wp-content\/uploads\/2021\/11\/imagem206-300x60.jpg 300w\" sizes=\"auto, (max-width: 1069px) 100vw, 1069px\" \/><\/figure><\/div>\n\n\n\n<figure class=\"wp-block-pullquote is-style-default\" style=\"border-color:#0693e3\"><blockquote><p>&#8220;Os indiv\u00edduos nascidos do Esp\u00edrito s\u00e3o t\u00e3o remotivados na vida que podem aguardar calmamente enquanto suas ambi\u00e7\u00f5es mais profundas perecem e suas esperan\u00e7as mais profundas se desintegram; eles positivamente sabem que tais cat\u00e1strofes s\u00e3o apenas cataclismos redirecionadores que destroem as cria\u00e7\u00f5es temporais de algu\u00e9m preliminares \u00e0 cria\u00e7\u00e3o de mais realidades nobres e duradouras de um n\u00edvel novo e mais sublime de realiza\u00e7\u00e3o do universo. &#8220;<\/p><\/blockquote><\/figure>\n\n\n\n<p class=\"has-text-align-center\"><a class=\"pag\" href=\"https:\/\/r20.rs6.net\/tn.jsp?f=001GCWsYSZUqT9z7uBD43D-4UndQkTkPV3odpCkmfegUe6acufPVkP1gE33TzfhwHluJTPhPMdFM07d3BmwnuBzZCYr82Lx2g1mEhK_B1hnvq98SPznih5z033MB6zvIj9e_p4m3S3kKW_M0aTGT9c0kBW_g_P8JgStQ8stJeNRsW1heABLi-T2eA56TUvdmyPv0VrcZi3hF5er6-ymH4UZj0NXbMjsTOicdTasMOee01uv-I3aBXAz9g==&amp;c=vywcUP9aiPHlwJdIOVvqjehCvv0ozNxd2DGbshdRRIQ1yuBFgafM7g==&amp;ch=bSq6IBooJ2J5odS3A6J27NvCIVc-8-5vX2ZX2R7yN4LF_zUbCCjv5A==\" target=\"_blank\" rel=\"noreferrer noopener\">(100:2.8) 1096.5<\/a><\/p>\n\n\n\n<p>Fonte:<\/p>\n\n\n\n<p align=\"center\"><strong><a href=\"https:\/\/www.urantia.org\/\"  class=\"pag\">Urantia Foundation | 533 Diversey Parkway, Chicago, IL 60614<\/a><\/strong><\/p><\/p>\n\n\n<p class=\"has-text-align-right\">&nbsp;<\/p>\n<p style=\"text-align: right;\"><a class=\"pag\" href=\"https:\/\/tmarchives.com.br\/wp\/?page_id=3037\">Voltar<\/a><\/p>\n\n\n<p><\/p>\n","protected":false},"excerpt":{"rendered":"<p>&#8220;Os indiv\u00edduos nascidos do Esp\u00edrito s\u00e3o t\u00e3o remotivados na vida que podem aguardar calmamente enquanto suas ambi\u00e7\u00f5es mais profundas perecem e suas esperan\u00e7as mais profundas se desintegram; eles positivamente sabem que tais cat\u00e1strofes s\u00e3o apenas cataclismos redirecionadores que destroem as cria\u00e7\u00f5es temporais de algu\u00e9m preliminares [&hellip;]<\/p>\n","protected":false},"author":1,"featured_media":0,"parent":0,"menu_order":0,"comment_status":"closed","ping_status":"closed","template":"","meta":{"footnotes":""},"class_list":["post-3534","page","type-page","status-publish","hentry"],"_links":{"self":[{"href":"https:\/\/tmarchives.com.br\/wp\/index.php?rest_route=\/wp\/v2\/pages\/3534","targetHints":{"allow":["GET"]}}],"collection":[{"href":"https:\/\/tmarchives.com.br\/wp\/index.php?rest_route=\/wp\/v2\/pages"}],"about":[{"href":"https:\/\/tmarchives.com.br\/wp\/index.php?rest_route=\/wp\/v2\/types\/page"}],"author":[{"embeddable":true,"href":"https:\/\/tmarchives.com.br\/wp\/index.php?rest_route=\/wp\/v2\/users\/1"}],"replies":[{"embeddable":true,"href":"https:\/\/tmarchives.com.br\/wp\/index.php?rest_route=%2Fwp%2Fv2%2Fcomments&post=3534"}],"version-history":[{"count":1,"href":"https:\/\/tmarchives.com.br\/wp\/index.php?rest_route=\/wp\/v2\/pages\/3534\/revisions"}],"predecessor-version":[{"id":3538,"href":"https:\/\/tmarchives.com.br\/wp\/index.php?rest_route=\/wp\/v2\/pages\/3534\/revisions\/3538"}],"wp:attachment":[{"href":"https:\/\/tmarchives.com.br\/wp\/index.php?rest_route=%2Fwp%2Fv2%2Fmedia&parent=3534"}],"curies":[{"name":"wp","href":"https:\/\/api.w.org\/{rel}","templated":true}]}}