{"id":3529,"date":"2021-11-02T23:01:11","date_gmt":"2021-11-02T23:01:11","guid":{"rendered":"https:\/\/tmarchives.com.br\/wp\/?page_id=3529"},"modified":"2021-11-02T23:01:12","modified_gmt":"2021-11-02T23:01:12","slug":"a-arte-de-viver","status":"publish","type":"page","link":"https:\/\/tmarchives.com.br\/wp\/?page_id=3529","title":{"rendered":"A Arte de Viver"},"content":{"rendered":"\n<div class=\"wp-block-image\"><figure class=\"aligncenter size-full\"><img loading=\"lazy\" decoding=\"async\" width=\"700\" height=\"166\" src=\"https:\/\/tmarchives.com.br\/wp\/wp-content\/uploads\/2021\/11\/imagem205.jpg\" alt=\"\" class=\"wp-image-3532\" srcset=\"https:\/\/tmarchives.com.br\/wp\/wp-content\/uploads\/2021\/11\/imagem205.jpg 700w, https:\/\/tmarchives.com.br\/wp\/wp-content\/uploads\/2021\/11\/imagem205-300x71.jpg 300w\" sizes=\"auto, (max-width: 700px) 100vw, 700px\" \/><\/figure><\/div>\n\n\n\n<figure class=\"wp-block-pullquote is-style-default\" style=\"border-color:#0693e3\"><blockquote><p>&#8220;A cada dez gera\u00e7\u00f5es, a humanidade deve aprender novamente a arte de viver para que o progresso continue. E se o homem se tornar t\u00e3o engenhoso a ponto de aumentar mais rapidamente as complexidades da sociedade, a arte de viver precisar\u00e1 ser remasterizada em menos tempo, talvez a cada \u00fanica gera\u00e7\u00e3o. &#8220;<\/p><\/blockquote><\/figure>\n\n\n\n<p class=\"has-text-align-center\"><a class=\"pag\" href=\"https:\/\/r20.rs6.net\/tn.jsp?f=001X8na1e9xBolUskGj1snKBydJ5eUN9sqqQmsqG9tPrZARYNARXM2Qkg6mlPeSSbcoR_KFg6vGTmYwHR2V8mXmRSwYz_73Ypvn9iUvMhBLd2EKGg26AKy3iRP44InoH-PAO5LlZ91tU_8NyDEXnIupfVOzY4afnc-So7YSqH49nhai9x0zbDG75cjZEa2C1PGb8Y1GX5qZRZJIF255NwwTkdqWN6lsCUY-btUWVuPO39k=&amp;c=SPwsZt0YOcA9geonAN7DMaB7twz0Lc9UnRvioz3hm-tTiX6QodUDdg==&amp;ch=gtC9uKkaAihW7hPawCtWY9--xMSNsV1Axm6vq1-iPFznDZga5VfFFA==\" target=\"_blank\" rel=\"noreferrer noopener\">(160:1.3) 1772.4<\/a><\/p>\n\n\n\n<p>Fonte:<\/p>\n\n\n\n<p align=\"center\"><strong><a href=\"https:\/\/www.urantia.org\/\"  class=\"pag\">Urantia Foundation | 533 Diversey Parkway, Chicago, IL 60614<\/a><\/strong><\/p><\/p>\n\n\n<p class=\"has-text-align-right\">&nbsp;<\/p>\n<p style=\"text-align: right;\"><a class=\"pag\" href=\"https:\/\/tmarchives.com.br\/wp\/?page_id=3037\">Voltar<\/a><\/p>\n\n\n<p><\/p>\n","protected":false},"excerpt":{"rendered":"<p>&#8220;A cada dez gera\u00e7\u00f5es, a humanidade deve aprender novamente a arte de viver para que o progresso continue. E se o homem se tornar t\u00e3o engenhoso a ponto de aumentar mais rapidamente as complexidades da sociedade, a arte de viver precisar\u00e1 ser remasterizada em menos [&hellip;]<\/p>\n","protected":false},"author":1,"featured_media":0,"parent":0,"menu_order":0,"comment_status":"closed","ping_status":"closed","template":"","meta":{"footnotes":""},"class_list":["post-3529","page","type-page","status-publish","hentry"],"_links":{"self":[{"href":"https:\/\/tmarchives.com.br\/wp\/index.php?rest_route=\/wp\/v2\/pages\/3529","targetHints":{"allow":["GET"]}}],"collection":[{"href":"https:\/\/tmarchives.com.br\/wp\/index.php?rest_route=\/wp\/v2\/pages"}],"about":[{"href":"https:\/\/tmarchives.com.br\/wp\/index.php?rest_route=\/wp\/v2\/types\/page"}],"author":[{"embeddable":true,"href":"https:\/\/tmarchives.com.br\/wp\/index.php?rest_route=\/wp\/v2\/users\/1"}],"replies":[{"embeddable":true,"href":"https:\/\/tmarchives.com.br\/wp\/index.php?rest_route=%2Fwp%2Fv2%2Fcomments&post=3529"}],"version-history":[{"count":2,"href":"https:\/\/tmarchives.com.br\/wp\/index.php?rest_route=\/wp\/v2\/pages\/3529\/revisions"}],"predecessor-version":[{"id":13847,"href":"https:\/\/tmarchives.com.br\/wp\/index.php?rest_route=\/wp\/v2\/pages\/3529\/revisions\/13847"}],"wp:attachment":[{"href":"https:\/\/tmarchives.com.br\/wp\/index.php?rest_route=%2Fwp%2Fv2%2Fmedia&parent=3529"}],"curies":[{"name":"wp","href":"https:\/\/api.w.org\/{rel}","templated":true}]}}