{"id":3525,"date":"2021-11-02T22:50:53","date_gmt":"2021-11-02T22:50:53","guid":{"rendered":"https:\/\/tmarchives.com.br\/wp\/?page_id=3525"},"modified":"2021-11-02T22:50:53","modified_gmt":"2021-11-02T22:50:53","slug":"consciencia-de-filiacao","status":"publish","type":"page","link":"https:\/\/tmarchives.com.br\/wp\/?page_id=3525","title":{"rendered":"Consci\u00eancia de Filia\u00e7\u00e3o"},"content":{"rendered":"\n<div class=\"wp-block-image\"><figure class=\"aligncenter size-full\"><img loading=\"lazy\" decoding=\"async\" width=\"700\" height=\"278\" src=\"https:\/\/tmarchives.com.br\/wp\/wp-content\/uploads\/2021\/11\/imagem204.jpg\" alt=\"\" class=\"wp-image-3526\" srcset=\"https:\/\/tmarchives.com.br\/wp\/wp-content\/uploads\/2021\/11\/imagem204.jpg 700w, https:\/\/tmarchives.com.br\/wp\/wp-content\/uploads\/2021\/11\/imagem204-300x119.jpg 300w\" sizes=\"auto, (max-width: 700px) 100vw, 700px\" \/><\/figure><\/div>\n\n\n\n<figure class=\"wp-block-pullquote is-style-default\" style=\"border-color:#0693e3\"><blockquote><p>&#8220;Voc\u00ea n\u00e3o pode ter certeza sobre Deus a menos que o conhe\u00e7a; a filia\u00e7\u00e3o \u00e9 a \u00fanica experi\u00eancia que torna a paternidade certa.&#8221;<\/p><\/blockquote><\/figure>\n\n\n\n<p class=\"has-text-align-center\"><a class=\"pag\" href=\"https:\/\/r20.rs6.net\/tn.jsp?f=001rjt5UDkcX97F3gtFs9z-vvq8U83JhTbs1HaP4wMi5pP1yermVwSJfGMp8PutV53WHwWy_eSbW4YIBJ1H1ZoBc2OO3quKDtPo7Gc8k-LmeCakIFCxh927Ykfl43tdbDIuUX9ruEPoiFoRyU48dERk_dZEiqHIhvCuZoYTwnd1PtdnJDbJR_afBx6GZbWeTLLBOeZR7p0lFw2HlougwJxhOe5wXBp_w5PWvmSU4081HVPC45UvyTspaw==&amp;c=KEDrpV0fo0JyBPQc1P8WhWTONwBbAECPR9Neg5hqZYUiQMbKW8jsEQ==&amp;ch=YjDQ890jht1B9et0r9Uy8eGItHsv2_2DMnroaq4w_EqUzdQFUG1CaQ==\" target=\"_blank\" rel=\"noreferrer noopener\">(102:7.1) 1126.1<\/a><\/p>\n\n\n\n<p>Fonte:<\/p>\n\n\n\n<p align=\"center\"><strong><a href=\"https:\/\/www.urantia.org\/\"  class=\"pag\">Urantia Foundation | 533 Diversey Parkway, Chicago, IL 60614<\/a><\/strong><\/p><\/p>\n\n\n<p class=\"has-text-align-right\">&nbsp;<\/p>\n<p style=\"text-align: right;\"><a class=\"pag\" href=\"https:\/\/tmarchives.com.br\/wp\/?page_id=3037\">Voltar<\/a><\/p>\n\n\n<p><\/p>\n","protected":false},"excerpt":{"rendered":"<p>&#8220;Voc\u00ea n\u00e3o pode ter certeza sobre Deus a menos que o conhe\u00e7a; a filia\u00e7\u00e3o \u00e9 a \u00fanica experi\u00eancia que torna a paternidade certa.&#8221; (102:7.1) 1126.1 Fonte: Urantia Foundation | 533 Diversey Parkway, Chicago, IL 60614 &nbsp; Voltar<\/p>\n","protected":false},"author":1,"featured_media":0,"parent":0,"menu_order":0,"comment_status":"closed","ping_status":"closed","template":"","meta":{"footnotes":""},"class_list":["post-3525","page","type-page","status-publish","hentry"],"_links":{"self":[{"href":"https:\/\/tmarchives.com.br\/wp\/index.php?rest_route=\/wp\/v2\/pages\/3525","targetHints":{"allow":["GET"]}}],"collection":[{"href":"https:\/\/tmarchives.com.br\/wp\/index.php?rest_route=\/wp\/v2\/pages"}],"about":[{"href":"https:\/\/tmarchives.com.br\/wp\/index.php?rest_route=\/wp\/v2\/types\/page"}],"author":[{"embeddable":true,"href":"https:\/\/tmarchives.com.br\/wp\/index.php?rest_route=\/wp\/v2\/users\/1"}],"replies":[{"embeddable":true,"href":"https:\/\/tmarchives.com.br\/wp\/index.php?rest_route=%2Fwp%2Fv2%2Fcomments&post=3525"}],"version-history":[{"count":1,"href":"https:\/\/tmarchives.com.br\/wp\/index.php?rest_route=\/wp\/v2\/pages\/3525\/revisions"}],"predecessor-version":[{"id":3528,"href":"https:\/\/tmarchives.com.br\/wp\/index.php?rest_route=\/wp\/v2\/pages\/3525\/revisions\/3528"}],"wp:attachment":[{"href":"https:\/\/tmarchives.com.br\/wp\/index.php?rest_route=%2Fwp%2Fv2%2Fmedia&parent=3525"}],"curies":[{"name":"wp","href":"https:\/\/api.w.org\/{rel}","templated":true}]}}