{"id":3440,"date":"2021-10-18T01:16:05","date_gmt":"2021-10-18T01:16:05","guid":{"rendered":"https:\/\/tmarchives.com.br\/wp\/?page_id=3440"},"modified":"2021-10-18T01:16:06","modified_gmt":"2021-10-18T01:16:06","slug":"o-reino-em-nossas-almas","status":"publish","type":"page","link":"https:\/\/tmarchives.com.br\/wp\/?page_id=3440","title":{"rendered":"O Reino em nossas Almas"},"content":{"rendered":"\n<div class=\"wp-block-image\"><figure class=\"aligncenter size-full\"><img loading=\"lazy\" decoding=\"async\" width=\"700\" height=\"339\" src=\"https:\/\/tmarchives.com.br\/wp\/wp-content\/uploads\/2021\/10\/imagem203.jpg\" alt=\"\" class=\"wp-image-3443\" srcset=\"https:\/\/tmarchives.com.br\/wp\/wp-content\/uploads\/2021\/10\/imagem203.jpg 700w, https:\/\/tmarchives.com.br\/wp\/wp-content\/uploads\/2021\/10\/imagem203-300x145.jpg 300w\" sizes=\"auto, (max-width: 700px) 100vw, 700px\" \/><\/figure><\/div>\n\n\n\n<figure class=\"wp-block-pullquote is-style-default\" style=\"border-color:#0693e3\"><blockquote><p>&#8220;Nem cometam o erro fatal, ao procurar a manifesta\u00e7\u00e3o da era do reino, de deixar de efetuar seu estabelecimento dentro de suas pr\u00f3prias almas.&#8221;<\/p><\/blockquote><\/figure>\n\n\n\n<p class=\"has-text-align-center\"><a class=\"pag\" href=\"https:\/\/r20.rs6.net\/tn.jsp?f=001YJ40xi4QhvPgze9eN_Nj6EWLD-3tQ6T_LvnLvlGoEPRnZKs-jbiJ4-atL0ENyF3zUiCCWFseQph9wOwmGhzVmSRLH48qymrC4HOWmqBAPvSZox_R5I5bfTWeo3iz_6u73cqL1qD4bM5W2a89PfMlvOImImIs7VT0uAVd9b-TIknf5iyi_EywNvTpxjJiul6WfIqZ1TL1-j7ToM2WJLSCCf228_GmZ5wCAHH-OixJzFE=&amp;c=hdz2NxB-dqLBaQcsAW6u3VCDJWHYulbucM1J2nYcHqqn8ycppUfu-A==&amp;ch=vmW4Q1BbmuI-RvNJcKme68DSuNAw_brjA-OPVU5YCZxlwq1nJ-_CmQ==\" target=\"_blank\" rel=\"noreferrer noopener\">(170:4.14) 1863.12<\/a><\/p>\n\n\n\n<p>Fonte:<\/p>\n\n\n\n<p align=\"center\"><strong><a href=\"https:\/\/www.urantia.org\/\"  class=\"pag\">Urantia Foundation | 533 Diversey Parkway, Chicago, IL 60614<\/a><\/strong><\/p><\/p>\n\n\n<p class=\"has-text-align-right\">&nbsp;<\/p>\n<p style=\"text-align: right;\"><a class=\"pag\" href=\"https:\/\/tmarchives.com.br\/wp\/?page_id=3037\">Voltar<\/a><\/p>\n\n\n<p><\/p>\n","protected":false},"excerpt":{"rendered":"<p>&#8220;Nem cometam o erro fatal, ao procurar a manifesta\u00e7\u00e3o da era do reino, de deixar de efetuar seu estabelecimento dentro de suas pr\u00f3prias almas.&#8221; (170:4.14) 1863.12 Fonte: Urantia Foundation | 533 Diversey Parkway, Chicago, IL 60614 &nbsp; Voltar<\/p>\n","protected":false},"author":1,"featured_media":0,"parent":0,"menu_order":0,"comment_status":"closed","ping_status":"closed","template":"","meta":{"footnotes":""},"class_list":["post-3440","page","type-page","status-publish","hentry"],"_links":{"self":[{"href":"https:\/\/tmarchives.com.br\/wp\/index.php?rest_route=\/wp\/v2\/pages\/3440","targetHints":{"allow":["GET"]}}],"collection":[{"href":"https:\/\/tmarchives.com.br\/wp\/index.php?rest_route=\/wp\/v2\/pages"}],"about":[{"href":"https:\/\/tmarchives.com.br\/wp\/index.php?rest_route=\/wp\/v2\/types\/page"}],"author":[{"embeddable":true,"href":"https:\/\/tmarchives.com.br\/wp\/index.php?rest_route=\/wp\/v2\/users\/1"}],"replies":[{"embeddable":true,"href":"https:\/\/tmarchives.com.br\/wp\/index.php?rest_route=%2Fwp%2Fv2%2Fcomments&post=3440"}],"version-history":[{"count":1,"href":"https:\/\/tmarchives.com.br\/wp\/index.php?rest_route=\/wp\/v2\/pages\/3440\/revisions"}],"predecessor-version":[{"id":3444,"href":"https:\/\/tmarchives.com.br\/wp\/index.php?rest_route=\/wp\/v2\/pages\/3440\/revisions\/3444"}],"wp:attachment":[{"href":"https:\/\/tmarchives.com.br\/wp\/index.php?rest_route=%2Fwp%2Fv2%2Fmedia&parent=3440"}],"curies":[{"name":"wp","href":"https:\/\/api.w.org\/{rel}","templated":true}]}}