{"id":3436,"date":"2021-10-18T01:09:56","date_gmt":"2021-10-18T01:09:56","guid":{"rendered":"https:\/\/tmarchives.com.br\/wp\/?page_id=3436"},"modified":"2021-10-18T01:09:57","modified_gmt":"2021-10-18T01:09:57","slug":"evolucao-ordenada","status":"publish","type":"page","link":"https:\/\/tmarchives.com.br\/wp\/?page_id=3436","title":{"rendered":"Evolu\u00e7\u00e3o ordenada"},"content":{"rendered":"\n<div class=\"wp-block-image\"><figure class=\"aligncenter size-full\"><img loading=\"lazy\" decoding=\"async\" width=\"700\" height=\"378\" src=\"https:\/\/tmarchives.com.br\/wp\/wp-content\/uploads\/2021\/10\/imagem202.jpg\" alt=\"\" class=\"wp-image-3437\" srcset=\"https:\/\/tmarchives.com.br\/wp\/wp-content\/uploads\/2021\/10\/imagem202.jpg 700w, https:\/\/tmarchives.com.br\/wp\/wp-content\/uploads\/2021\/10\/imagem202-300x162.jpg 300w\" sizes=\"auto, (max-width: 700px) 100vw, 700px\" \/><\/figure><\/div>\n\n\n\n<figure class=\"wp-block-pullquote is-style-default\" style=\"border-color:#0693e3\"><blockquote><p>&#8220;O processo de evolu\u00e7\u00e3o planet\u00e1ria \u00e9 ordenado e controlado. O desenvolvimento de organismos superiores a partir de grupos inferiores de vida n\u00e3o \u00e9 acidental.&#8221;<\/p><\/blockquote><\/figure>\n\n\n\n<p class=\"has-text-align-center\"><a class=\"pag\" href=\"https:\/\/r20.rs6.net\/tn.jsp?f=001mQFReWJpAtZGdqLcCqjtJHoQl3hbhHI4ES9JUFpNrP1bb--UhxDFWMs4ehnuc5CMPUz3IkIefnGzv6_ShdSwvEPCRzvyRV0_bb17jfT7CpN-3dHsXM_Y9FS6QJXhokREVCX9g84mcIAbuhtBHJStmID7EWvJqTCF-Hb_higKa8XEobKyG2M6Fv9esLWlxRabpBoHNj_Y1IRMqsjNie9tyYNf1EDfLZ5g99fq5GppCEo=&amp;c=HXVuwGmMidVDOO0K4ad_rLMqo9qxTfK_jh2xFzNofpnoQ2hGM8dimg==&amp;ch=PwfG88ff5jbCE1eogRj-zrkTZrO79ttkseuXynfpp0oGmsy_I_tKVw==\" target=\"_blank\" rel=\"noreferrer noopener\">(49:1.7) 560.6<\/a><\/p>\n\n\n\n<p>Fonte:<\/p>\n\n\n\n<p align=\"center\"><strong><a href=\"https:\/\/www.urantia.org\/\"  class=\"pag\">Urantia Foundation | 533 Diversey Parkway, Chicago, IL 60614<\/a><\/strong><\/p><\/p>\n\n\n<p class=\"has-text-align-right\">&nbsp;<\/p>\n<p style=\"text-align: right;\"><a class=\"pag\" href=\"https:\/\/tmarchives.com.br\/wp\/?page_id=3037\">Voltar<\/a><\/p>\n\n\n<p><\/p>\n","protected":false},"excerpt":{"rendered":"<p>&#8220;O processo de evolu\u00e7\u00e3o planet\u00e1ria \u00e9 ordenado e controlado. O desenvolvimento de organismos superiores a partir de grupos inferiores de vida n\u00e3o \u00e9 acidental.&#8221; (49:1.7) 560.6 Fonte: Urantia Foundation | 533 Diversey Parkway, Chicago, IL 60614 &nbsp; Voltar<\/p>\n","protected":false},"author":1,"featured_media":0,"parent":0,"menu_order":0,"comment_status":"closed","ping_status":"closed","template":"","meta":{"footnotes":""},"class_list":["post-3436","page","type-page","status-publish","hentry"],"_links":{"self":[{"href":"https:\/\/tmarchives.com.br\/wp\/index.php?rest_route=\/wp\/v2\/pages\/3436","targetHints":{"allow":["GET"]}}],"collection":[{"href":"https:\/\/tmarchives.com.br\/wp\/index.php?rest_route=\/wp\/v2\/pages"}],"about":[{"href":"https:\/\/tmarchives.com.br\/wp\/index.php?rest_route=\/wp\/v2\/types\/page"}],"author":[{"embeddable":true,"href":"https:\/\/tmarchives.com.br\/wp\/index.php?rest_route=\/wp\/v2\/users\/1"}],"replies":[{"embeddable":true,"href":"https:\/\/tmarchives.com.br\/wp\/index.php?rest_route=%2Fwp%2Fv2%2Fcomments&post=3436"}],"version-history":[{"count":1,"href":"https:\/\/tmarchives.com.br\/wp\/index.php?rest_route=\/wp\/v2\/pages\/3436\/revisions"}],"predecessor-version":[{"id":3438,"href":"https:\/\/tmarchives.com.br\/wp\/index.php?rest_route=\/wp\/v2\/pages\/3436\/revisions\/3438"}],"wp:attachment":[{"href":"https:\/\/tmarchives.com.br\/wp\/index.php?rest_route=%2Fwp%2Fv2%2Fmedia&parent=3436"}],"curies":[{"name":"wp","href":"https:\/\/api.w.org\/{rel}","templated":true}]}}