{"id":3432,"date":"2021-10-17T23:52:35","date_gmt":"2021-10-17T23:52:35","guid":{"rendered":"https:\/\/tmarchives.com.br\/wp\/?page_id=3432"},"modified":"2021-10-17T23:52:35","modified_gmt":"2021-10-17T23:52:35","slug":"em-e-do-supremo","status":"publish","type":"page","link":"https:\/\/tmarchives.com.br\/wp\/?page_id=3432","title":{"rendered":"Em e Do Supremo"},"content":{"rendered":"\n<div class=\"wp-block-image\"><figure class=\"aligncenter size-full is-resized\"><img loading=\"lazy\" decoding=\"async\" src=\"https:\/\/tmarchives.com.br\/wp\/wp-content\/uploads\/2021\/10\/imagem201.jpg\" alt=\"\" class=\"wp-image-3433\" width=\"1038\" height=\"210\" srcset=\"https:\/\/tmarchives.com.br\/wp\/wp-content\/uploads\/2021\/10\/imagem201.jpg 700w, https:\/\/tmarchives.com.br\/wp\/wp-content\/uploads\/2021\/10\/imagem201-300x61.jpg 300w\" sizes=\"auto, (max-width: 1038px) 100vw, 1038px\" \/><\/figure><\/div>\n\n\n\n<figure class=\"wp-block-pullquote is-style-default\" style=\"border-color:#0693e3\"><blockquote><p>&#8220;Voc\u00eas, mortais que agora vivem em Ur\u00e2ntia, que podem aspirar \u00e0 realiza\u00e7\u00e3o do Para\u00edso e ao status de finalitor, devem compreender que tal destino s\u00f3 \u00e9 realiz\u00e1vel porque est\u00e3o no e do Supremo; portanto, s\u00e3o participantes do ciclo de crescimento do Supremo.&#8221;<\/p><\/blockquote><\/figure>\n\n\n\n<p class=\"has-text-align-center\"><a class=\"pag\" href=\"https:\/\/r20.rs6.net\/tn.jsp?f=001PCvb0VJZa_PYT3GwdbgGJZu8XRAMT-EUnQaY7JkS9sxNal9zHaED7TGPGQhpHRNRtnU3viNwzJwk_hYTJITCVJow_G30DTw6Qn-9m2j0hbVMEm9I0F3URGV-ASQwAe04zvQ_rgB8vHhWTA7SOVnk8bPstJQCd39tXKxiBt38oOyWlqqePHofglqe431z99s9oEmWlyeM4EvtsN9nO4-nuiqmQuPEgKuI&amp;c=awofsqDTbROj7jfrMg0lK_EYD8iY2VPtqrORXIt24MderULctn3ceQ==&amp;ch=6ZuX2tCAYrXd5UsK-8mWlZaS944hASJ7T2AtieA2oND9xg2VN41mUQ==\" target=\"_blank\" rel=\"noreferrer noopener\">(117:2.5) 1280.5<\/a><\/p>\n\n\n\n<p>Fonte:<\/p>\n\n\n\n<p align=\"center\"><strong><a href=\"https:\/\/www.urantia.org\/\"  class=\"pag\">Urantia Foundation | 533 Diversey Parkway, Chicago, IL 60614<\/a><\/strong><\/p><\/p>\n\n\n<p class=\"has-text-align-right\">&nbsp;<\/p>\n<p style=\"text-align: right;\"><a class=\"pag\" href=\"https:\/\/tmarchives.com.br\/wp\/?page_id=3037\">Voltar<\/a><\/p>\n\n\n<p><\/p>\n","protected":false},"excerpt":{"rendered":"<p>&#8220;Voc\u00eas, mortais que agora vivem em Ur\u00e2ntia, que podem aspirar \u00e0 realiza\u00e7\u00e3o do Para\u00edso e ao status de finalitor, devem compreender que tal destino s\u00f3 \u00e9 realiz\u00e1vel porque est\u00e3o no e do Supremo; portanto, s\u00e3o participantes do ciclo de crescimento do Supremo.&#8221; (117:2.5) 1280.5 Fonte: [&hellip;]<\/p>\n","protected":false},"author":1,"featured_media":0,"parent":0,"menu_order":0,"comment_status":"closed","ping_status":"closed","template":"","meta":{"footnotes":""},"class_list":["post-3432","page","type-page","status-publish","hentry"],"_links":{"self":[{"href":"https:\/\/tmarchives.com.br\/wp\/index.php?rest_route=\/wp\/v2\/pages\/3432","targetHints":{"allow":["GET"]}}],"collection":[{"href":"https:\/\/tmarchives.com.br\/wp\/index.php?rest_route=\/wp\/v2\/pages"}],"about":[{"href":"https:\/\/tmarchives.com.br\/wp\/index.php?rest_route=\/wp\/v2\/types\/page"}],"author":[{"embeddable":true,"href":"https:\/\/tmarchives.com.br\/wp\/index.php?rest_route=\/wp\/v2\/users\/1"}],"replies":[{"embeddable":true,"href":"https:\/\/tmarchives.com.br\/wp\/index.php?rest_route=%2Fwp%2Fv2%2Fcomments&post=3432"}],"version-history":[{"count":1,"href":"https:\/\/tmarchives.com.br\/wp\/index.php?rest_route=\/wp\/v2\/pages\/3432\/revisions"}],"predecessor-version":[{"id":3434,"href":"https:\/\/tmarchives.com.br\/wp\/index.php?rest_route=\/wp\/v2\/pages\/3432\/revisions\/3434"}],"wp:attachment":[{"href":"https:\/\/tmarchives.com.br\/wp\/index.php?rest_route=%2Fwp%2Fv2%2Fmedia&parent=3432"}],"curies":[{"name":"wp","href":"https:\/\/api.w.org\/{rel}","templated":true}]}}