{"id":3424,"date":"2021-10-17T23:43:18","date_gmt":"2021-10-17T23:43:18","guid":{"rendered":"https:\/\/tmarchives.com.br\/wp\/?page_id=3424"},"modified":"2021-10-17T23:43:18","modified_gmt":"2021-10-17T23:43:18","slug":"enfrentando-fatos","status":"publish","type":"page","link":"https:\/\/tmarchives.com.br\/wp\/?page_id=3424","title":{"rendered":"Enfrentando fatos"},"content":{"rendered":"\n<div class=\"wp-block-image\"><figure class=\"aligncenter size-full\"><img loading=\"lazy\" decoding=\"async\" width=\"700\" height=\"345\" src=\"https:\/\/tmarchives.com.br\/wp\/wp-content\/uploads\/2021\/10\/imagem199.jpg\" alt=\"\" class=\"wp-image-3425\" srcset=\"https:\/\/tmarchives.com.br\/wp\/wp-content\/uploads\/2021\/10\/imagem199.jpg 700w, https:\/\/tmarchives.com.br\/wp\/wp-content\/uploads\/2021\/10\/imagem199-300x148.jpg 300w\" sizes=\"auto, (max-width: 700px) 100vw, 700px\" \/><\/figure><\/div>\n\n\n\n<figure class=\"wp-block-pullquote is-style-default\" style=\"border-color:#0693e3\"><blockquote><p>&#8220;[Aqueles] que preferem ilus\u00f5es otimistas \u00e0 realidade nunca podem se tornar s\u00e1bios. Somente aqueles que enfrentam os fatos e os ajustam aos ideais podem alcan\u00e7ar a sabedoria.&#8221;<\/p><\/blockquote><\/figure>\n\n\n\n<p class=\"has-text-align-center\"><a class=\"pag\" href=\"https:\/\/r20.rs6.net\/tn.jsp?f=0012SiMPONhNvOm-P7m3J1iatvhoszLjNLu_Nu9TuwjWIGvA1XYLyO4R54-PqiNRQPiJQ8AjbMNP_Gg95DoeRwiIgoob51R6GdbC8vVrwXjMVnHmynVE_hxwUQwccdKOzg8_bygg-V_w33EA1lpmKiooYNbiah2bUeHLAhp44LaheALJ7uned3vm_6gKeJ1I7m_rfgvBPbnLzeb1wXfhcwl8lm36IWFzNUuOtO1RnLsRKg=&amp;c=ieWJfmDwKFUhTJtlPBwVjxXngIw6w8MJDa9kgrwsUSSVuqWVtxEVEA==&amp;ch=nt1DUqhFlJprKhzLDoV9f4HxEbLrkGfSuA3nEPaJBTxzchFwFcvNfw==\" target=\"_blank\" rel=\"noreferrer noopener\">(160:4.14) 1779.6<\/a><\/p>\n\n\n\n<p>Fonte:<\/p>\n\n\n\n<p align=\"center\"><strong><a href=\"https:\/\/www.urantia.org\/\"  class=\"pag\">Urantia Foundation | 533 Diversey Parkway, Chicago, IL 60614<\/a><\/strong><\/p><\/p>\n\n\n<p class=\"has-text-align-right\">&nbsp;<\/p>\n<p style=\"text-align: right;\"><a class=\"pag\" href=\"https:\/\/tmarchives.com.br\/wp\/?page_id=3037\">Voltar<\/a><\/p>\n\n\n<p><\/p>\n","protected":false},"excerpt":{"rendered":"<p>&#8220;[Aqueles] que preferem ilus\u00f5es otimistas \u00e0 realidade nunca podem se tornar s\u00e1bios. Somente aqueles que enfrentam os fatos e os ajustam aos ideais podem alcan\u00e7ar a sabedoria.&#8221; (160:4.14) 1779.6 Fonte: Urantia Foundation | 533 Diversey Parkway, Chicago, IL 60614 &nbsp; Voltar<\/p>\n","protected":false},"author":1,"featured_media":0,"parent":0,"menu_order":0,"comment_status":"closed","ping_status":"closed","template":"","meta":{"footnotes":""},"class_list":["post-3424","page","type-page","status-publish","hentry"],"_links":{"self":[{"href":"https:\/\/tmarchives.com.br\/wp\/index.php?rest_route=\/wp\/v2\/pages\/3424","targetHints":{"allow":["GET"]}}],"collection":[{"href":"https:\/\/tmarchives.com.br\/wp\/index.php?rest_route=\/wp\/v2\/pages"}],"about":[{"href":"https:\/\/tmarchives.com.br\/wp\/index.php?rest_route=\/wp\/v2\/types\/page"}],"author":[{"embeddable":true,"href":"https:\/\/tmarchives.com.br\/wp\/index.php?rest_route=\/wp\/v2\/users\/1"}],"replies":[{"embeddable":true,"href":"https:\/\/tmarchives.com.br\/wp\/index.php?rest_route=%2Fwp%2Fv2%2Fcomments&post=3424"}],"version-history":[{"count":1,"href":"https:\/\/tmarchives.com.br\/wp\/index.php?rest_route=\/wp\/v2\/pages\/3424\/revisions"}],"predecessor-version":[{"id":3426,"href":"https:\/\/tmarchives.com.br\/wp\/index.php?rest_route=\/wp\/v2\/pages\/3424\/revisions\/3426"}],"wp:attachment":[{"href":"https:\/\/tmarchives.com.br\/wp\/index.php?rest_route=%2Fwp%2Fv2%2Fmedia&parent=3424"}],"curies":[{"name":"wp","href":"https:\/\/api.w.org\/{rel}","templated":true}]}}