{"id":3420,"date":"2021-10-17T23:34:20","date_gmt":"2021-10-17T23:34:20","guid":{"rendered":"https:\/\/tmarchives.com.br\/wp\/?page_id=3420"},"modified":"2021-10-17T23:34:21","modified_gmt":"2021-10-17T23:34:21","slug":"jesus-se-atreveu-a-levar-mulheres-junto","status":"publish","type":"page","link":"https:\/\/tmarchives.com.br\/wp\/?page_id=3420","title":{"rendered":"Jesus se atreveu a levar mulheres junto"},"content":{"rendered":"\n<div class=\"wp-block-image\"><figure class=\"aligncenter size-full is-resized\"><img loading=\"lazy\" decoding=\"async\" src=\"https:\/\/tmarchives.com.br\/wp\/wp-content\/uploads\/2021\/10\/imagem198.jpg\" alt=\"\" class=\"wp-image-3421\" width=\"718\" height=\"270\" srcset=\"https:\/\/tmarchives.com.br\/wp\/wp-content\/uploads\/2021\/10\/imagem198.jpg 700w, https:\/\/tmarchives.com.br\/wp\/wp-content\/uploads\/2021\/10\/imagem198-300x113.jpg 300w\" sizes=\"auto, (max-width: 718px) 100vw, 718px\" \/><\/figure><\/div>\n\n\n\n<figure class=\"wp-block-pullquote is-style-default\" style=\"border-color:#0693e3\"><blockquote><p>&#8220;Em uma \u00e9poca e uma gera\u00e7\u00e3o em que um homem n\u00e3o deveria saudar nem mesmo sua pr\u00f3pria esposa em um lugar p\u00fablico, Jesus ousou levar mulheres como professoras do evangelho em sua terceira viagem \u00e0 Galil\u00e9ia.&#8221;<\/p><\/blockquote><\/figure>\n\n\n\n<p class=\"has-text-align-center\"><a class=\"pag\" href=\"https:\/\/r20.rs6.net\/tn.jsp?f=001gf0VNsQ3ZOjWlz2X27aguuepUbhrsjJ5wMzk2dlPLq_r4dCCsYhDICzXXSNwuMCAGAoJACnOZjPAw7MDlSeJsOzi8aVzPIOkYfOmU8Dh4iVr4uT6OWwX_Uwsh5OrrO8whmMoOExys1eEZDDdXh27j3XKJ23PbsG1xYD4yrv7X-0ZaeSjHuFRu0xm_jpIND2jWDouhihVIBZlgWP-rDJk--ac1YmRraRBVhvsyfRO77Y=&amp;c=GjZk-RjhG-qG4q2ILg84HFQ9DyO7yMcl74_S0xj-91_5QXJAhuEq-Q==&amp;ch=-Ugu1F6250Kc-5834dEnC7NvODmnV73Fk4CmOdcoaOgSR8UWsOQBNg==\" target=\"_blank\" rel=\"noreferrer noopener\">(149:2.8) 1671.3<\/a><\/p>\n\n\n\n<p>Fonte:<\/p>\n\n\n\n<p align=\"center\"><strong><a href=\"https:\/\/www.urantia.org\/\"  class=\"pag\">Urantia Foundation | 533 Diversey Parkway, Chicago, IL 60614<\/a><\/strong><\/p><\/p>\n\n\n<p class=\"has-text-align-right\">&nbsp;<\/p>\n<p style=\"text-align: right;\"><a class=\"pag\" href=\"https:\/\/tmarchives.com.br\/wp\/?page_id=3037\">Voltar<\/a><\/p>\n\n\n<p><\/p>\n","protected":false},"excerpt":{"rendered":"<p>&#8220;Em uma \u00e9poca e uma gera\u00e7\u00e3o em que um homem n\u00e3o deveria saudar nem mesmo sua pr\u00f3pria esposa em um lugar p\u00fablico, Jesus ousou levar mulheres como professoras do evangelho em sua terceira viagem \u00e0 Galil\u00e9ia.&#8221; (149:2.8) 1671.3 Fonte: Urantia Foundation | 533 Diversey Parkway, [&hellip;]<\/p>\n","protected":false},"author":1,"featured_media":0,"parent":0,"menu_order":0,"comment_status":"closed","ping_status":"closed","template":"","meta":{"footnotes":""},"class_list":["post-3420","page","type-page","status-publish","hentry"],"_links":{"self":[{"href":"https:\/\/tmarchives.com.br\/wp\/index.php?rest_route=\/wp\/v2\/pages\/3420","targetHints":{"allow":["GET"]}}],"collection":[{"href":"https:\/\/tmarchives.com.br\/wp\/index.php?rest_route=\/wp\/v2\/pages"}],"about":[{"href":"https:\/\/tmarchives.com.br\/wp\/index.php?rest_route=\/wp\/v2\/types\/page"}],"author":[{"embeddable":true,"href":"https:\/\/tmarchives.com.br\/wp\/index.php?rest_route=\/wp\/v2\/users\/1"}],"replies":[{"embeddable":true,"href":"https:\/\/tmarchives.com.br\/wp\/index.php?rest_route=%2Fwp%2Fv2%2Fcomments&post=3420"}],"version-history":[{"count":1,"href":"https:\/\/tmarchives.com.br\/wp\/index.php?rest_route=\/wp\/v2\/pages\/3420\/revisions"}],"predecessor-version":[{"id":3422,"href":"https:\/\/tmarchives.com.br\/wp\/index.php?rest_route=\/wp\/v2\/pages\/3420\/revisions\/3422"}],"wp:attachment":[{"href":"https:\/\/tmarchives.com.br\/wp\/index.php?rest_route=%2Fwp%2Fv2%2Fmedia&parent=3420"}],"curies":[{"name":"wp","href":"https:\/\/api.w.org\/{rel}","templated":true}]}}