{"id":3411,"date":"2021-10-17T23:21:12","date_gmt":"2021-10-17T23:21:12","guid":{"rendered":"https:\/\/tmarchives.com.br\/wp\/?page_id=3411"},"modified":"2021-10-17T23:21:13","modified_gmt":"2021-10-17T23:21:13","slug":"o-eterno-filho-da-misericordia","status":"publish","type":"page","link":"https:\/\/tmarchives.com.br\/wp\/?page_id=3411","title":{"rendered":"O eterno filho da miseric\u00f3rdia"},"content":{"rendered":"\n<div class=\"wp-block-image\"><figure class=\"aligncenter size-full is-resized\"><img loading=\"lazy\" decoding=\"async\" src=\"https:\/\/tmarchives.com.br\/wp\/wp-content\/uploads\/2021\/10\/imagem196.jpg\" alt=\"\" class=\"wp-image-3412\" width=\"852\" height=\"256\"\/><\/figure><\/div>\n\n\n\n<figure class=\"wp-block-pullquote is-style-default\" style=\"border-color:#0693e3\"><blockquote><p>&#8220;Voc\u00ea deve compreender mais do car\u00e1ter e da natureza misericordiosa do Filho Eterno da miseric\u00f3rdia ao meditar sobre &#8230; seu pr\u00f3prio Filho Criador, outrora Filho do Homem na terra, agora o soberano exaltado de seu universo local &#8211; o Filho do Homem e o Filho de Deus. &#8220;<\/p><\/blockquote><\/figure>\n\n\n\n<p class=\"has-text-align-center\"><a class=\"pag\" href=\"https:\/\/r20.rs6.net\/tn.jsp?f=001Xz4p5a3vrMsgl5_sq-AXqtq9Fk71FXqonvwzU0c_ZM-iKC9u-NTD9MAZNSyVQ-NaiVCPbkUE0gEXJuI0Wz1MiLngvmAduOUpbJNVlDhbw-Mcmw7Sx-Dc7ov9Mz-BHx_S4CL4_HRznkt3pWfC626iNrIPGZuvX_bxybZ5m1oGPSEe0mdVHu-vwlJMqlNAcFkuVf-2mS-GIfN4swdQN8N5mNsItLJTWXVEIzXyoPmeOmoyvc1fwe994g==&amp;c=qHp32KDlyAYyPRPfPhHkOFDPesBpWaW_WuC1g0n4YKwrLsCLoF4mtA==&amp;ch=ZjuVNkErdiM-inFpjE4q3Sf2n8UA3CjioQBquxzwR8wRTr_0Mutf8A==\" target=\"_blank\" rel=\"noreferrer noopener\">(7:7.6) 89.5<\/a><\/p>\n\n\n\n<p>Fonte:<\/p>\n\n\n\n<p align=\"center\"><strong><a href=\"https:\/\/www.urantia.org\/\"  class=\"pag\">Urantia Foundation | 533 Diversey Parkway, Chicago, IL 60614<\/a><\/strong><\/p><\/p>\n\n\n<p class=\"has-text-align-right\">&nbsp;<\/p>\n<p style=\"text-align: right;\"><a class=\"pag\" href=\"https:\/\/tmarchives.com.br\/wp\/?page_id=3037\">Voltar<\/a><\/p>\n\n\n<p><\/p>\n","protected":false},"excerpt":{"rendered":"<p>&#8220;Voc\u00ea deve compreender mais do car\u00e1ter e da natureza misericordiosa do Filho Eterno da miseric\u00f3rdia ao meditar sobre &#8230; seu pr\u00f3prio Filho Criador, outrora Filho do Homem na terra, agora o soberano exaltado de seu universo local &#8211; o Filho do Homem e o Filho [&hellip;]<\/p>\n","protected":false},"author":1,"featured_media":0,"parent":0,"menu_order":0,"comment_status":"closed","ping_status":"closed","template":"","meta":{"footnotes":""},"class_list":["post-3411","page","type-page","status-publish","hentry"],"_links":{"self":[{"href":"https:\/\/tmarchives.com.br\/wp\/index.php?rest_route=\/wp\/v2\/pages\/3411","targetHints":{"allow":["GET"]}}],"collection":[{"href":"https:\/\/tmarchives.com.br\/wp\/index.php?rest_route=\/wp\/v2\/pages"}],"about":[{"href":"https:\/\/tmarchives.com.br\/wp\/index.php?rest_route=\/wp\/v2\/types\/page"}],"author":[{"embeddable":true,"href":"https:\/\/tmarchives.com.br\/wp\/index.php?rest_route=\/wp\/v2\/users\/1"}],"replies":[{"embeddable":true,"href":"https:\/\/tmarchives.com.br\/wp\/index.php?rest_route=%2Fwp%2Fv2%2Fcomments&post=3411"}],"version-history":[{"count":1,"href":"https:\/\/tmarchives.com.br\/wp\/index.php?rest_route=\/wp\/v2\/pages\/3411\/revisions"}],"predecessor-version":[{"id":3413,"href":"https:\/\/tmarchives.com.br\/wp\/index.php?rest_route=\/wp\/v2\/pages\/3411\/revisions\/3413"}],"wp:attachment":[{"href":"https:\/\/tmarchives.com.br\/wp\/index.php?rest_route=%2Fwp%2Fv2%2Fmedia&parent=3411"}],"curies":[{"name":"wp","href":"https:\/\/api.w.org\/{rel}","templated":true}]}}