{"id":3406,"date":"2021-10-17T23:13:02","date_gmt":"2021-10-17T23:13:02","guid":{"rendered":"https:\/\/tmarchives.com.br\/wp\/?page_id=3406"},"modified":"2021-10-17T23:14:48","modified_gmt":"2021-10-17T23:14:48","slug":"como-a-revelacao-e-validada","status":"publish","type":"page","link":"https:\/\/tmarchives.com.br\/wp\/?page_id=3406","title":{"rendered":"Como a revela\u00e7\u00e3o \u00e9 validada"},"content":{"rendered":"\n<div class=\"wp-block-image\"><figure class=\"aligncenter size-full\"><img loading=\"lazy\" decoding=\"async\" width=\"700\" height=\"263\" src=\"https:\/\/tmarchives.com.br\/wp\/wp-content\/uploads\/2021\/10\/imagem195.jpg\" alt=\"\" class=\"wp-image-3409\" srcset=\"https:\/\/tmarchives.com.br\/wp\/wp-content\/uploads\/2021\/10\/imagem195.jpg 700w, https:\/\/tmarchives.com.br\/wp\/wp-content\/uploads\/2021\/10\/imagem195-300x113.jpg 300w\" sizes=\"auto, (max-width: 700px) 100vw, 700px\" \/><\/figure><\/div>\n\n\n\n<figure class=\"wp-block-pullquote is-style-default\" style=\"border-color:#0693e3\"><blockquote><p>&#8220;A raz\u00e3o \u00e9 a prova da ci\u00eancia, a f\u00e9 a prova da religi\u00e3o, a l\u00f3gica a prova da filosofia, mas a revela\u00e7\u00e3o \u00e9 validada apenas pela experi\u00eancia humana.&#8221;<\/p><\/blockquote><\/figure>\n\n\n\n<p class=\"has-text-align-center\"><a class=\"pag\" href=\"https:\/\/r20.rs6.net\/tn.jsp?f=001yiLxm7DGjiEQeXenOThpFzQA1FCAmVRD_D73ViiHtAm13YgEm4pMFrNRAXi8wlASLLskaI1dXw0jDj4p8JNTEuPOR3DNJtZcFDTmGO7kpzuBgOBXFt_VIdfK9AxD8VrhxXGirMVxLPSO1T1gPMUvkWsbKfsYFKuPXgnh4-undJzAKdfRuMOwTJqdNdMbykhDBDZoz85uYOZEz65ULDJAtbgQN9wF4F5xayowDTWw-wY=&amp;c=Q75GhI-JWK130cCaKDGlVgrMXInOqm0MgyDFkh5QJCmUy2W8_MTxRw==&amp;ch=1OrI49hC_GD1Hv96ar3bzuIl1hNL8wUXG3bVE3VilxnBrc9jgNVYDQ==\" target=\"_blank\" rel=\"noreferrer noopener\">(101:2.8) 1106.7<\/a><\/p>\n\n\n\n<p>Fonte:<\/p>\n\n\n\n<p align=\"center\"><strong><a href=\"https:\/\/www.urantia.org\/\"  class=\"pag\">Urantia Foundation | 533 Diversey Parkway, Chicago, IL 60614<\/a><\/strong><\/p><\/p>\n\n\n<p class=\"has-text-align-right\">&nbsp;<\/p>\n<p style=\"text-align: right;\"><a class=\"pag\" href=\"https:\/\/tmarchives.com.br\/wp\/?page_id=3037\">Voltar<\/a><\/p>\n\n\n<p><\/p>\n","protected":false},"excerpt":{"rendered":"<p>&#8220;A raz\u00e3o \u00e9 a prova da ci\u00eancia, a f\u00e9 a prova da religi\u00e3o, a l\u00f3gica a prova da filosofia, mas a revela\u00e7\u00e3o \u00e9 validada apenas pela experi\u00eancia humana.&#8221; (101:2.8) 1106.7 Fonte: Urantia Foundation | 533 Diversey Parkway, Chicago, IL 60614 &nbsp; Voltar<\/p>\n","protected":false},"author":1,"featured_media":0,"parent":0,"menu_order":0,"comment_status":"closed","ping_status":"closed","template":"","meta":{"footnotes":""},"class_list":["post-3406","page","type-page","status-publish","hentry"],"_links":{"self":[{"href":"https:\/\/tmarchives.com.br\/wp\/index.php?rest_route=\/wp\/v2\/pages\/3406","targetHints":{"allow":["GET"]}}],"collection":[{"href":"https:\/\/tmarchives.com.br\/wp\/index.php?rest_route=\/wp\/v2\/pages"}],"about":[{"href":"https:\/\/tmarchives.com.br\/wp\/index.php?rest_route=\/wp\/v2\/types\/page"}],"author":[{"embeddable":true,"href":"https:\/\/tmarchives.com.br\/wp\/index.php?rest_route=\/wp\/v2\/users\/1"}],"replies":[{"embeddable":true,"href":"https:\/\/tmarchives.com.br\/wp\/index.php?rest_route=%2Fwp%2Fv2%2Fcomments&post=3406"}],"version-history":[{"count":2,"href":"https:\/\/tmarchives.com.br\/wp\/index.php?rest_route=\/wp\/v2\/pages\/3406\/revisions"}],"predecessor-version":[{"id":3410,"href":"https:\/\/tmarchives.com.br\/wp\/index.php?rest_route=\/wp\/v2\/pages\/3406\/revisions\/3410"}],"wp:attachment":[{"href":"https:\/\/tmarchives.com.br\/wp\/index.php?rest_route=%2Fwp%2Fv2%2Fmedia&parent=3406"}],"curies":[{"name":"wp","href":"https:\/\/api.w.org\/{rel}","templated":true}]}}