{"id":3401,"date":"2021-10-17T23:05:19","date_gmt":"2021-10-17T23:05:19","guid":{"rendered":"https:\/\/tmarchives.com.br\/wp\/?page_id=3401"},"modified":"2021-10-17T23:05:19","modified_gmt":"2021-10-17T23:05:19","slug":"a-religiao-de-origem-espiritual","status":"publish","type":"page","link":"https:\/\/tmarchives.com.br\/wp\/?page_id=3401","title":{"rendered":"A religi\u00e3o de origem espiritual"},"content":{"rendered":"\n<div class=\"wp-block-image\"><figure class=\"aligncenter size-full\"><img loading=\"lazy\" decoding=\"async\" width=\"700\" height=\"351\" src=\"https:\/\/tmarchives.com.br\/wp\/wp-content\/uploads\/2021\/10\/imagem194.jpg\" alt=\"\" class=\"wp-image-3402\" srcset=\"https:\/\/tmarchives.com.br\/wp\/wp-content\/uploads\/2021\/10\/imagem194.jpg 700w, https:\/\/tmarchives.com.br\/wp\/wp-content\/uploads\/2021\/10\/imagem194-300x150.jpg 300w\" sizes=\"auto, (max-width: 700px) 100vw, 700px\" \/><\/figure><\/div>\n\n\n\n<figure class=\"wp-block-pullquote is-style-default\" style=\"border-color:#0693e3\"><blockquote><p>&#8220;Voc\u00ea pode psicologizar a religi\u00e3o evolucion\u00e1ria, mas n\u00e3o a religi\u00e3o de experi\u00eancia pessoal de origem espiritual.&#8221;<\/p><\/blockquote><\/figure>\n\n\n\n<p class=\"has-text-align-center\"><a class=\"pag\" href=\"https:\/\/r20.rs6.net\/tn.jsp?f=001wW6TDUxOe-al_ji5xuJG-uLIhihYT1os8qzcIlmA6nFbI3EPK776JO5Asu8B1AM_ah5YuD-HHmm9SDGQkyPHyYyOgB182G3ppcnTy1dY_iFbgy50LVcZazaKAFmBD-zv2KMyJuFZDtUdYTpxLhvVZKNL-aKflrt_H9stiubDVwytYD3M3sJ6_BuQioRaQaimpi1oU8rvO8ojnR77OnN85b3uAOvlF0UtGZJqy5uZ_6zFHkQFJwzhqA==&amp;c=zi_mDkm5r0aVaMbTDl93uN-XHkr-iC_Npes9rD2Aj2I83IRQYOqx4A==&amp;ch=d85B4vW2QkzzYwiFOcMC9fodHB0JY9XkB12nLKtuIBTwP8OOGAErCQ==\" target=\"_blank\" rel=\"noreferrer noopener\">(102:5.3) 1124.2<\/a><\/p>\n\n\n\n<p>Fonte:<\/p>\n\n\n\n<p align=\"center\"><strong><a href=\"https:\/\/www.urantia.org\/\"  class=\"pag\">Urantia Foundation | 533 Diversey Parkway, Chicago, IL 60614<\/a><\/strong><\/p><\/p>\n\n\n<p class=\"has-text-align-right\">&nbsp;<\/p>\n<p style=\"text-align: right;\"><a class=\"pag\" href=\"https:\/\/tmarchives.com.br\/wp\/?page_id=3037\">Voltar<\/a><\/p>\n\n\n<p><\/p>\n","protected":false},"excerpt":{"rendered":"<p>&#8220;Voc\u00ea pode psicologizar a religi\u00e3o evolucion\u00e1ria, mas n\u00e3o a religi\u00e3o de experi\u00eancia pessoal de origem espiritual.&#8221; (102:5.3) 1124.2 Fonte: Urantia Foundation | 533 Diversey Parkway, Chicago, IL 60614 &nbsp; Voltar<\/p>\n","protected":false},"author":1,"featured_media":0,"parent":0,"menu_order":0,"comment_status":"closed","ping_status":"closed","template":"","meta":{"footnotes":""},"class_list":["post-3401","page","type-page","status-publish","hentry"],"_links":{"self":[{"href":"https:\/\/tmarchives.com.br\/wp\/index.php?rest_route=\/wp\/v2\/pages\/3401","targetHints":{"allow":["GET"]}}],"collection":[{"href":"https:\/\/tmarchives.com.br\/wp\/index.php?rest_route=\/wp\/v2\/pages"}],"about":[{"href":"https:\/\/tmarchives.com.br\/wp\/index.php?rest_route=\/wp\/v2\/types\/page"}],"author":[{"embeddable":true,"href":"https:\/\/tmarchives.com.br\/wp\/index.php?rest_route=\/wp\/v2\/users\/1"}],"replies":[{"embeddable":true,"href":"https:\/\/tmarchives.com.br\/wp\/index.php?rest_route=%2Fwp%2Fv2%2Fcomments&post=3401"}],"version-history":[{"count":1,"href":"https:\/\/tmarchives.com.br\/wp\/index.php?rest_route=\/wp\/v2\/pages\/3401\/revisions"}],"predecessor-version":[{"id":3403,"href":"https:\/\/tmarchives.com.br\/wp\/index.php?rest_route=\/wp\/v2\/pages\/3401\/revisions\/3403"}],"wp:attachment":[{"href":"https:\/\/tmarchives.com.br\/wp\/index.php?rest_route=%2Fwp%2Fv2%2Fmedia&parent=3401"}],"curies":[{"name":"wp","href":"https:\/\/api.w.org\/{rel}","templated":true}]}}