{"id":3143,"date":"2021-08-02T00:38:11","date_gmt":"2021-08-02T00:38:11","guid":{"rendered":"https:\/\/tmarchives.com.br\/wp\/?page_id=3143"},"modified":"2021-08-02T00:38:11","modified_gmt":"2021-08-02T00:38:11","slug":"cedo-ou-tarde","status":"publish","type":"page","link":"https:\/\/tmarchives.com.br\/wp\/?page_id=3143","title":{"rendered":"Cedo ou tarde"},"content":{"rendered":"\n<div class=\"wp-block-image\"><figure class=\"aligncenter size-full\"><img loading=\"lazy\" decoding=\"async\" width=\"700\" height=\"340\" src=\"https:\/\/tmarchives.com.br\/wp\/wp-content\/uploads\/2021\/08\/imagem192.jpg\" alt=\"\" class=\"wp-image-3139\" srcset=\"https:\/\/tmarchives.com.br\/wp\/wp-content\/uploads\/2021\/08\/imagem192.jpg 700w, https:\/\/tmarchives.com.br\/wp\/wp-content\/uploads\/2021\/08\/imagem192-300x146.jpg 300w\" sizes=\"auto, (max-width: 700px) 100vw, 700px\" \/><\/figure><\/div>\n\n\n\n<figure class=\"wp-block-pullquote is-style-default\" style=\"border-color:#0693e3\"><blockquote><p>&#8220;\u00c9 parte do plano do universo que, mais cedo ou mais tarde, a religi\u00e3o evolucion\u00e1ria est\u00e1 destinada a receber a expans\u00e3o espiritual da revela\u00e7\u00e3o.&#8221;<\/p><\/blockquote><\/figure>\n\n\n\n<p class=\"has-text-align-center\"><a class=\"pag\" href=\"https:\/\/r20.rs6.net\/tn.jsp?f=0015B1fA93bq2tr5sDheoWnvT-evc9ieCI9pHladDxH7Q0Px_jPskkskbR56aalldgymV6jvwTIwrTNfQxBQ1tPWx8XKM-FIn8GqzCstUvsY5vjNW5848HW6Rm_uwWgzT1f99IqyH0_i9mQ9k2MfEOKNMI4h0KNZ9ga4YPAj_oiQG1tEhw-lIOu2V9BCwq0AZuMNUZpgWhkbNI8Vi3z8cwQNdLvNxepg0mOIuZJ6H2dbHM=&amp;c=j9D5lfP1byqXKgWdDOMp4bIfgtDE_RBGUhePsObz7wkZCOupamCr2g==&amp;ch=QxwD_6OzfbLQ5WQzjpbWWCzBk5RuNnaPGJKIdHoRJqYCC3jx_RkUXA== target=\" _blank\"=\"\" rel=\"noreferrer noopener\">(101:5.4) 1110.7<\/a><\/p>\n\n\n\n<p>Fonte:<\/p>\n\n\n\n<p align=\"center\"><strong><a href=\"https:\/\/www.urantia.org\/\"  class=\"pag\">Urantia Foundation | 533 Diversey Parkway, Chicago, IL 60614<\/a><\/strong><\/p><\/p>\n\n\n<p class=\"has-text-align-right\">&nbsp;<\/p>\n<p style=\"text-align: right;\"><a class=\"pag\" href=\"https:\/\/tmarchives.com.br\/wp\/?page_id=3037\">Voltar<\/a><\/p>\n\n\n<p><\/p>\n","protected":false},"excerpt":{"rendered":"<p>&#8220;\u00c9 parte do plano do universo que, mais cedo ou mais tarde, a religi\u00e3o evolucion\u00e1ria est\u00e1 destinada a receber a expans\u00e3o espiritual da revela\u00e7\u00e3o.&#8221;<\/p>\n","protected":false},"author":1,"featured_media":0,"parent":0,"menu_order":0,"comment_status":"closed","ping_status":"closed","template":"","meta":{"footnotes":""},"class_list":["post-3143","page","type-page","status-publish","hentry"],"_links":{"self":[{"href":"https:\/\/tmarchives.com.br\/wp\/index.php?rest_route=\/wp\/v2\/pages\/3143","targetHints":{"allow":["GET"]}}],"collection":[{"href":"https:\/\/tmarchives.com.br\/wp\/index.php?rest_route=\/wp\/v2\/pages"}],"about":[{"href":"https:\/\/tmarchives.com.br\/wp\/index.php?rest_route=\/wp\/v2\/types\/page"}],"author":[{"embeddable":true,"href":"https:\/\/tmarchives.com.br\/wp\/index.php?rest_route=\/wp\/v2\/users\/1"}],"replies":[{"embeddable":true,"href":"https:\/\/tmarchives.com.br\/wp\/index.php?rest_route=%2Fwp%2Fv2%2Fcomments&post=3143"}],"version-history":[{"count":1,"href":"https:\/\/tmarchives.com.br\/wp\/index.php?rest_route=\/wp\/v2\/pages\/3143\/revisions"}],"predecessor-version":[{"id":3145,"href":"https:\/\/tmarchives.com.br\/wp\/index.php?rest_route=\/wp\/v2\/pages\/3143\/revisions\/3145"}],"wp:attachment":[{"href":"https:\/\/tmarchives.com.br\/wp\/index.php?rest_route=%2Fwp%2Fv2%2Fmedia&parent=3143"}],"curies":[{"name":"wp","href":"https:\/\/api.w.org\/{rel}","templated":true}]}}