{"id":3132,"date":"2021-08-02T00:21:03","date_gmt":"2021-08-02T00:21:03","guid":{"rendered":"https:\/\/tmarchives.com.br\/wp\/?page_id=3132"},"modified":"2021-08-02T00:21:03","modified_gmt":"2021-08-02T00:21:03","slug":"consagracao-de-todo-o-coracao","status":"publish","type":"page","link":"https:\/\/tmarchives.com.br\/wp\/?page_id=3132","title":{"rendered":"Consagra\u00e7\u00e3o de Todo o Cora\u00e7\u00e3o"},"content":{"rendered":"\n<div class=\"wp-block-image\"><figure class=\"aligncenter size-full\"><img loading=\"lazy\" decoding=\"async\" width=\"700\" height=\"205\" src=\"https:\/\/tmarchives.com.br\/wp\/wp-content\/uploads\/2021\/08\/imagem190.jpg\" alt=\"\" class=\"wp-image-3133\" srcset=\"https:\/\/tmarchives.com.br\/wp\/wp-content\/uploads\/2021\/08\/imagem190.jpg 700w, https:\/\/tmarchives.com.br\/wp\/wp-content\/uploads\/2021\/08\/imagem190-300x88.jpg 300w\" sizes=\"auto, (max-width: 700px) 100vw, 700px\" \/><\/figure><\/div>\n\n\n\n<figure class=\"wp-block-pullquote is-style-default\" style=\"border-color:#0693e3\"><blockquote><p>&#8220;Para se aproximar do conhecimento de uma personalidade divina, todos os dotes da personalidade do homem devem ser totalmente consagrados ao esfor\u00e7o; a devo\u00e7\u00e3o parcial e indiferente ser\u00e1 in\u00fatil.&#8221;<\/p><\/blockquote><\/figure>\n\n\n\n<p class=\"has-text-align-center\"><a class=\"pag\" href=\"https:\/\/r20.rs6.net\/tn.jsp?f=001j6wrMuvHgzhZYFNGfNJMdzdIg9yOKG_LsE8cjBmt3vPX-V_GIhOZKEzub0SWMAdObg64Mlyklpwi3fNohSqyUioIm8OMQ6eWhRGsHR_aE8y-WmZYQ5Q3Fl998gzuS8cItkBKyVauSlwfh8C4lP-honNp8mZ7DfRKulQ_5JWnm7iscAOg9cxqgmrNIYtGSDpex6NbErTKNAiyYlaqEUb4y8hBfhzPkj5m&amp;c=y6lhLOE-AHh_AiqFWrXbHNNJxyY5J7VmJ68iysowqXHzQZKb5F_bLA==&amp;ch=u-qqyXKxfUMN4ABUL0X5jLFQ06NiVREd5uo9JqhE24DzpiWS8t7vcg==\" target=\"_blank\" rel=\"noreferrer noopener\">(1:6.5) 30.4<\/a><\/p>\n\n\n\n<p>Fonte:<\/p>\n\n\n\n<p align=\"center\"><strong><a href=\"https:\/\/www.urantia.org\/\"  class=\"pag\">Urantia Foundation | 533 Diversey Parkway, Chicago, IL 60614<\/a><\/strong><\/p><\/p>\n\n\n<p class=\"has-text-align-right\">&nbsp;<\/p>\n<p style=\"text-align: right;\"><a class=\"pag\" href=\"https:\/\/tmarchives.com.br\/wp\/?page_id=3037\">Voltar<\/a><\/p>\n\n\n<p><\/p>\n","protected":false},"excerpt":{"rendered":"<p>&#8220;Para se aproximar do conhecimento de uma personalidade divina, todos os dotes da personalidade do homem devem ser totalmente consagrados ao esfor\u00e7o; a devo\u00e7\u00e3o parcial e indiferente ser\u00e1 in\u00fatil.&#8221; (1:6.5) 30.4 Fonte: Urantia Foundation | 533 Diversey Parkway, Chicago, IL 60614 &nbsp; Voltar<\/p>\n","protected":false},"author":1,"featured_media":0,"parent":0,"menu_order":0,"comment_status":"closed","ping_status":"closed","template":"","meta":{"footnotes":""},"class_list":["post-3132","page","type-page","status-publish","hentry"],"_links":{"self":[{"href":"https:\/\/tmarchives.com.br\/wp\/index.php?rest_route=\/wp\/v2\/pages\/3132","targetHints":{"allow":["GET"]}}],"collection":[{"href":"https:\/\/tmarchives.com.br\/wp\/index.php?rest_route=\/wp\/v2\/pages"}],"about":[{"href":"https:\/\/tmarchives.com.br\/wp\/index.php?rest_route=\/wp\/v2\/types\/page"}],"author":[{"embeddable":true,"href":"https:\/\/tmarchives.com.br\/wp\/index.php?rest_route=\/wp\/v2\/users\/1"}],"replies":[{"embeddable":true,"href":"https:\/\/tmarchives.com.br\/wp\/index.php?rest_route=%2Fwp%2Fv2%2Fcomments&post=3132"}],"version-history":[{"count":1,"href":"https:\/\/tmarchives.com.br\/wp\/index.php?rest_route=\/wp\/v2\/pages\/3132\/revisions"}],"predecessor-version":[{"id":3136,"href":"https:\/\/tmarchives.com.br\/wp\/index.php?rest_route=\/wp\/v2\/pages\/3132\/revisions\/3136"}],"wp:attachment":[{"href":"https:\/\/tmarchives.com.br\/wp\/index.php?rest_route=%2Fwp%2Fv2%2Fmedia&parent=3132"}],"curies":[{"name":"wp","href":"https:\/\/api.w.org\/{rel}","templated":true}]}}