{"id":3128,"date":"2021-08-02T00:15:28","date_gmt":"2021-08-02T00:15:28","guid":{"rendered":"https:\/\/tmarchives.com.br\/wp\/?page_id=3128"},"modified":"2021-08-02T00:15:29","modified_gmt":"2021-08-02T00:15:29","slug":"a-escada-viva","status":"publish","type":"page","link":"https:\/\/tmarchives.com.br\/wp\/?page_id=3128","title":{"rendered":"A escada viva"},"content":{"rendered":"\n<div class=\"wp-block-image\"><figure class=\"aligncenter size-full\"><img loading=\"lazy\" decoding=\"async\" width=\"700\" height=\"248\" src=\"https:\/\/tmarchives.com.br\/wp\/wp-content\/uploads\/2021\/08\/imagem189.jpg\" alt=\"\" class=\"wp-image-3129\" srcset=\"https:\/\/tmarchives.com.br\/wp\/wp-content\/uploads\/2021\/08\/imagem189.jpg 700w, https:\/\/tmarchives.com.br\/wp\/wp-content\/uploads\/2021\/08\/imagem189-300x106.jpg 300w\" sizes=\"auto, (max-width: 700px) 100vw, 700px\" \/><\/figure><\/div>\n\n\n\n<figure class=\"wp-block-pullquote is-style-default\" style=\"border-color:#0693e3\"><blockquote><p>&#8220;As personalidades espirituais da vasta fam\u00edlia do Esp\u00edrito Divino e Infinito s\u00e3o para sempre dedicadas ao servi\u00e7o do minist\u00e9rio do amor de Deus e da miseric\u00f3rdia do Filho. Esses seres espirituais constituem a escada viva pela qual o homem mortal sobe do caos \u00e0 gl\u00f3ria .&#8221;<\/p><\/blockquote><\/figure>\n\n\n\n<p class=\"has-text-align-center\"><a class=\"pag\" href=\"https:\/\/r20.rs6.net\/tn.jsp?f=0010p4EnLQPLdCbtUuihLguBA_znvhZdUPMlEmeqrHFdVv-DC5qbOzW30VtMICJGcZxIlDwstIsTbWpgMmdY6sAmSkF3t3Ud-y8DiJ8RH-kz7wQz7Bz2VwzVhhjySHDiDGUWu_z19jylsE3UE7N48gcWfDfMPS8h-KzdH1KpLp-t3_0R3gm5CrxoVVyzF_kJt-AfAbuYSDPKaiRH_ZmUCzlJelP6IFANCl-5u52ONd2fQ77XIxz7t6Job5pKAh-aM9V&amp;c=gevSLO74IEp-2u6UUEClrWRo33sTgT_XrNe36wM-Fo19QECDy6WRTA==&amp;ch=Tq34vDn5jXBNGl4z18h-YTJ7JLFVXePyxn1td8h0yDGCskZZcyuhLQ==\" target=\"_blank\" rel=\"noreferrer noopener\">(9:8.25) 107.13<\/a><\/p>\n\n\n\n<p>Fonte:<\/p>\n\n\n\n<p align=\"center\"><strong><a href=\"https:\/\/www.urantia.org\/\"  class=\"pag\">Urantia Foundation | 533 Diversey Parkway, Chicago, IL 60614<\/a><\/strong><\/p><\/p>\n\n\n<p class=\"has-text-align-right\">&nbsp;<\/p>\n<p style=\"text-align: right;\"><a class=\"pag\" href=\"https:\/\/tmarchives.com.br\/wp\/?page_id=3037\">Voltar<\/a><\/p>\n\n\n<p><\/p>\n","protected":false},"excerpt":{"rendered":"<p>&#8220;As personalidades espirituais da vasta fam\u00edlia do Esp\u00edrito Divino e Infinito s\u00e3o para sempre dedicadas ao servi\u00e7o do minist\u00e9rio do amor de Deus e da miseric\u00f3rdia do Filho. Esses seres espirituais constituem a escada viva pela qual o homem mortal sobe do caos \u00e0 gl\u00f3ria [&hellip;]<\/p>\n","protected":false},"author":1,"featured_media":0,"parent":0,"menu_order":0,"comment_status":"closed","ping_status":"closed","template":"","meta":{"footnotes":""},"class_list":["post-3128","page","type-page","status-publish","hentry"],"_links":{"self":[{"href":"https:\/\/tmarchives.com.br\/wp\/index.php?rest_route=\/wp\/v2\/pages\/3128","targetHints":{"allow":["GET"]}}],"collection":[{"href":"https:\/\/tmarchives.com.br\/wp\/index.php?rest_route=\/wp\/v2\/pages"}],"about":[{"href":"https:\/\/tmarchives.com.br\/wp\/index.php?rest_route=\/wp\/v2\/types\/page"}],"author":[{"embeddable":true,"href":"https:\/\/tmarchives.com.br\/wp\/index.php?rest_route=\/wp\/v2\/users\/1"}],"replies":[{"embeddable":true,"href":"https:\/\/tmarchives.com.br\/wp\/index.php?rest_route=%2Fwp%2Fv2%2Fcomments&post=3128"}],"version-history":[{"count":1,"href":"https:\/\/tmarchives.com.br\/wp\/index.php?rest_route=\/wp\/v2\/pages\/3128\/revisions"}],"predecessor-version":[{"id":3130,"href":"https:\/\/tmarchives.com.br\/wp\/index.php?rest_route=\/wp\/v2\/pages\/3128\/revisions\/3130"}],"wp:attachment":[{"href":"https:\/\/tmarchives.com.br\/wp\/index.php?rest_route=%2Fwp%2Fv2%2Fmedia&parent=3128"}],"curies":[{"name":"wp","href":"https:\/\/api.w.org\/{rel}","templated":true}]}}