{"id":3124,"date":"2021-08-01T21:09:09","date_gmt":"2021-08-01T21:09:09","guid":{"rendered":"https:\/\/tmarchives.com.br\/wp\/?page_id=3124"},"modified":"2021-08-01T21:09:24","modified_gmt":"2021-08-01T21:09:24","slug":"tres-tipos-de-luz","status":"publish","type":"page","link":"https:\/\/tmarchives.com.br\/wp\/?page_id=3124","title":{"rendered":"Tr\u00eas tipos de luz"},"content":{"rendered":"\n<div class=\"wp-block-image\"><figure class=\"aligncenter size-full\"><img loading=\"lazy\" decoding=\"async\" width=\"700\" height=\"298\" src=\"https:\/\/tmarchives.com.br\/wp\/wp-content\/uploads\/2021\/08\/imagem188.jpg\" alt=\"\" class=\"wp-image-3125\" srcset=\"https:\/\/tmarchives.com.br\/wp\/wp-content\/uploads\/2021\/08\/imagem188.jpg 700w, https:\/\/tmarchives.com.br\/wp\/wp-content\/uploads\/2021\/08\/imagem188-300x128.jpg 300w\" sizes=\"auto, (max-width: 700px) 100vw, 700px\" \/><\/figure><\/div>\n\n\n\n<figure class=\"wp-block-pullquote is-style-default\" style=\"border-color:#0693e3\"><blockquote><p>&#8220;Na personalidade, a mente sempre interv\u00e9m entre o esp\u00edrito e a mat\u00e9ria; portanto, o universo \u00e9 iluminado por tr\u00eas tipos de luz: luz material, percep\u00e7\u00e3o intelectual e luminosidade espiritual.&#8221;<\/p><\/blockquote><\/figure>\n\n\n\n<p class=\"has-text-align-center\"><a class=\"pag\" href=\"https:\/\/r20.rs6.net\/tn.jsp?f=0016oSHKB6lb0EHfL5K4SbHuz5cw965XStoCicfyEyrasx3bHB6PQ4uJu_-hniD2MZjKX2GDzPN9UJgLAa1i9ULW8PTbZk7lut2xSqZIqMGrqFpzsIs4xEnDv8oJbU-p0ev3pWlmk-fjKSR56TxbwMtAOq9WxON7NVNAa8Lf7eOGIMHBjBmZqd7Soj3bZSIlkp7AWRxCbnDsqo=&amp;c=_t90cGCtbfH2ROnQk68LA1lY3cDesjqKegdayOPGTlNk6qIszek_7w==&amp;ch=4L6MQ5XSLbRdzoaoB9QAw6tXPoPZ7hhrknRfQQ99weQjQnE8Fcf5mQ==\" target=\"_blank\" rel=\"noreferrer noopener\">(0:6.8) 9.10<\/a><\/p>\n\n\n\n<p>Fonte:<\/p>\n\n\n\n<p align=\"center\"><strong><a href=\"https:\/\/www.urantia.org\/\"  class=\"pag\">Urantia Foundation | 533 Diversey Parkway, Chicago, IL 60614<\/a><\/strong><\/p><\/p>\n\n\n<p class=\"has-text-align-right\">&nbsp;<\/p>\n<p style=\"text-align: right;\"><a class=\"pag\" href=\"https:\/\/tmarchives.com.br\/wp\/?page_id=3037\">Voltar<\/a><\/p>\n\n\n<p><\/p>\n","protected":false},"excerpt":{"rendered":"<p>&#8220;Na personalidade, a mente sempre interv\u00e9m entre o esp\u00edrito e a mat\u00e9ria; portanto, o universo \u00e9 iluminado por tr\u00eas tipos de luz: luz material, percep\u00e7\u00e3o intelectual e luminosidade espiritual.&#8221; (0:6.8) 9.10 Fonte: Urantia Foundation | 533 Diversey Parkway, Chicago, IL 60614 &nbsp; Voltar<\/p>\n","protected":false},"author":1,"featured_media":0,"parent":0,"menu_order":0,"comment_status":"closed","ping_status":"closed","template":"","meta":{"footnotes":""},"class_list":["post-3124","page","type-page","status-publish","hentry"],"_links":{"self":[{"href":"https:\/\/tmarchives.com.br\/wp\/index.php?rest_route=\/wp\/v2\/pages\/3124","targetHints":{"allow":["GET"]}}],"collection":[{"href":"https:\/\/tmarchives.com.br\/wp\/index.php?rest_route=\/wp\/v2\/pages"}],"about":[{"href":"https:\/\/tmarchives.com.br\/wp\/index.php?rest_route=\/wp\/v2\/types\/page"}],"author":[{"embeddable":true,"href":"https:\/\/tmarchives.com.br\/wp\/index.php?rest_route=\/wp\/v2\/users\/1"}],"replies":[{"embeddable":true,"href":"https:\/\/tmarchives.com.br\/wp\/index.php?rest_route=%2Fwp%2Fv2%2Fcomments&post=3124"}],"version-history":[{"count":1,"href":"https:\/\/tmarchives.com.br\/wp\/index.php?rest_route=\/wp\/v2\/pages\/3124\/revisions"}],"predecessor-version":[{"id":3127,"href":"https:\/\/tmarchives.com.br\/wp\/index.php?rest_route=\/wp\/v2\/pages\/3124\/revisions\/3127"}],"wp:attachment":[{"href":"https:\/\/tmarchives.com.br\/wp\/index.php?rest_route=%2Fwp%2Fv2%2Fmedia&parent=3124"}],"curies":[{"name":"wp","href":"https:\/\/api.w.org\/{rel}","templated":true}]}}