{"id":3110,"date":"2021-08-01T20:42:50","date_gmt":"2021-08-01T20:42:50","guid":{"rendered":"https:\/\/tmarchives.com.br\/wp\/?page_id=3110"},"modified":"2021-08-01T20:42:51","modified_gmt":"2021-08-01T20:42:51","slug":"a-grande-lei-da-justica-humana","status":"publish","type":"page","link":"https:\/\/tmarchives.com.br\/wp\/?page_id=3110","title":{"rendered":"A Grande Lei da Justi\u00e7a Humana"},"content":{"rendered":"\n<div class=\"wp-block-image\"><figure class=\"aligncenter size-full\"><img loading=\"lazy\" decoding=\"async\" width=\"700\" height=\"281\" src=\"https:\/\/tmarchives.com.br\/wp\/wp-content\/uploads\/2021\/08\/imagem185.jpg\" alt=\"\" class=\"wp-image-3111\" srcset=\"https:\/\/tmarchives.com.br\/wp\/wp-content\/uploads\/2021\/08\/imagem185.jpg 700w, https:\/\/tmarchives.com.br\/wp\/wp-content\/uploads\/2021\/08\/imagem185-300x120.jpg 300w\" sizes=\"auto, (max-width: 700px) 100vw, 700px\" \/><\/figure><\/div>\n\n\n\n<figure class=\"wp-block-pullquote is-style-default\" style=\"border-color:#0693e3\"><blockquote><p>&#8220;Voc\u00ea n\u00e3o deve esquecer a grande lei da justi\u00e7a humana que eu lhe ensinei de forma positiva: tudo o que voc\u00ea deseja que os homens fa\u00e7am a voc\u00ea, fa\u00e7a-o tamb\u00e9m a eles.&#8221;<br>\n\nJesus<\/p><\/blockquote><\/figure>\n\n\n\n<p class=\"has-text-align-center\"><a class=\"pag\" href=\"https:\/\/r20.rs6.net\/tn.jsp?f=001rVJjNl5bK2B_Cac7qGt7_Jx3ok4rJ_cDb6sAwIUHygz2wmHWAtEPpy4GLsRA7TPSvV1yfzNwpIZPDS23-3r9TOJf_r5bECgBg9hwS04BBrHg1keSeQkeX2XQOZAd6zreRSmDi-nLzdiPd_yuZFIjiGWPfexDswUaMk7_Qd9QvTbvRT8vhY1UrI5hlQqzu8VPAVdz1MIcEXwXor3XAQraaNUg8fVGg1SktKZR2SD6TVQ=&amp;c=yoNDxLQTnO3Ik0cBV557fDWyRda3tX9AjdI5Q-jLYKkLKhaDnROIRQ==&amp;ch=32UkozyEH0Tkh05-Nt8jt4DNwbJGVgXSisv6hU-12C3GffP02Y2Qvw==\" target=\"_blank\" rel=\"noreferrer noopener\">(178:1.2) 1931.3<\/a><\/p>\n\n\n\n<p>Fonte:<\/p>\n\n\n\n<p align=\"center\"><strong><a href=\"https:\/\/www.urantia.org\/\"  class=\"pag\">Urantia Foundation | 533 Diversey Parkway, Chicago, IL 60614<\/a><\/strong><\/p><\/p>\n\n\n<p class=\"has-text-align-right\">&nbsp;<\/p>\n<p style=\"text-align: right;\"><a class=\"pag\" href=\"https:\/\/tmarchives.com.br\/wp\/?page_id=3037\">Voltar<\/a><\/p>\n\n\n<p><\/p>\n","protected":false},"excerpt":{"rendered":"<p>&#8220;Voc\u00ea n\u00e3o deve esquecer a grande lei da justi\u00e7a humana que eu lhe ensinei de forma positiva: tudo o que voc\u00ea deseja que os homens fa\u00e7am a voc\u00ea, fa\u00e7a-o tamb\u00e9m a eles.&#8221; Jesus (178:1.2) 1931.3 Fonte: Urantia Foundation | 533 Diversey Parkway, Chicago, IL 60614 [&hellip;]<\/p>\n","protected":false},"author":1,"featured_media":0,"parent":0,"menu_order":0,"comment_status":"closed","ping_status":"closed","template":"","meta":{"footnotes":""},"class_list":["post-3110","page","type-page","status-publish","hentry"],"_links":{"self":[{"href":"https:\/\/tmarchives.com.br\/wp\/index.php?rest_route=\/wp\/v2\/pages\/3110","targetHints":{"allow":["GET"]}}],"collection":[{"href":"https:\/\/tmarchives.com.br\/wp\/index.php?rest_route=\/wp\/v2\/pages"}],"about":[{"href":"https:\/\/tmarchives.com.br\/wp\/index.php?rest_route=\/wp\/v2\/types\/page"}],"author":[{"embeddable":true,"href":"https:\/\/tmarchives.com.br\/wp\/index.php?rest_route=\/wp\/v2\/users\/1"}],"replies":[{"embeddable":true,"href":"https:\/\/tmarchives.com.br\/wp\/index.php?rest_route=%2Fwp%2Fv2%2Fcomments&post=3110"}],"version-history":[{"count":1,"href":"https:\/\/tmarchives.com.br\/wp\/index.php?rest_route=\/wp\/v2\/pages\/3110\/revisions"}],"predecessor-version":[{"id":3112,"href":"https:\/\/tmarchives.com.br\/wp\/index.php?rest_route=\/wp\/v2\/pages\/3110\/revisions\/3112"}],"wp:attachment":[{"href":"https:\/\/tmarchives.com.br\/wp\/index.php?rest_route=%2Fwp%2Fv2%2Fmedia&parent=3110"}],"curies":[{"name":"wp","href":"https:\/\/api.w.org\/{rel}","templated":true}]}}