{"id":3106,"date":"2021-08-01T20:33:04","date_gmt":"2021-08-01T20:33:04","guid":{"rendered":"https:\/\/tmarchives.com.br\/wp\/?page_id=3106"},"modified":"2021-08-01T20:33:04","modified_gmt":"2021-08-01T20:33:04","slug":"a-satisfacao-de-um-trabalho-bem-executado","status":"publish","type":"page","link":"https:\/\/tmarchives.com.br\/wp\/?page_id=3106","title":{"rendered":"A satisfa\u00e7\u00e3o de um trabalho bem executado"},"content":{"rendered":"\n<div class=\"wp-block-image\"><figure class=\"aligncenter size-full\"><img loading=\"lazy\" decoding=\"async\" width=\"700\" height=\"369\" src=\"https:\/\/tmarchives.com.br\/wp\/wp-content\/uploads\/2021\/08\/imagem184.jpg\" alt=\"\" class=\"wp-image-3107\" srcset=\"https:\/\/tmarchives.com.br\/wp\/wp-content\/uploads\/2021\/08\/imagem184.jpg 700w, https:\/\/tmarchives.com.br\/wp\/wp-content\/uploads\/2021\/08\/imagem184-300x158.jpg 300w\" sizes=\"auto, (max-width: 700px) 100vw, 700px\" \/><\/figure><\/div>\n\n\n\n<figure class=\"wp-block-pullquote is-style-default\" style=\"border-color:#0693e3\"><blockquote><p>&#8220;[Jesus] esfor\u00e7ou-se muito com todo o seu trabalho manual e parecia sentir a satisfa\u00e7\u00e3o da realiza\u00e7\u00e3o humana quando concluiu um trabalho louv\u00e1vel.&#8221;<\/p><\/blockquote><\/figure>\n\n\n\n<p class=\"has-text-align-center\"><a class=\"pag\" href=\"https:\/\/r20.rs6.net\/tn.jsp?f=001F-bImCJ4wjKMA4N6gnoqikVa5bByV3Jz4tJb5zBeoqWM5wVvkYlnG_FmmNjmjdIu9yinxQsJiLgnxovbVB7bDy_x_bvAkvKrVObghY6sNedM7lHWu96WuCjnn836nVAXGA__6ArvihvfoSyoc1vIoOLfmwlZvLIsv_3aWMTLlXLI9iTZ6uHPe77WgNRkoURN2daAYLu4iAUg7S5fFZHJxe4oplZUPo5enlIQHCakDH8=&amp;c=c_JRA_H_tByoheK0AX7sHHLJnVXbCuJwMKUOgWteoowKueOt3iNAEg==&amp;ch=zvae4fv8FN6uVGEQi9x5Hip75xEiTHEwZ4R28nOPe_a85FXYS0yCQg==\" target=\"_blank\" rel=\"noreferrer noopener\">(134:9.7) 1495.4<\/a><\/p>\n\n\n\n<p>Fonte:<\/p>\n\n\n\n<p align=\"center\"><strong><a href=\"https:\/\/www.urantia.org\/\"  class=\"pag\">Urantia Foundation | 533 Diversey Parkway, Chicago, IL 60614<\/a><\/strong><\/p><\/p>\n\n\n<p class=\"has-text-align-right\">&nbsp;<\/p>\n<p style=\"text-align: right;\"><a class=\"pag\" href=\"https:\/\/tmarchives.com.br\/wp\/?page_id=3037\">Voltar<\/a><\/p>\n\n\n<p><\/p>\n","protected":false},"excerpt":{"rendered":"<p>&#8220;[Jesus] esfor\u00e7ou-se muito com todo o seu trabalho manual e parecia sentir a satisfa\u00e7\u00e3o da realiza\u00e7\u00e3o humana quando concluiu um trabalho louv\u00e1vel.&#8221; (134:9.7) 1495.4 Fonte: Urantia Foundation | 533 Diversey Parkway, Chicago, IL 60614 &nbsp; Voltar<\/p>\n","protected":false},"author":1,"featured_media":0,"parent":0,"menu_order":0,"comment_status":"closed","ping_status":"closed","template":"","meta":{"footnotes":""},"class_list":["post-3106","page","type-page","status-publish","hentry"],"_links":{"self":[{"href":"https:\/\/tmarchives.com.br\/wp\/index.php?rest_route=\/wp\/v2\/pages\/3106","targetHints":{"allow":["GET"]}}],"collection":[{"href":"https:\/\/tmarchives.com.br\/wp\/index.php?rest_route=\/wp\/v2\/pages"}],"about":[{"href":"https:\/\/tmarchives.com.br\/wp\/index.php?rest_route=\/wp\/v2\/types\/page"}],"author":[{"embeddable":true,"href":"https:\/\/tmarchives.com.br\/wp\/index.php?rest_route=\/wp\/v2\/users\/1"}],"replies":[{"embeddable":true,"href":"https:\/\/tmarchives.com.br\/wp\/index.php?rest_route=%2Fwp%2Fv2%2Fcomments&post=3106"}],"version-history":[{"count":1,"href":"https:\/\/tmarchives.com.br\/wp\/index.php?rest_route=\/wp\/v2\/pages\/3106\/revisions"}],"predecessor-version":[{"id":3108,"href":"https:\/\/tmarchives.com.br\/wp\/index.php?rest_route=\/wp\/v2\/pages\/3106\/revisions\/3108"}],"wp:attachment":[{"href":"https:\/\/tmarchives.com.br\/wp\/index.php?rest_route=%2Fwp%2Fv2%2Fmedia&parent=3106"}],"curies":[{"name":"wp","href":"https:\/\/api.w.org\/{rel}","templated":true}]}}