{"id":3090,"date":"2021-08-01T16:22:09","date_gmt":"2021-08-01T16:22:09","guid":{"rendered":"https:\/\/tmarchives.com.br\/wp\/?page_id=3090"},"modified":"2021-08-01T16:24:26","modified_gmt":"2021-08-01T16:24:26","slug":"natanael-e-tome-descrevem-jesus","status":"publish","type":"page","link":"https:\/\/tmarchives.com.br\/wp\/?page_id=3090","title":{"rendered":"Natanael e Tom\u00e9 descrevem Jesus"},"content":{"rendered":"\n<div class=\"wp-block-image\"><figure class=\"aligncenter size-full\"><img loading=\"lazy\" decoding=\"async\" width=\"700\" height=\"270\" src=\"https:\/\/tmarchives.com.br\/wp\/wp-content\/uploads\/2021\/08\/imagem181.jpg\" alt=\"\" class=\"wp-image-3092\" srcset=\"https:\/\/tmarchives.com.br\/wp\/wp-content\/uploads\/2021\/08\/imagem181.jpg 700w, https:\/\/tmarchives.com.br\/wp\/wp-content\/uploads\/2021\/08\/imagem181-300x116.jpg 300w\" sizes=\"auto, (max-width: 700px) 100vw, 700px\" \/><\/figure><\/div>\n\n\n\n<figure class=\"wp-block-pullquote is-style-default\" style=\"border-color:#0693e3\"><blockquote><p>&#8220;Ele \u00e9 a pessoa mais verdadeiramente altru\u00edsta que j\u00e1 conhecemos. Ele \u00e9 amigo at\u00e9 dos pecadores; ele ousa amar seus inimigos.&#8221;<\/p><\/blockquote><\/figure>\n\n\n\n<p class=\"has-text-align-center\"><a class=\"pag\" href=\"https:\/\/r20.rs6.net\/tn.jsp?f=001j3yezqRmlQ6c5P-ISllEVUcH6HhZvxwHr83eIfqe4Vk1qVJLSQY07GBVzlwt83OAP2sqUHht0ssaXOmIFrq7dYF8lGPGosBGWCBpkmIVyrtrdUsS1rTXM65yMdKv060lnp1HtQ2GMTlD-g6xHLZJIDI1O_jaJeR_pTJgFhEQB_3m4wsnYQOZr-lmNhLY2bSQbkcbj_KyV27KS6y3jYll2qlPBcyKt44eAPbkVxCiWsj1f2k5SWY0TA==&amp;c=zsDc80jYPGKgiU8euoNYwrSaJqIyjY9KOuxYZJLY_P2ExCatPP0uCA==&amp;ch=vwr0mG2v9JbuKrbaisRgQiPK5Iay54pimjF2aEEDANktYRiQ3v07jg==\" target=\"_blank\" rel=\"noreferrer noopener\">(161:2.3) 1785.3<\/a><\/p>\n\n\n\n<p>Fonte:<\/p>\n\n\n\n<p align=\"center\"><strong><a href=\"https:\/\/www.urantia.org\/\"  class=\"pag\">Urantia Foundation | 533 Diversey Parkway, Chicago, IL 60614<\/a><\/strong><\/p><\/p>\n\n\n<p class=\"has-text-align-right\">&nbsp;<\/p>\n<p style=\"text-align: right;\"><a class=\"pag\" href=\"https:\/\/tmarchives.com.br\/wp\/?page_id=3037\">Voltar<\/a><\/p>\n\n\n<p><\/p>\n","protected":false},"excerpt":{"rendered":"<p>&#8220;Ele \u00e9 a pessoa mais verdadeiramente altru\u00edsta que j\u00e1 conhecemos. Ele \u00e9 amigo at\u00e9 dos pecadores; ele ousa amar seus inimigos.&#8221; (161:2.3) 1785.3 Fonte: Urantia Foundation | 533 Diversey Parkway, Chicago, IL 60614 &nbsp; Voltar<\/p>\n","protected":false},"author":1,"featured_media":0,"parent":0,"menu_order":0,"comment_status":"closed","ping_status":"closed","template":"","meta":{"footnotes":""},"class_list":["post-3090","page","type-page","status-publish","hentry"],"_links":{"self":[{"href":"https:\/\/tmarchives.com.br\/wp\/index.php?rest_route=\/wp\/v2\/pages\/3090","targetHints":{"allow":["GET"]}}],"collection":[{"href":"https:\/\/tmarchives.com.br\/wp\/index.php?rest_route=\/wp\/v2\/pages"}],"about":[{"href":"https:\/\/tmarchives.com.br\/wp\/index.php?rest_route=\/wp\/v2\/types\/page"}],"author":[{"embeddable":true,"href":"https:\/\/tmarchives.com.br\/wp\/index.php?rest_route=\/wp\/v2\/users\/1"}],"replies":[{"embeddable":true,"href":"https:\/\/tmarchives.com.br\/wp\/index.php?rest_route=%2Fwp%2Fv2%2Fcomments&post=3090"}],"version-history":[{"count":3,"href":"https:\/\/tmarchives.com.br\/wp\/index.php?rest_route=\/wp\/v2\/pages\/3090\/revisions"}],"predecessor-version":[{"id":3094,"href":"https:\/\/tmarchives.com.br\/wp\/index.php?rest_route=\/wp\/v2\/pages\/3090\/revisions\/3094"}],"wp:attachment":[{"href":"https:\/\/tmarchives.com.br\/wp\/index.php?rest_route=%2Fwp%2Fv2%2Fmedia&parent=3090"}],"curies":[{"name":"wp","href":"https:\/\/api.w.org\/{rel}","templated":true}]}}