{"id":3077,"date":"2021-08-01T15:59:09","date_gmt":"2021-08-01T15:59:09","guid":{"rendered":"https:\/\/tmarchives.com.br\/wp\/?page_id=3077"},"modified":"2021-08-01T16:01:57","modified_gmt":"2021-08-01T16:01:57","slug":"perolas-antes-dos-suinos","status":"publish","type":"page","link":"https:\/\/tmarchives.com.br\/wp\/?page_id=3077","title":{"rendered":"P\u00e9rolas aos su\u00ednos"},"content":{"rendered":"\n<div class=\"wp-block-image\"><figure class=\"aligncenter size-full is-resized\"><img loading=\"lazy\" decoding=\"async\" src=\"https:\/\/tmarchives.com.br\/wp\/wp-content\/uploads\/2021\/08\/imagem179.jpg\" alt=\"\" class=\"wp-image-3078\" width=\"987\" height=\"255\" srcset=\"https:\/\/tmarchives.com.br\/wp\/wp-content\/uploads\/2021\/08\/imagem179.jpg 700w, https:\/\/tmarchives.com.br\/wp\/wp-content\/uploads\/2021\/08\/imagem179-300x78.jpg 300w\" sizes=\"auto, (max-width: 987px) 100vw, 987px\" \/><\/figure><\/div>\n\n\n\n<figure class=\"wp-block-pullquote is-style-default\" style=\"border-color:#0693e3\"><blockquote><p>&#8220;Em todos os neg\u00f3cios do reino, exorto-o a mostrar ju\u00edzo justo e sabedoria aguda. N\u00e3o apresente o que \u00e9 sagrado aos c\u00e3es, nem lance suas p\u00e9rolas aos porcos, para que eles n\u00e3o pisem nas suas joias e se voltem para rasg\u00e1-lo.&#8221;<br>\n\nJesus,<\/p><\/blockquote><\/figure>\n\n\n\n<p class=\"has-text-align-center\"><a class=\"pag\" href=\"https:\/\/r20.rs6.net\/tn.jsp?f=001jxxy4HV5a-ypxAI2eSoRUw2tNWTp-1gI0yXL3a9SGNwy4Zm9AjtLhV9jB-KhL7Gk9Ehxl2WKdKeSny4PmoJo43mpNZ-nlH812p8raj7Wy6dcr00wykBsKeE0UdgfRH65nBoduRb4XHD-xWyPaQU11ZggAZvOar_6w2SYnJsgVD8beh2XFSJv5PlCf2RWp7_4Pu_pJcfYztE7MPZ9bZ0ghEw2d6UR7sndRwUEe48-1ck=&amp;c=XOtmpVU9_rNIbSWMSg8zcmYAFN6K6j-hGVLAiGelzVNltw0Gizl7VA==&amp;ch=Ztt0GaKgvPsWh0bhzS-a_aNtH6-7aqFryAmjHuuD4bjsbXcQgv7VsQ==\" target=\"_blank\" rel=\"noreferrer noopener\">(140:3.18) 1571.5<\/a><\/p>\n\n\n\n<p>Fonte:<\/p>\n\n\n\n<p align=\"center\"><strong><a href=\"https:\/\/www.urantia.org\/\"  class=\"pag\">Urantia Foundation | 533 Diversey Parkway, Chicago, IL 60614<\/a><\/strong><\/p><\/p>\n\n\n<p class=\"has-text-align-right\">&nbsp;<\/p>\n<p style=\"text-align: right;\"><a class=\"pag\" href=\"https:\/\/tmarchives.com.br\/wp\/?page_id=3037\">Voltar<\/a><\/p>\n\n\n<p><\/p>\n","protected":false},"excerpt":{"rendered":"<p>&#8220;Em todos os neg\u00f3cios do reino, exorto-o a mostrar ju\u00edzo justo e sabedoria aguda. N\u00e3o apresente o que \u00e9 sagrado aos c\u00e3es, nem lance suas p\u00e9rolas aos porcos, para que eles n\u00e3o pisem nas suas joias e se voltem para rasg\u00e1-lo.&#8221; Jesus, (140:3.18) 1571.5 Fonte: [&hellip;]<\/p>\n","protected":false},"author":1,"featured_media":0,"parent":0,"menu_order":0,"comment_status":"closed","ping_status":"closed","template":"","meta":{"footnotes":""},"class_list":["post-3077","page","type-page","status-publish","hentry"],"_links":{"self":[{"href":"https:\/\/tmarchives.com.br\/wp\/index.php?rest_route=\/wp\/v2\/pages\/3077","targetHints":{"allow":["GET"]}}],"collection":[{"href":"https:\/\/tmarchives.com.br\/wp\/index.php?rest_route=\/wp\/v2\/pages"}],"about":[{"href":"https:\/\/tmarchives.com.br\/wp\/index.php?rest_route=\/wp\/v2\/types\/page"}],"author":[{"embeddable":true,"href":"https:\/\/tmarchives.com.br\/wp\/index.php?rest_route=\/wp\/v2\/users\/1"}],"replies":[{"embeddable":true,"href":"https:\/\/tmarchives.com.br\/wp\/index.php?rest_route=%2Fwp%2Fv2%2Fcomments&post=3077"}],"version-history":[{"count":2,"href":"https:\/\/tmarchives.com.br\/wp\/index.php?rest_route=\/wp\/v2\/pages\/3077\/revisions"}],"predecessor-version":[{"id":3083,"href":"https:\/\/tmarchives.com.br\/wp\/index.php?rest_route=\/wp\/v2\/pages\/3077\/revisions\/3083"}],"wp:attachment":[{"href":"https:\/\/tmarchives.com.br\/wp\/index.php?rest_route=%2Fwp%2Fv2%2Fmedia&parent=3077"}],"curies":[{"name":"wp","href":"https:\/\/api.w.org\/{rel}","templated":true}]}}