{"id":3067,"date":"2021-08-01T12:15:20","date_gmt":"2021-08-01T12:15:20","guid":{"rendered":"https:\/\/tmarchives.com.br\/wp\/?page_id=3067"},"modified":"2021-08-01T12:15:21","modified_gmt":"2021-08-01T12:15:21","slug":"ajuda-dupla","status":"publish","type":"page","link":"https:\/\/tmarchives.com.br\/wp\/?page_id=3067","title":{"rendered":"Ajuda dupla"},"content":{"rendered":"\n<div class=\"wp-block-image\"><figure class=\"aligncenter size-full is-resized\"><img loading=\"lazy\" decoding=\"async\" src=\"https:\/\/tmarchives.com.br\/wp\/wp-content\/uploads\/2021\/08\/imagem177.jpg\" alt=\"\" class=\"wp-image-3069\" width=\"860\" height=\"286\" srcset=\"https:\/\/tmarchives.com.br\/wp\/wp-content\/uploads\/2021\/08\/imagem177.jpg 700w, https:\/\/tmarchives.com.br\/wp\/wp-content\/uploads\/2021\/08\/imagem177-300x100.jpg 300w\" sizes=\"auto, (max-width: 860px) 100vw, 860px\" \/><\/figure><\/div>\n\n\n\n<figure class=\"wp-block-pullquote is-style-default\" style=\"border-color:#0693e3\"><blockquote><p>&#8220;Assim como o fragmento espiritual do Pai habita em voc\u00ea, o mesmo acontece com a presen\u00e7a espiritual do Filho, enquanto estes dois trabalham para sempre como um para o seu avan\u00e7o espiritual.&#8221;<\/p><\/blockquote><\/figure>\n\n\n\n<p class=\"has-text-align-center\"><a class=\"pag\" href=\"https:\/\/r20.rs6.net\/tn.jsp?f=001_b1whKuK9TGnAdZvDRFvABurNSNkus2aF703Q18hZuTuOa3kqb5ZjHKEIbrJ7ZAFSD2hNwOU-Zj86tXWzswNdHt_wyIZ3iddaYkvhlJ7mReRS2RhQt4UDUefHwwUFUXIVmD16hT1JQmLTxHIrEpkECl8087ZdgsPNC6M8W65uDJINmfNbVsfMCBgfw5mMZ8b11rz3m8hgDbrQULNVoBQOodLTRwpFSaz&amp;c=bF8M-qiQ1OYcI4TmRhP2MYItRRsQfPg1H7PalXIMOhnUmojkZiBzXg==&amp;ch=IyCZ-nk2UjLkI-vpdcJbgjU168e_mG13tDp2c1FA85bnQA9ech19dw==\" target=\"_blank\" rel=\"noreferrer noopener\">(6:5.7) 78.3<\/a><\/p>\n\n\n\n<p>Fonte:<\/p>\n\n\n\n<p align=\"center\"><strong><a href=\"https:\/\/www.urantia.org\/\"  class=\"pag\">Urantia Foundation | 533 Diversey Parkway, Chicago, IL 60614<\/a><\/strong><\/p><\/p>\n\n\n<p class=\"has-text-align-right\">&nbsp;<\/p>\n<p style=\"text-align: right;\"><a class=\"pag\" href=\"https:\/\/tmarchives.com.br\/wp\/?page_id=3037\">Voltar<\/a><\/p>\n\n\n<p><\/p>\n","protected":false},"excerpt":{"rendered":"<p>&#8220;Assim como o fragmento espiritual do Pai habita em voc\u00ea, o mesmo acontece com a presen\u00e7a espiritual do Filho, enquanto estes dois trabalham para sempre como um para o seu avan\u00e7o espiritual.&#8221; (6:5.7) 78.3 Fonte: Urantia Foundation | 533 Diversey Parkway, Chicago, IL 60614 &nbsp; [&hellip;]<\/p>\n","protected":false},"author":1,"featured_media":0,"parent":0,"menu_order":0,"comment_status":"closed","ping_status":"closed","template":"","meta":{"footnotes":""},"class_list":["post-3067","page","type-page","status-publish","hentry"],"_links":{"self":[{"href":"https:\/\/tmarchives.com.br\/wp\/index.php?rest_route=\/wp\/v2\/pages\/3067","targetHints":{"allow":["GET"]}}],"collection":[{"href":"https:\/\/tmarchives.com.br\/wp\/index.php?rest_route=\/wp\/v2\/pages"}],"about":[{"href":"https:\/\/tmarchives.com.br\/wp\/index.php?rest_route=\/wp\/v2\/types\/page"}],"author":[{"embeddable":true,"href":"https:\/\/tmarchives.com.br\/wp\/index.php?rest_route=\/wp\/v2\/users\/1"}],"replies":[{"embeddable":true,"href":"https:\/\/tmarchives.com.br\/wp\/index.php?rest_route=%2Fwp%2Fv2%2Fcomments&post=3067"}],"version-history":[{"count":1,"href":"https:\/\/tmarchives.com.br\/wp\/index.php?rest_route=\/wp\/v2\/pages\/3067\/revisions"}],"predecessor-version":[{"id":3070,"href":"https:\/\/tmarchives.com.br\/wp\/index.php?rest_route=\/wp\/v2\/pages\/3067\/revisions\/3070"}],"wp:attachment":[{"href":"https:\/\/tmarchives.com.br\/wp\/index.php?rest_route=%2Fwp%2Fv2%2Fmedia&parent=3067"}],"curies":[{"name":"wp","href":"https:\/\/api.w.org\/{rel}","templated":true}]}}