{"id":3060,"date":"2021-08-01T12:03:52","date_gmt":"2021-08-01T12:03:52","guid":{"rendered":"https:\/\/tmarchives.com.br\/wp\/?page_id=3060"},"modified":"2021-08-01T12:06:55","modified_gmt":"2021-08-01T12:06:55","slug":"forca-com-sabedoria","status":"publish","type":"page","link":"https:\/\/tmarchives.com.br\/wp\/?page_id=3060","title":{"rendered":"For\u00e7a com sabedoria"},"content":{"rendered":"\n<div class=\"wp-block-image\"><figure class=\"aligncenter size-full is-resized\"><img loading=\"lazy\" decoding=\"async\" src=\"https:\/\/tmarchives.com.br\/wp\/wp-content\/uploads\/2021\/08\/imagem176.jpg\" alt=\"\" class=\"wp-image-3061\" width=\"699\" height=\"354\" srcset=\"https:\/\/tmarchives.com.br\/wp\/wp-content\/uploads\/2021\/08\/imagem176.jpg 700w, https:\/\/tmarchives.com.br\/wp\/wp-content\/uploads\/2021\/08\/imagem176-300x152.jpg 300w\" sizes=\"auto, (max-width: 699px) 100vw, 699px\" \/><\/figure><\/div>\n\n\n\n<figure class=\"wp-block-pullquote is-style-default\" style=\"border-color:#0693e3\"><blockquote><p>&#8220;A grandeza n\u00e3o reside tanto em possuir for\u00e7a, mas em fazer um uso s\u00e1bio e divino de tal for\u00e7a.&#8221;<\/p><\/blockquote><\/figure>\n\n\n\n<p class=\"has-text-align-center\"><a class=\"pag\" href=\"https:\/\/r20.rs6.net\/tn.jsp?f=001Ge5NY_nW1k5W6QJDNqL3xoCWXQEr984VorfSC37R4jVqDpW9Vgb7ZIvKfMeA8MSJwKeSwA24hFM7O3YeY5J7koqC72NRFm9XF-OxYxyStOII2BxJyYBKR_1gxsSILdbj6mOxdieyItF__JlIXzozDnyxfSjdHakJfnGn5iJDmNFVkgK5pzIf64TG8EUhptZfjJPoZq1NATTLiBnlbMl-2fD8ZE99jGVt&amp;c=D4lExzQmIcoJ90xJ_BC0FvlAId0-9JYbl4RSAY96QZbvzRW2EGMt5w==&amp;ch=SVJOTVf6hvjibZrIUc40czrMwveCp0jIqafWFmgFowG-F05bzqOSfg==\" target=\"_blank\" rel=\"noreferrer noopener\">(48:7.27) 557.11<\/a><\/p>\n\n\n\n<p>Fonte:<\/p>\n\n\n\n<p align=\"center\"><strong><a href=\"https:\/\/www.urantia.org\/\"  class=\"pag\">Urantia Foundation | 533 Diversey Parkway, Chicago, IL 60614<\/a><\/strong><\/p><\/p>\n\n\n\n<p class=\"has-text-align-right\">&nbsp;<\/p>\n\n\n\n<p class=\"has-text-align-right\"><a class=\"pag\" href=\"https:\/\/tmarchives.com.br\/wp\/?page_id=3037\">Voltar<\/a><\/p>\n\n\n\n<p><\/p>\n","protected":false},"excerpt":{"rendered":"<p>&#8220;A grandeza n\u00e3o reside tanto em possuir for\u00e7a, mas em fazer um uso s\u00e1bio e divino de tal for\u00e7a.&#8221; (48:7.27) 557.11 Fonte: Urantia Foundation | 533 Diversey Parkway, Chicago, IL 60614 &nbsp; Voltar<\/p>\n","protected":false},"author":1,"featured_media":0,"parent":0,"menu_order":0,"comment_status":"closed","ping_status":"closed","template":"","meta":{"footnotes":""},"class_list":["post-3060","page","type-page","status-publish","hentry"],"_links":{"self":[{"href":"https:\/\/tmarchives.com.br\/wp\/index.php?rest_route=\/wp\/v2\/pages\/3060","targetHints":{"allow":["GET"]}}],"collection":[{"href":"https:\/\/tmarchives.com.br\/wp\/index.php?rest_route=\/wp\/v2\/pages"}],"about":[{"href":"https:\/\/tmarchives.com.br\/wp\/index.php?rest_route=\/wp\/v2\/types\/page"}],"author":[{"embeddable":true,"href":"https:\/\/tmarchives.com.br\/wp\/index.php?rest_route=\/wp\/v2\/users\/1"}],"replies":[{"embeddable":true,"href":"https:\/\/tmarchives.com.br\/wp\/index.php?rest_route=%2Fwp%2Fv2%2Fcomments&post=3060"}],"version-history":[{"count":2,"href":"https:\/\/tmarchives.com.br\/wp\/index.php?rest_route=\/wp\/v2\/pages\/3060\/revisions"}],"predecessor-version":[{"id":3065,"href":"https:\/\/tmarchives.com.br\/wp\/index.php?rest_route=\/wp\/v2\/pages\/3060\/revisions\/3065"}],"wp:attachment":[{"href":"https:\/\/tmarchives.com.br\/wp\/index.php?rest_route=%2Fwp%2Fv2%2Fmedia&parent=3060"}],"curies":[{"name":"wp","href":"https:\/\/api.w.org\/{rel}","templated":true}]}}