{"id":3003,"date":"2021-07-26T04:02:23","date_gmt":"2021-07-26T04:02:23","guid":{"rendered":"https:\/\/tmarchives.com.br\/wp\/?page_id=3003"},"modified":"2021-07-26T04:03:22","modified_gmt":"2021-07-26T04:03:22","slug":"revelacao-da-verdade","status":"publish","type":"page","link":"https:\/\/tmarchives.com.br\/wp\/?page_id=3003","title":{"rendered":"Revela\u00e7\u00e3o da Verdade"},"content":{"rendered":"\n<div class=\"wp-block-image\"><figure class=\"aligncenter size-full\"><img loading=\"lazy\" decoding=\"async\" width=\"700\" height=\"363\" src=\"https:\/\/tmarchives.com.br\/wp\/wp-content\/uploads\/2021\/07\/imagem172.jpg\" alt=\"\" class=\"wp-image-3005\" srcset=\"https:\/\/tmarchives.com.br\/wp\/wp-content\/uploads\/2021\/07\/imagem172.jpg 700w, https:\/\/tmarchives.com.br\/wp\/wp-content\/uploads\/2021\/07\/imagem172-300x156.jpg 300w\" sizes=\"auto, (max-width: 700px) 100vw, 700px\" \/><\/figure><\/div>\n\n\n\n<figure class=\"wp-block-pullquote is-style-default\" style=\"border-color:#0693e3\"><blockquote><p>&#8220;Nunca se esque\u00e7a, o Pai n\u00e3o limita a revela\u00e7\u00e3o da verdade a nenhuma gera\u00e7\u00e3o ou a nenhum povo.&#8221;<\/p><\/blockquote><\/figure>\n\n\n\n<p class=\"has-text-align-center\"><a class=\"pag\" href=\"https:\/\/r20.rs6.net\/tn.jsp?f=00150Ep6SqECFfuN8T5DX9mXqGmgg_jLJLETcUdScvb5btuKWgUpOeNmeqLz8rJ8w9oO740fxR2W2W4HYSYcHB1B1kIZbrKJNe8pX2oKoWee192sCXC3DpA6CGDfEkbmkYJ4s6qmffGTb-UyRP4SH91VMuNdrmTss1imiP6Og138QAMJSgbi2vQlCrpv-eG4IXoHW5CmFYyFSRxYrGFfXkyvLNF2IsDzb52JErpSkaQ49Q=&amp;c=T5pKkTw48C2mDe-U0BmteE7JWSXLAwQ-odzhGgGSRyFdtgVtta646A==&amp;ch=UEBWHHtES6ag3oeURT3oKZ-tevWLMiYCfACysvkXAMG3ph6ZVy5R9A==\" target=\"_blank\" rel=\"noreferrer noopener\">(159:4.6) 1768.2<\/a><\/p>\n\n\n\n<p>Fonte:<\/p>\n\n\n\n<p align=\"center\"><strong><a href=\"https:\/\/www.urantia.org\/\"  class=\"pag\">Urantia Foundation | 533 Diversey Parkway, Chicago, IL 60614<\/a><\/strong><\/p><\/p>\n\n\n<p class=\"has-text-align-right\">\n<\/p><p style=\"text-align: right;\"><a class=\"pag\" href=\"https:\/\/tmarchives.com.br\/wp\/?page_id=1340\">Voltar<\/a><\/p>\n\n\n<p><\/p>\n","protected":false},"excerpt":{"rendered":"<p>&#8220;Nunca se esque\u00e7a, o Pai n\u00e3o limita a revela\u00e7\u00e3o da verdade a nenhuma gera\u00e7\u00e3o ou a nenhum povo.&#8221; (159:4.6) 1768.2 Fonte: Urantia Foundation | 533 Diversey Parkway, Chicago, IL 60614 Voltar<\/p>\n","protected":false},"author":1,"featured_media":0,"parent":0,"menu_order":0,"comment_status":"closed","ping_status":"closed","template":"","meta":{"footnotes":""},"class_list":["post-3003","page","type-page","status-publish","hentry"],"_links":{"self":[{"href":"https:\/\/tmarchives.com.br\/wp\/index.php?rest_route=\/wp\/v2\/pages\/3003","targetHints":{"allow":["GET"]}}],"collection":[{"href":"https:\/\/tmarchives.com.br\/wp\/index.php?rest_route=\/wp\/v2\/pages"}],"about":[{"href":"https:\/\/tmarchives.com.br\/wp\/index.php?rest_route=\/wp\/v2\/types\/page"}],"author":[{"embeddable":true,"href":"https:\/\/tmarchives.com.br\/wp\/index.php?rest_route=\/wp\/v2\/users\/1"}],"replies":[{"embeddable":true,"href":"https:\/\/tmarchives.com.br\/wp\/index.php?rest_route=%2Fwp%2Fv2%2Fcomments&post=3003"}],"version-history":[{"count":1,"href":"https:\/\/tmarchives.com.br\/wp\/index.php?rest_route=\/wp\/v2\/pages\/3003\/revisions"}],"predecessor-version":[{"id":3006,"href":"https:\/\/tmarchives.com.br\/wp\/index.php?rest_route=\/wp\/v2\/pages\/3003\/revisions\/3006"}],"wp:attachment":[{"href":"https:\/\/tmarchives.com.br\/wp\/index.php?rest_route=%2Fwp%2Fv2%2Fmedia&parent=3003"}],"curies":[{"name":"wp","href":"https:\/\/api.w.org\/{rel}","templated":true}]}}