{"id":2999,"date":"2021-07-26T03:50:06","date_gmt":"2021-07-26T03:50:06","guid":{"rendered":"https:\/\/tmarchives.com.br\/wp\/?page_id=2999"},"modified":"2021-07-26T03:50:06","modified_gmt":"2021-07-26T03:50:06","slug":"o-segredo-da-sobrevivencia","status":"publish","type":"page","link":"https:\/\/tmarchives.com.br\/wp\/?page_id=2999","title":{"rendered":"O segredo da sobreviv\u00eancia"},"content":{"rendered":"\n<div class=\"wp-block-image\"><figure class=\"aligncenter size-full is-resized\"><img loading=\"lazy\" decoding=\"async\" src=\"https:\/\/tmarchives.com.br\/wp\/wp-content\/uploads\/2021\/07\/imagem171.jpg\" alt=\"\" class=\"wp-image-3000\" width=\"844\" height=\"331\" srcset=\"https:\/\/tmarchives.com.br\/wp\/wp-content\/uploads\/2021\/07\/imagem171.jpg 700w, https:\/\/tmarchives.com.br\/wp\/wp-content\/uploads\/2021\/07\/imagem171-300x118.jpg 300w\" sizes=\"auto, (max-width: 844px) 100vw, 844px\" \/><\/figure><\/div>\n\n\n\n<figure class=\"wp-block-pullquote is-style-default\" style=\"border-color:#0693e3\"><blockquote><p>&#8220;O segredo da sobreviv\u00eancia est\u00e1 envolto no desejo humano supremo de ser semelhante a Deus e na disposi\u00e7\u00e3o associada de fazer e ser todas as coisas essenciais para a realiza\u00e7\u00e3o final desse desejo irresist\u00edvel.&#8221;<\/p><\/blockquote><\/figure>\n\n\n\n<p class=\"has-text-align-center\"><a class=\"pag\" href=\"https:\/\/r20.rs6.net\/tn.jsp?f=001valCoJ0M5y6nDEF-S5FcQVg131OgwR9oNnbk2cEQFSwOfl5SMvQJcSWHcDao4ZjuApETMa0CZhntWH6M4JmhWXmT7LKZIB9JplQMSwOtejmDjVtkpLWJZQcvqjbndzmKT__1BtVn1san8C4S-ZIK-Z-5dO6W3hA9iQH_R2xq2yFJaBmlOJfh-UZfUgSCGickIbuHcK558pmZ_a-mGi_Mf-7lRcMQAMYITPgALtO57XpP6k3bdn7WbioZFekJI-FE&amp;c=PDgkHxjtltEft1mOSSmTjjhL966LTq5V8GEOqrr5DDMMW4dCcGBINw==&amp;ch=pcZ8GT_AAv5qWqve-12bH5BP2IYl84ldfAKClBhPFquCDgvVN2v5dA==\" target=\"_blank\" rel=\"noreferrer noopener\">(110:3.2) 1205.6<\/a><\/p>\n\n\n\n<p>Fonte:<\/p>\n\n\n\n<p align=\"center\"><strong><a href=\"https:\/\/www.urantia.org\/\"  class=\"pag\">Urantia Foundation | 533 Diversey Parkway, Chicago, IL 60614<\/a><\/strong><\/p><\/p>\n\n\n<p class=\"has-text-align-right\">\n<\/p><p style=\"text-align: right;\"><a class=\"pag\" href=\"https:\/\/tmarchives.com.br\/wp\/?page_id=1340\">Voltar<\/a><\/p>\n\n\n<p><\/p>\n","protected":false},"excerpt":{"rendered":"<p>&#8220;O segredo da sobreviv\u00eancia est\u00e1 envolto no desejo humano supremo de ser semelhante a Deus e na disposi\u00e7\u00e3o associada de fazer e ser todas as coisas essenciais para a realiza\u00e7\u00e3o final desse desejo irresist\u00edvel.&#8221; (110:3.2) 1205.6 Fonte: Urantia Foundation | 533 Diversey Parkway, Chicago, IL [&hellip;]<\/p>\n","protected":false},"author":1,"featured_media":0,"parent":0,"menu_order":0,"comment_status":"closed","ping_status":"closed","template":"","meta":{"footnotes":""},"class_list":["post-2999","page","type-page","status-publish","hentry"],"_links":{"self":[{"href":"https:\/\/tmarchives.com.br\/wp\/index.php?rest_route=\/wp\/v2\/pages\/2999","targetHints":{"allow":["GET"]}}],"collection":[{"href":"https:\/\/tmarchives.com.br\/wp\/index.php?rest_route=\/wp\/v2\/pages"}],"about":[{"href":"https:\/\/tmarchives.com.br\/wp\/index.php?rest_route=\/wp\/v2\/types\/page"}],"author":[{"embeddable":true,"href":"https:\/\/tmarchives.com.br\/wp\/index.php?rest_route=\/wp\/v2\/users\/1"}],"replies":[{"embeddable":true,"href":"https:\/\/tmarchives.com.br\/wp\/index.php?rest_route=%2Fwp%2Fv2%2Fcomments&post=2999"}],"version-history":[{"count":1,"href":"https:\/\/tmarchives.com.br\/wp\/index.php?rest_route=\/wp\/v2\/pages\/2999\/revisions"}],"predecessor-version":[{"id":3001,"href":"https:\/\/tmarchives.com.br\/wp\/index.php?rest_route=\/wp\/v2\/pages\/2999\/revisions\/3001"}],"wp:attachment":[{"href":"https:\/\/tmarchives.com.br\/wp\/index.php?rest_route=%2Fwp%2Fv2%2Fmedia&parent=2999"}],"curies":[{"name":"wp","href":"https:\/\/api.w.org\/{rel}","templated":true}]}}