{"id":2994,"date":"2021-07-26T03:39:48","date_gmt":"2021-07-26T03:39:48","guid":{"rendered":"https:\/\/tmarchives.com.br\/wp\/?page_id=2994"},"modified":"2021-07-26T03:39:48","modified_gmt":"2021-07-26T03:39:48","slug":"uma-tendencia-louvavel","status":"publish","type":"page","link":"https:\/\/tmarchives.com.br\/wp\/?page_id=2994","title":{"rendered":"Uma tend\u00eancia louv\u00e1vel"},"content":{"rendered":"\n<div class=\"wp-block-image\"><figure class=\"aligncenter size-full is-resized\"><img loading=\"lazy\" decoding=\"async\" src=\"https:\/\/tmarchives.com.br\/wp\/wp-content\/uploads\/2021\/07\/imagem170.jpg\" alt=\"\" class=\"wp-image-2995\" width=\"724\" height=\"248\" srcset=\"https:\/\/tmarchives.com.br\/wp\/wp-content\/uploads\/2021\/07\/imagem170.jpg 700w, https:\/\/tmarchives.com.br\/wp\/wp-content\/uploads\/2021\/07\/imagem170-300x103.jpg 300w\" sizes=\"auto, (max-width: 724px) 100vw, 724px\" \/><\/figure><\/div>\n\n\n\n<figure class=\"wp-block-pullquote is-style-default\" style=\"border-color:#0693e3\"><blockquote><p>&#8220;A vontade de se apropriar da verdade de toda e qualquer fonte \u00e9, de fato, uma tend\u00eancia louv\u00e1vel de aparecer entre os crentes religiosos durante a primeira metade do s\u00e9culo XX depois de Cristo.&#8221;<\/p><\/blockquote><\/figure>\n\n\n\n<p class=\"has-text-align-center\"><a class=\"pag\" href=\"https:\/\/r20.rs6.net\/tn.jsp?f=001HGC0GGQgvf5L8lhDAqiEDb8wmrpN_GoT1Q4FzAYkG7MWIhb9THrqUfzYjE48PzTo9HBpaWuZjY2jjRLHrEWKFRnvk62q5wJmn1WQD7fJFjI9iAjMFFEza4ldzM8SFcWIsJ_qXB6NoDB821rp04BqG7IIV2Lyngz2VSIGlUlVFShVmx88Km1_w3SSIIRw1wM4JS4lkockqxpgTiuo1tM4FVKG-0nHlt5EfKFGEoEU99FveeXqfI7CnR-dEDExVN1m&amp;c=gEWO2bLyvTCswJiKCAaMrQoXDDjBn0Ctep2MC9ns4Y3V_J93cbwCJw==&amp;ch=jmYkqucHifgrOSUaIjOwfVJIZFiz4uvK_xwQY7NSeWtNkgLTROF15A==\" target=\"_blank\" rel=\"noreferrer noopener\">(94:12.4) 1041.2<\/a><\/p>\n\n\n\n<p>Fonte:<\/p>\n\n\n\n<p align=\"center\"><strong><a href=\"https:\/\/www.urantia.org\/\"  class=\"pag\">Urantia Foundation | 533 Diversey Parkway, Chicago, IL 60614<\/a><\/strong><\/p><\/p>\n\n\n<p class=\"has-text-align-right\">\n<\/p><p style=\"text-align: right;\"><a class=\"pag\" href=\"https:\/\/tmarchives.com.br\/wp\/?page_id=1340\">Voltar<\/a><\/p>\n\n\n<p><\/p>\n","protected":false},"excerpt":{"rendered":"<p>&#8220;A vontade de se apropriar da verdade de toda e qualquer fonte \u00e9, de fato, uma tend\u00eancia louv\u00e1vel de aparecer entre os crentes religiosos durante a primeira metade do s\u00e9culo XX depois de Cristo.&#8221; (94:12.4) 1041.2 Fonte: Urantia Foundation | 533 Diversey Parkway, Chicago, IL [&hellip;]<\/p>\n","protected":false},"author":1,"featured_media":0,"parent":0,"menu_order":0,"comment_status":"closed","ping_status":"closed","template":"","meta":{"footnotes":""},"class_list":["post-2994","page","type-page","status-publish","hentry"],"_links":{"self":[{"href":"https:\/\/tmarchives.com.br\/wp\/index.php?rest_route=\/wp\/v2\/pages\/2994","targetHints":{"allow":["GET"]}}],"collection":[{"href":"https:\/\/tmarchives.com.br\/wp\/index.php?rest_route=\/wp\/v2\/pages"}],"about":[{"href":"https:\/\/tmarchives.com.br\/wp\/index.php?rest_route=\/wp\/v2\/types\/page"}],"author":[{"embeddable":true,"href":"https:\/\/tmarchives.com.br\/wp\/index.php?rest_route=\/wp\/v2\/users\/1"}],"replies":[{"embeddable":true,"href":"https:\/\/tmarchives.com.br\/wp\/index.php?rest_route=%2Fwp%2Fv2%2Fcomments&post=2994"}],"version-history":[{"count":1,"href":"https:\/\/tmarchives.com.br\/wp\/index.php?rest_route=\/wp\/v2\/pages\/2994\/revisions"}],"predecessor-version":[{"id":2996,"href":"https:\/\/tmarchives.com.br\/wp\/index.php?rest_route=\/wp\/v2\/pages\/2994\/revisions\/2996"}],"wp:attachment":[{"href":"https:\/\/tmarchives.com.br\/wp\/index.php?rest_route=%2Fwp%2Fv2%2Fmedia&parent=2994"}],"curies":[{"name":"wp","href":"https:\/\/api.w.org\/{rel}","templated":true}]}}