{"id":2986,"date":"2021-07-26T03:25:49","date_gmt":"2021-07-26T03:25:49","guid":{"rendered":"https:\/\/tmarchives.com.br\/wp\/?page_id=2986"},"modified":"2021-07-26T03:26:48","modified_gmt":"2021-07-26T03:26:48","slug":"a-presenca-fisica-do-paraiso","status":"publish","type":"page","link":"https:\/\/tmarchives.com.br\/wp\/?page_id=2986","title":{"rendered":"A presen\u00e7a f\u00edsica do Para\u00edso"},"content":{"rendered":"\n<div class=\"wp-block-image\"><figure class=\"aligncenter size-full is-resized\"><img loading=\"lazy\" decoding=\"async\" src=\"https:\/\/tmarchives.com.br\/wp\/wp-content\/uploads\/2021\/07\/imagem168.jpg\" alt=\"\" class=\"wp-image-2987\" width=\"897\" height=\"142\" srcset=\"https:\/\/tmarchives.com.br\/wp\/wp-content\/uploads\/2021\/07\/imagem168.jpg 700w, https:\/\/tmarchives.com.br\/wp\/wp-content\/uploads\/2021\/07\/imagem168-300x48.jpg 300w\" sizes=\"auto, (max-width: 897px) 100vw, 897px\" \/><\/figure><\/div>\n\n\n\n<figure class=\"wp-block-pullquote is-style-default\" style=\"border-color:#0693e3\"><blockquote><p>&#8220;A gravidade \u00e9 a compreens\u00e3o todo-poderosa da presen\u00e7a f\u00edsica do Para\u00edso. A gravidade \u00e9 o cord\u00e3o onipotente no qual est\u00e3o amarradas as estrelas cintilantes, s\u00f3is resplandecentes e esferas rodopiantes que constituem o adorno f\u00edsico universal do Deus eterno, que \u00e9 todas as coisas, preenche todas as coisas, e em quem\ntodas as coisas consistem. &#8220;<\/p><\/blockquote><\/figure>\n\n\n\n<p class=\"has-text-align-center\"><a class=\"pag\" href=\"https:\/\/r20.rs6.net\/tn.jsp?f=0017hWlSoL5CrgAxUM0CDUwlc7ANrXrlUrkOLoe8OmhIer9VLL_EwR7yirfsBenyTHEn0cLNNpkEdh0s2AxMmheikHwFqZMcL5nr7V4to5W5KIyfasXUbgmxoonEaAziShwEIcue6mOhqKWW3np0znMQ9hpj9osWy4qlDidZYg7t7E79SzWUeRRPJvu8C6W2W2I1Ld2xcsa57QBNEJom88zuU5JetdW08qtNFUoSZBx3MA=&amp;c=fOLJbkVEmvTzeDD3wsfe8hoHX5dwWvYntjVj6kZkR3hsI9YpndBMMA==&amp;ch=lLLBu5pK6LBBEIzRt3a0b2SalljM_pDRzrsY-PJMLLQPHDhGI4fpiw==\" target=\"_blank\" rel=\"noreferrer noopener\">(11:8.1) 125.4<\/a><\/p>\n\n\n\n<p>Fonte:<\/p>\n\n\n\n<p align=\"center\"><strong><a href=\"https:\/\/www.urantia.org\/\"  class=\"pag\">Urantia Foundation | 533 Diversey Parkway, Chicago, IL 60614<\/a><\/strong><\/p><\/p>\n\n\n<p class=\"has-text-align-right\">\n<\/p><p style=\"text-align: right;\"><a class=\"pag\" href=\"https:\/\/tmarchives.com.br\/wp\/?page_id=1340\">Voltar<\/a><\/p>\n\n\n<p><\/p>\n\n\n\n<p><\/p>\n","protected":false},"excerpt":{"rendered":"<p>&#8220;A gravidade \u00e9 a compreens\u00e3o todo-poderosa da presen\u00e7a f\u00edsica do Para\u00edso. A gravidade \u00e9 o cord\u00e3o onipotente no qual est\u00e3o amarradas as estrelas cintilantes, s\u00f3is resplandecentes e esferas rodopiantes que constituem o adorno f\u00edsico universal do Deus eterno, que \u00e9 todas as coisas, preenche todas [&hellip;]<\/p>\n","protected":false},"author":1,"featured_media":0,"parent":0,"menu_order":0,"comment_status":"closed","ping_status":"closed","template":"","meta":{"footnotes":""},"class_list":["post-2986","page","type-page","status-publish","hentry"],"_links":{"self":[{"href":"https:\/\/tmarchives.com.br\/wp\/index.php?rest_route=\/wp\/v2\/pages\/2986","targetHints":{"allow":["GET"]}}],"collection":[{"href":"https:\/\/tmarchives.com.br\/wp\/index.php?rest_route=\/wp\/v2\/pages"}],"about":[{"href":"https:\/\/tmarchives.com.br\/wp\/index.php?rest_route=\/wp\/v2\/types\/page"}],"author":[{"embeddable":true,"href":"https:\/\/tmarchives.com.br\/wp\/index.php?rest_route=\/wp\/v2\/users\/1"}],"replies":[{"embeddable":true,"href":"https:\/\/tmarchives.com.br\/wp\/index.php?rest_route=%2Fwp%2Fv2%2Fcomments&post=2986"}],"version-history":[{"count":1,"href":"https:\/\/tmarchives.com.br\/wp\/index.php?rest_route=\/wp\/v2\/pages\/2986\/revisions"}],"predecessor-version":[{"id":2988,"href":"https:\/\/tmarchives.com.br\/wp\/index.php?rest_route=\/wp\/v2\/pages\/2986\/revisions\/2988"}],"wp:attachment":[{"href":"https:\/\/tmarchives.com.br\/wp\/index.php?rest_route=%2Fwp%2Fv2%2Fmedia&parent=2986"}],"curies":[{"name":"wp","href":"https:\/\/api.w.org\/{rel}","templated":true}]}}