{"id":2977,"date":"2021-07-26T03:07:11","date_gmt":"2021-07-26T03:07:11","guid":{"rendered":"https:\/\/tmarchives.com.br\/wp\/?page_id=2977"},"modified":"2021-07-26T03:09:53","modified_gmt":"2021-07-26T03:09:53","slug":"as-portas-estao-abertas","status":"publish","type":"page","link":"https:\/\/tmarchives.com.br\/wp\/?page_id=2977","title":{"rendered":"As portas est\u00e3o abertas"},"content":{"rendered":"\n<div class=\"wp-block-image\"><figure class=\"aligncenter size-full is-resized\"><img loading=\"lazy\" decoding=\"async\" src=\"https:\/\/tmarchives.com.br\/wp\/wp-content\/uploads\/2021\/07\/imagem166.jpg\" alt=\"\" class=\"wp-image-2978\" width=\"847\" height=\"169\" srcset=\"https:\/\/tmarchives.com.br\/wp\/wp-content\/uploads\/2021\/07\/imagem166.jpg 700w, https:\/\/tmarchives.com.br\/wp\/wp-content\/uploads\/2021\/07\/imagem166-300x60.jpg 300w\" sizes=\"auto, (max-width: 847px) 100vw, 847px\" \/><\/figure><\/div>\n\n\n\n<figure class=\"wp-block-pullquote is-style-default\" style=\"border-color:#0693e3\"><blockquote><p>&#8220;Eu declaro a todos voc\u00eas que o Pai abriu as portas do reino celestial para todos os que t\u00eam f\u00e9 para entrar, e nenhum homem ou associa\u00e7\u00e3o de homens pode fechar essas portas, mesmo para a alma mais humilde ou pecador supostamente mais flagrante em terra, se esses buscarem sinceramente uma entrada.&#8221;<br>Jesus<\/p><\/blockquote><\/figure>\n\n\n\n<p class=\"has-text-align-center\"><a class=\"pag\" href=\"https:\/\/r20.rs6.net\/tn.jsp?f=0016ViZ_dpRNI6iYQTBDq0157ZMnWQSIF2aw_ZAkyuBQHDw2sl_4Ajdv3nrsnbnwwHOLmoZ0B4uLQML3b-hdLTNjOvziYKHu6IrKYJpAa4-ywITZoFnrPeqkn_yvYiZzEAKYsychvcEK5tiutUVgHi5bXRML7x74Usov8wx-7XZYKwQ749PKdT41dpACV6fLpt3WBOlecTVueFXGiW5dYudDaMva3iS-wnLpJClBcu81WI0BX5MnkQvIA==&amp;c=EuQ6V25Xb5wJRiw4Y_P96JYNOquPfLB75WA-CGX312zmw9Mm4bTS8Q==&amp;ch=7mjZq-e4JVzobx7HQp-Y7rAVfCO_yqlE0PAhX-VrTOAt8idzEk5--A==\" target=\"_blank\" rel=\"noreferrer noopener\">(147:5.6) 1652.3<\/a><\/p>\n\n\n\n<p>Fonte:<\/p>\n\n\n\n<p align=\"center\"><strong><a href=\"https:\/\/www.urantia.org\/\"  class=\"pag\">Urantia Foundation | 533 Diversey Parkway, Chicago, IL 60614<\/a><\/strong><\/p><\/p>\n\n\n<p class=\"has-text-align-right\">\n<\/p><p style=\"text-align: right;\"><a class=\"pag\" href=\"https:\/\/tmarchives.com.br\/wp\/?page_id=1340\">Voltar<\/a><\/p>\n\n\n<p><\/p>\n","protected":false},"excerpt":{"rendered":"<p>&#8220;Eu declaro a todos voc\u00eas que o Pai abriu as portas do reino celestial para todos os que t\u00eam f\u00e9 para entrar, e nenhum homem ou associa\u00e7\u00e3o de homens pode fechar essas portas, mesmo para a alma mais humilde ou pecador supostamente mais flagrante em [&hellip;]<\/p>\n","protected":false},"author":1,"featured_media":0,"parent":0,"menu_order":0,"comment_status":"closed","ping_status":"closed","template":"","meta":{"footnotes":""},"class_list":["post-2977","page","type-page","status-publish","hentry"],"_links":{"self":[{"href":"https:\/\/tmarchives.com.br\/wp\/index.php?rest_route=\/wp\/v2\/pages\/2977","targetHints":{"allow":["GET"]}}],"collection":[{"href":"https:\/\/tmarchives.com.br\/wp\/index.php?rest_route=\/wp\/v2\/pages"}],"about":[{"href":"https:\/\/tmarchives.com.br\/wp\/index.php?rest_route=\/wp\/v2\/types\/page"}],"author":[{"embeddable":true,"href":"https:\/\/tmarchives.com.br\/wp\/index.php?rest_route=\/wp\/v2\/users\/1"}],"replies":[{"embeddable":true,"href":"https:\/\/tmarchives.com.br\/wp\/index.php?rest_route=%2Fwp%2Fv2%2Fcomments&post=2977"}],"version-history":[{"count":1,"href":"https:\/\/tmarchives.com.br\/wp\/index.php?rest_route=\/wp\/v2\/pages\/2977\/revisions"}],"predecessor-version":[{"id":2979,"href":"https:\/\/tmarchives.com.br\/wp\/index.php?rest_route=\/wp\/v2\/pages\/2977\/revisions\/2979"}],"wp:attachment":[{"href":"https:\/\/tmarchives.com.br\/wp\/index.php?rest_route=%2Fwp%2Fv2%2Fmedia&parent=2977"}],"curies":[{"name":"wp","href":"https:\/\/api.w.org\/{rel}","templated":true}]}}