{"id":2972,"date":"2021-07-26T03:00:39","date_gmt":"2021-07-26T03:00:39","guid":{"rendered":"https:\/\/tmarchives.com.br\/wp\/?page_id=2972"},"modified":"2021-07-26T03:00:40","modified_gmt":"2021-07-26T03:00:40","slug":"competicao-implacavel","status":"publish","type":"page","link":"https:\/\/tmarchives.com.br\/wp\/?page_id=2972","title":{"rendered":"Competi\u00e7\u00e3o implac\u00e1vel"},"content":{"rendered":"\n<div class=\"wp-block-image\"><figure class=\"aligncenter size-full\"><img loading=\"lazy\" decoding=\"async\" width=\"700\" height=\"319\" src=\"https:\/\/tmarchives.com.br\/wp\/wp-content\/uploads\/2021\/07\/imagem165.jpg\" alt=\"\" class=\"wp-image-2974\" srcset=\"https:\/\/tmarchives.com.br\/wp\/wp-content\/uploads\/2021\/07\/imagem165.jpg 700w, https:\/\/tmarchives.com.br\/wp\/wp-content\/uploads\/2021\/07\/imagem165-300x137.jpg 300w\" sizes=\"auto, (max-width: 700px) 100vw, 700px\" \/><\/figure><\/div>\n\n\n\n<figure class=\"wp-block-pullquote is-style-default\" style=\"border-color:#0693e3\"><blockquote><p>&#8220;A competi\u00e7\u00e3o implac\u00e1vel baseada em interesses pr\u00f3prios tacanhos \u00e9, em \u00faltima an\u00e1lise, destrutiva at\u00e9 mesmo daquelas coisas que\nprocura manter. &#8220;<\/p><\/blockquote><\/figure>\n\n\n\n<p class=\"has-text-align-center\"><a class=\"pag\" href=\"https:\/\/r20.rs6.net\/tn.jsp?f=001sEJtIiMQ8nEin5HN-x3wyl65yi15hJ4n9iB2I-kMzCJ_lANAb5wPPref0Nj3RblQEcT5e87drHWwpw36knbkcA0PW28uWrst97s5Qyi_ngWA8GB5BYRoojrcDezuCK7m4rRermKOl26H-frNYqT5Ic7j4LcN4MA8ljkKANsb9-SMQY4agL8o0NVafGUxvIf0wg1L5GHB7DELIP98kmeapLBtFqsqvafm3gIbDTTHiQI=&amp;c=lg7ZbmcRV19b0RFkays4VYGc9xipcxnUhEBpUuCj8VXiF9LZCoudrw==&amp;ch=WvRDjhqH_4iVOms_n9rePtftiVBwgVEQY5Gz-NMPl56QLfpXEHz5mA==\" target=\"_blank\" rel=\"noreferrer noopener\">(71:6.1) 805.5<\/a><\/p>\n\n\n\n<p>Fonte:<\/p>\n\n\n\n<p align=\"center\"><strong><a href=\"https:\/\/www.urantia.org\/\"  class=\"pag\">Urantia Foundation | 533 Diversey Parkway, Chicago, IL 60614<\/a><\/strong><\/p><\/p>\n\n\n<p class=\"has-text-align-right\">\n<\/p><p style=\"text-align: right;\"><a class=\"pag\" href=\"https:\/\/tmarchives.com.br\/wp\/?page_id=1340\">Voltar<\/a><\/p>\n\n\n<p><\/p>\n","protected":false},"excerpt":{"rendered":"<p>&#8220;A competi\u00e7\u00e3o implac\u00e1vel baseada em interesses pr\u00f3prios tacanhos \u00e9, em \u00faltima an\u00e1lise, destrutiva at\u00e9 mesmo daquelas coisas que procura manter. &#8220; (71:6.1) 805.5 Fonte: Urantia Foundation | 533 Diversey Parkway, Chicago, IL 60614 Voltar<\/p>\n","protected":false},"author":1,"featured_media":0,"parent":0,"menu_order":0,"comment_status":"closed","ping_status":"closed","template":"","meta":{"footnotes":""},"class_list":["post-2972","page","type-page","status-publish","hentry"],"_links":{"self":[{"href":"https:\/\/tmarchives.com.br\/wp\/index.php?rest_route=\/wp\/v2\/pages\/2972","targetHints":{"allow":["GET"]}}],"collection":[{"href":"https:\/\/tmarchives.com.br\/wp\/index.php?rest_route=\/wp\/v2\/pages"}],"about":[{"href":"https:\/\/tmarchives.com.br\/wp\/index.php?rest_route=\/wp\/v2\/types\/page"}],"author":[{"embeddable":true,"href":"https:\/\/tmarchives.com.br\/wp\/index.php?rest_route=\/wp\/v2\/users\/1"}],"replies":[{"embeddable":true,"href":"https:\/\/tmarchives.com.br\/wp\/index.php?rest_route=%2Fwp%2Fv2%2Fcomments&post=2972"}],"version-history":[{"count":1,"href":"https:\/\/tmarchives.com.br\/wp\/index.php?rest_route=\/wp\/v2\/pages\/2972\/revisions"}],"predecessor-version":[{"id":2975,"href":"https:\/\/tmarchives.com.br\/wp\/index.php?rest_route=\/wp\/v2\/pages\/2972\/revisions\/2975"}],"wp:attachment":[{"href":"https:\/\/tmarchives.com.br\/wp\/index.php?rest_route=%2Fwp%2Fv2%2Fmedia&parent=2972"}],"curies":[{"name":"wp","href":"https:\/\/api.w.org\/{rel}","templated":true}]}}