{"id":2962,"date":"2021-07-26T02:45:17","date_gmt":"2021-07-26T02:45:17","guid":{"rendered":"https:\/\/tmarchives.com.br\/wp\/?page_id=2962"},"modified":"2021-07-26T02:45:17","modified_gmt":"2021-07-26T02:45:17","slug":"auto-controle","status":"publish","type":"page","link":"https:\/\/tmarchives.com.br\/wp\/?page_id=2962","title":{"rendered":"Auto-controle"},"content":{"rendered":"\n<div class=\"wp-block-image\"><figure class=\"aligncenter size-full\"><img loading=\"lazy\" decoding=\"async\" width=\"700\" height=\"339\" src=\"https:\/\/tmarchives.com.br\/wp\/wp-content\/uploads\/2021\/07\/imagem163.jpg\" alt=\"\" class=\"wp-image-2963\" srcset=\"https:\/\/tmarchives.com.br\/wp\/wp-content\/uploads\/2021\/07\/imagem163.jpg 700w, https:\/\/tmarchives.com.br\/wp\/wp-content\/uploads\/2021\/07\/imagem163-300x145.jpg 300w\" sizes=\"auto, (max-width: 700px) 100vw, 700px\" \/><\/figure><\/div>\n\n\n\n<figure class=\"wp-block-pullquote is-style-default\" style=\"border-color:#0693e3\"><blockquote><p>&#8220;O autocontrole \u00e9 uma pol\u00edtica humana melhor de regula\u00e7\u00e3o do comportamento do que a abnega\u00e7\u00e3o extrema. Nem Jesus jamais ensinou esses pontos de vista irracionais a seus seguidores.&#8221;<\/p><\/blockquote><\/figure>\n\n\n\n<p class=\"has-text-align-center\"><a class=\"pag\" href=\"http:\/\/www.tmarchives.com.br\" target=\"_blank\" rel=\"noreferrer noopener\">(89:3.7) 977.2<\/a><\/p>\n\n\n\n<p>Fonte:<\/p>\n\n\n\n<p align=\"center\"><strong><a href=\"https:\/\/www.urantia.org\/\"  class=\"pag\">Urantia Foundation | 533 Diversey Parkway, Chicago, IL 60614<\/a><\/strong><\/p><\/p>\n\n\n<p class=\"has-text-align-right\">\n<\/p><p style=\"text-align: right;\"><a class=\"pag\" href=\"https:\/\/tmarchives.com.br\/wp\/?page_id=1340\">Voltar<\/a><\/p>\n\n\n<p><\/p>\n","protected":false},"excerpt":{"rendered":"<p>&#8220;O autocontrole \u00e9 uma pol\u00edtica humana melhor de regula\u00e7\u00e3o do comportamento do que a abnega\u00e7\u00e3o extrema. Nem Jesus jamais ensinou esses pontos de vista irracionais a seus seguidores.&#8221; (89:3.7) 977.2 Fonte: Urantia Foundation | 533 Diversey Parkway, Chicago, IL 60614 Voltar<\/p>\n","protected":false},"author":1,"featured_media":0,"parent":0,"menu_order":0,"comment_status":"closed","ping_status":"closed","template":"","meta":{"footnotes":""},"class_list":["post-2962","page","type-page","status-publish","hentry"],"_links":{"self":[{"href":"https:\/\/tmarchives.com.br\/wp\/index.php?rest_route=\/wp\/v2\/pages\/2962","targetHints":{"allow":["GET"]}}],"collection":[{"href":"https:\/\/tmarchives.com.br\/wp\/index.php?rest_route=\/wp\/v2\/pages"}],"about":[{"href":"https:\/\/tmarchives.com.br\/wp\/index.php?rest_route=\/wp\/v2\/types\/page"}],"author":[{"embeddable":true,"href":"https:\/\/tmarchives.com.br\/wp\/index.php?rest_route=\/wp\/v2\/users\/1"}],"replies":[{"embeddable":true,"href":"https:\/\/tmarchives.com.br\/wp\/index.php?rest_route=%2Fwp%2Fv2%2Fcomments&post=2962"}],"version-history":[{"count":1,"href":"https:\/\/tmarchives.com.br\/wp\/index.php?rest_route=\/wp\/v2\/pages\/2962\/revisions"}],"predecessor-version":[{"id":2966,"href":"https:\/\/tmarchives.com.br\/wp\/index.php?rest_route=\/wp\/v2\/pages\/2962\/revisions\/2966"}],"wp:attachment":[{"href":"https:\/\/tmarchives.com.br\/wp\/index.php?rest_route=%2Fwp%2Fv2%2Fmedia&parent=2962"}],"curies":[{"name":"wp","href":"https:\/\/api.w.org\/{rel}","templated":true}]}}