{"id":2958,"date":"2021-07-26T02:33:32","date_gmt":"2021-07-26T02:33:32","guid":{"rendered":"https:\/\/tmarchives.com.br\/wp\/?page_id=2958"},"modified":"2021-07-26T02:35:43","modified_gmt":"2021-07-26T02:35:43","slug":"estes-papeis","status":"publish","type":"page","link":"https:\/\/tmarchives.com.br\/wp\/?page_id=2958","title":{"rendered":"Estes pap\u00e9is"},"content":{"rendered":"\n<div class=\"wp-block-image\"><figure class=\"aligncenter size-full is-resized\"><img loading=\"lazy\" decoding=\"async\" src=\"https:\/\/tmarchives.com.br\/wp\/wp-content\/uploads\/2021\/07\/imagem162.jpg\" alt=\"\" class=\"wp-image-2960\" width=\"822\" height=\"300\" srcset=\"https:\/\/tmarchives.com.br\/wp\/wp-content\/uploads\/2021\/07\/imagem162.jpg 700w, https:\/\/tmarchives.com.br\/wp\/wp-content\/uploads\/2021\/07\/imagem162-300x110.jpg 300w\" sizes=\"auto, (max-width: 822px) 100vw, 822px\" \/><\/figure><\/div>\n\n\n\n<figure class=\"wp-block-pullquote is-style-default\" style=\"border-color:#0693e3\"><blockquote><p>\u201cOs pap\u00e9is, dos quais este \u00e9 um, constituem a apresenta\u00e7\u00e3o mais recente da verdade aos mortais de Ur\u00e2ntia. Esses pap\u00e9is diferem de todas as revela\u00e7\u00f5es anteriores, pois n\u00e3o s\u00e3o o trabalho de uma \u00fanica personalidade do universo, mas uma apresenta\u00e7\u00e3o composta por muitos seres.&#8221;<\/p><\/blockquote><\/figure>\n\n\n\n<p class=\"has-text-align-center\"><a class=\"pag\" href=\"https:\/\/r20.rs6.net\/tn.jsp?f=001O17YYTBGEvKLGohqFTBO1MeEpn0I0C6Q0HY4cch5dkJ8aFafo9OOfDNsF3XfaCsWWaUJwc9eKDzng_6t2jS6e_BAawqLcEXszP-9JUpisOHjyUh3UavIHkwv_MvfGTkix1DZdclx1fcBzUq8ASH-S16sygXRPtfZVLgap7vWaoQqcUq1-O9h14KcWPAm3iAUQ6sc-tkOohQCzey05IZbcw73wMPdA36Awv68OO2sDx-F_MEYotwoMA==&amp;c=47_b9FTECtLm7OJWr5wUk8DZpLZMDiV--baPyxWwdECSevddBYyA7A==&amp;ch=PZoJ_hES9-Fv-C-olE8mipe3L_ql4eq_SUH5QqdVLOaAa4EqL_CUzw==\" target=\"_blank\" rel=\"noreferrer noopener\">(92:4.9) 1008.2<\/a><\/p>\n\n\n\n<p>Fonte:<\/p>\n\n\n\n<p align=\"center\"><strong><a href=\"https:\/\/www.urantia.org\/\"  class=\"pag\">Urantia Foundation | 533 Diversey Parkway, Chicago, IL 60614<\/a><\/strong><\/p><\/p>\n\n\n<p class=\"has-text-align-right\">\n<\/p><p style=\"text-align: right;\"><a class=\"pag\" href=\"https:\/\/tmarchives.com.br\/wp\/?page_id=1340\">Voltar<\/a><\/p>\n\n\n<p><\/p>\n","protected":false},"excerpt":{"rendered":"<p>\u201cOs pap\u00e9is, dos quais este \u00e9 um, constituem a apresenta\u00e7\u00e3o mais recente da verdade aos mortais de Ur\u00e2ntia. Esses pap\u00e9is diferem de todas as revela\u00e7\u00f5es anteriores, pois n\u00e3o s\u00e3o o trabalho de uma \u00fanica personalidade do universo, mas uma apresenta\u00e7\u00e3o composta por muitos seres.&#8221; (92:4.9) [&hellip;]<\/p>\n","protected":false},"author":1,"featured_media":0,"parent":0,"menu_order":0,"comment_status":"closed","ping_status":"closed","template":"","meta":{"footnotes":""},"class_list":["post-2958","page","type-page","status-publish","hentry"],"_links":{"self":[{"href":"https:\/\/tmarchives.com.br\/wp\/index.php?rest_route=\/wp\/v2\/pages\/2958","targetHints":{"allow":["GET"]}}],"collection":[{"href":"https:\/\/tmarchives.com.br\/wp\/index.php?rest_route=\/wp\/v2\/pages"}],"about":[{"href":"https:\/\/tmarchives.com.br\/wp\/index.php?rest_route=\/wp\/v2\/types\/page"}],"author":[{"embeddable":true,"href":"https:\/\/tmarchives.com.br\/wp\/index.php?rest_route=\/wp\/v2\/users\/1"}],"replies":[{"embeddable":true,"href":"https:\/\/tmarchives.com.br\/wp\/index.php?rest_route=%2Fwp%2Fv2%2Fcomments&post=2958"}],"version-history":[{"count":2,"href":"https:\/\/tmarchives.com.br\/wp\/index.php?rest_route=\/wp\/v2\/pages\/2958\/revisions"}],"predecessor-version":[{"id":2961,"href":"https:\/\/tmarchives.com.br\/wp\/index.php?rest_route=\/wp\/v2\/pages\/2958\/revisions\/2961"}],"wp:attachment":[{"href":"https:\/\/tmarchives.com.br\/wp\/index.php?rest_route=%2Fwp%2Fv2%2Fmedia&parent=2958"}],"curies":[{"name":"wp","href":"https:\/\/api.w.org\/{rel}","templated":true}]}}