{"id":2955,"date":"2021-07-26T02:10:42","date_gmt":"2021-07-26T02:10:42","guid":{"rendered":"https:\/\/tmarchives.com.br\/wp\/?page_id=2955"},"modified":"2021-07-26T02:10:42","modified_gmt":"2021-07-26T02:10:42","slug":"muitas-religioes","status":"publish","type":"page","link":"https:\/\/tmarchives.com.br\/wp\/?page_id=2955","title":{"rendered":"Muitas religi\u00f5es"},"content":{"rendered":"\n<div class=\"wp-block-image\"><figure class=\"aligncenter size-full is-resized\"><img loading=\"lazy\" decoding=\"async\" src=\"https:\/\/tmarchives.com.br\/wp\/wp-content\/uploads\/2021\/07\/imagem161.jpg\" alt=\"\" class=\"wp-image-2956\" width=\"784\" height=\"392\" srcset=\"https:\/\/tmarchives.com.br\/wp\/wp-content\/uploads\/2021\/07\/imagem161.jpg 700w, https:\/\/tmarchives.com.br\/wp\/wp-content\/uploads\/2021\/07\/imagem161-300x150.jpg 300w\" sizes=\"auto, (max-width: 784px) 100vw, 784px\" \/><\/figure><\/div>\n\n\n\n<figure class=\"wp-block-pullquote is-style-default\" style=\"border-color:#0693e3\"><blockquote><p>&#8220;As muitas religi\u00f5es de Ur\u00e2ntia s\u00e3o todas boas na medida em que trazem o homem a Deus e trazem a realiza\u00e7\u00e3o do\nPai para homem. &#8220;<\/p><\/blockquote><\/figure>\n\n\n\n<p class=\"has-text-align-center\"><a class=\"pag\" href=\"https:\/\/r20.rs6.net\/tn.jsp?f=001fVxB1xCGpXDmTqUMtLtWcwORGMBe6KjD012Gn0Cv1EzMbd3HXgE5VMLTO-O9rrJwTqLtbJru85qHYrv2DuNT6slnxb_5yC908Mkb1UfmVTiJAUJrhHOvgJMr8fRO55BAfUtCMZsZ0mBMiI9WDIBnQagas6QBqPEXaVWyicdSa9ckr7h6Pc59p6Aa_pBR8Y1rFuBZdzFFAzOGkt5uUnLoPubeNTPsSFd2PbvGXgO3NPrWrcLzeyVbcQ==&amp;c=xIkkNwk3GUi4zrTCcV5-yaY2ltHE5N3uJBmdkR8Fb95je3y6nQq79A==&amp;ch=yzm-5n5uTNopDC-cZMVahUtwHWwDZE49AXcDbYEuS7h39Dv2WC4exg==\" target=\"_blank\" rel=\"noreferrer noopener\">(92:7.3) 1012.4<\/a><\/p>\n\n\n\n<p>Fonte:<\/p>\n\n\n\n<p align=\"center\"><strong><a href=\"https:\/\/www.urantia.org\/\"  class=\"pag\">Urantia Foundation | 533 Diversey Parkway, Chicago, IL 60614<\/a><\/strong><\/p><\/p>\n\n\n<p class=\"has-text-align-right\">\n<\/p><p style=\"text-align: right;\"><a class=\"pag\" href=\"https:\/\/tmarchives.com.br\/wp\/?page_id=1340\">Voltar<\/a><\/p>\n\n\n<p><\/p>\n","protected":false},"excerpt":{"rendered":"<p>&#8220;As muitas religi\u00f5es de Ur\u00e2ntia s\u00e3o todas boas na medida em que trazem o homem a Deus e trazem a realiza\u00e7\u00e3o do Pai para homem. &#8220; (92:7.3) 1012.4 Fonte: Urantia Foundation | 533 Diversey Parkway, Chicago, IL 60614 Voltar<\/p>\n","protected":false},"author":1,"featured_media":0,"parent":0,"menu_order":0,"comment_status":"closed","ping_status":"closed","template":"","meta":{"footnotes":""},"class_list":["post-2955","page","type-page","status-publish","hentry"],"_links":{"self":[{"href":"https:\/\/tmarchives.com.br\/wp\/index.php?rest_route=\/wp\/v2\/pages\/2955","targetHints":{"allow":["GET"]}}],"collection":[{"href":"https:\/\/tmarchives.com.br\/wp\/index.php?rest_route=\/wp\/v2\/pages"}],"about":[{"href":"https:\/\/tmarchives.com.br\/wp\/index.php?rest_route=\/wp\/v2\/types\/page"}],"author":[{"embeddable":true,"href":"https:\/\/tmarchives.com.br\/wp\/index.php?rest_route=\/wp\/v2\/users\/1"}],"replies":[{"embeddable":true,"href":"https:\/\/tmarchives.com.br\/wp\/index.php?rest_route=%2Fwp%2Fv2%2Fcomments&post=2955"}],"version-history":[{"count":1,"href":"https:\/\/tmarchives.com.br\/wp\/index.php?rest_route=\/wp\/v2\/pages\/2955\/revisions"}],"predecessor-version":[{"id":2957,"href":"https:\/\/tmarchives.com.br\/wp\/index.php?rest_route=\/wp\/v2\/pages\/2955\/revisions\/2957"}],"wp:attachment":[{"href":"https:\/\/tmarchives.com.br\/wp\/index.php?rest_route=%2Fwp%2Fv2%2Fmedia&parent=2955"}],"curies":[{"name":"wp","href":"https:\/\/api.w.org\/{rel}","templated":true}]}}