{"id":2949,"date":"2021-07-26T02:04:41","date_gmt":"2021-07-26T02:04:41","guid":{"rendered":"https:\/\/tmarchives.com.br\/wp\/?page_id=2949"},"modified":"2021-07-26T02:04:41","modified_gmt":"2021-07-26T02:04:41","slug":"eu-moro-em-seguranca","status":"publish","type":"page","link":"https:\/\/tmarchives.com.br\/wp\/?page_id=2949","title":{"rendered":"Eu moro em seguran\u00e7a"},"content":{"rendered":"\n<div class=\"wp-block-image\"><figure class=\"aligncenter size-full is-resized\"><img loading=\"lazy\" decoding=\"async\" src=\"https:\/\/tmarchives.com.br\/wp\/wp-content\/uploads\/2021\/07\/imagem160.jpg\" alt=\"\" class=\"wp-image-2950\" width=\"916\" height=\"362\" srcset=\"https:\/\/tmarchives.com.br\/wp\/wp-content\/uploads\/2021\/07\/imagem160.jpg 700w, https:\/\/tmarchives.com.br\/wp\/wp-content\/uploads\/2021\/07\/imagem160-300x119.jpg 300w\" sizes=\"auto, (max-width: 916px) 100vw, 916px\" \/><\/figure><\/div>\n\n\n\n<figure class=\"wp-block-pullquote is-style-default\" style=\"border-color:#0693e3\"><blockquote><p>\u201cMinha alma est\u00e1 cheia de contentamento e meu cora\u00e7\u00e3o transborda com a felicidade da confian\u00e7a pac\u00edfica. Eu n\u00e3o tenho medo; Estou livre de ansiedade. Eu moro em seguran\u00e7a, e meus inimigos n\u00e3o podem me alarmar. &#8220;<\/p><\/blockquote><\/figure>\n\n\n\n<p class=\"has-text-align-center\"><a class=\"pag\" href=\"https:\/\/r20.rs6.net\/tn.jsp?f=001Pw_77eh3E9KHUOja49gZ3id4PTmpsHQp9KYwmX6HB-UyADn3Sk3S0awXq7KmpM5DnCrfZk1iTT_RDdII6ddGepQ3ghbwgsDH50sWMyN0u-62lZH3idtrs56jitKtCQpIAifsk9-RYr_mhWfvUc0O2GBSiE8y2rPSTRcauOnAn6yTv_PdE6g0pfkP9TJzn1cvNfgvcGn5_zx-EA6PXSxsqds8OpDylDIWd1rE0zF-YNQ=&amp;c=EtR4HGIqBvsSrc-o5x5DgSx_ym64nL1AKiVW46vzT9gIqfGgHsef0A==&amp;ch=AyGhuWFNfu0ciSxupW6HWcIHnnPoHNf5zVkkYJ8ZZ8uZq122pPBwsQ==\" target=\"_blank\" rel=\"noreferrer noopener\">(131:3.2) 1446.4<\/a><\/p>\n\n\n\n<p>Fonte:<\/p>\n\n\n\n<p align=\"center\"><strong><a href=\"https:\/\/www.urantia.org\/\"  class=\"pag\">Urantia Foundation | 533 Diversey Parkway, Chicago, IL 60614<\/a><\/strong><\/p><\/p>\n\n\n<p class=\"has-text-align-right\">\n<\/p><p style=\"text-align: right;\"><a class=\"pag\" href=\"https:\/\/tmarchives.com.br\/wp\/?page_id=1340\">Voltar<\/a><\/p>\n\n\n<p><\/p>\n","protected":false},"excerpt":{"rendered":"<p>\u201cMinha alma est\u00e1 cheia de contentamento e meu cora\u00e7\u00e3o transborda com a felicidade da confian\u00e7a pac\u00edfica. Eu n\u00e3o tenho medo; Estou livre de ansiedade. Eu moro em seguran\u00e7a, e meus inimigos n\u00e3o podem me alarmar. &#8220; (131:3.2) 1446.4 Fonte: Urantia Foundation | 533 Diversey Parkway, [&hellip;]<\/p>\n","protected":false},"author":1,"featured_media":0,"parent":0,"menu_order":0,"comment_status":"closed","ping_status":"closed","template":"","meta":{"footnotes":""},"class_list":["post-2949","page","type-page","status-publish","hentry"],"_links":{"self":[{"href":"https:\/\/tmarchives.com.br\/wp\/index.php?rest_route=\/wp\/v2\/pages\/2949","targetHints":{"allow":["GET"]}}],"collection":[{"href":"https:\/\/tmarchives.com.br\/wp\/index.php?rest_route=\/wp\/v2\/pages"}],"about":[{"href":"https:\/\/tmarchives.com.br\/wp\/index.php?rest_route=\/wp\/v2\/types\/page"}],"author":[{"embeddable":true,"href":"https:\/\/tmarchives.com.br\/wp\/index.php?rest_route=\/wp\/v2\/users\/1"}],"replies":[{"embeddable":true,"href":"https:\/\/tmarchives.com.br\/wp\/index.php?rest_route=%2Fwp%2Fv2%2Fcomments&post=2949"}],"version-history":[{"count":1,"href":"https:\/\/tmarchives.com.br\/wp\/index.php?rest_route=\/wp\/v2\/pages\/2949\/revisions"}],"predecessor-version":[{"id":2951,"href":"https:\/\/tmarchives.com.br\/wp\/index.php?rest_route=\/wp\/v2\/pages\/2949\/revisions\/2951"}],"wp:attachment":[{"href":"https:\/\/tmarchives.com.br\/wp\/index.php?rest_route=%2Fwp%2Fv2%2Fmedia&parent=2949"}],"curies":[{"name":"wp","href":"https:\/\/api.w.org\/{rel}","templated":true}]}}