{"id":2945,"date":"2021-07-26T01:58:40","date_gmt":"2021-07-26T01:58:40","guid":{"rendered":"https:\/\/tmarchives.com.br\/wp\/?page_id=2945"},"modified":"2021-07-26T01:58:41","modified_gmt":"2021-07-26T01:58:41","slug":"a-natureza-de-deus","status":"publish","type":"page","link":"https:\/\/tmarchives.com.br\/wp\/?page_id=2945","title":{"rendered":"A natureza de Deus"},"content":{"rendered":"\n<div class=\"wp-block-image\"><figure class=\"aligncenter size-full is-resized\"><img loading=\"lazy\" decoding=\"async\" src=\"https:\/\/tmarchives.com.br\/wp\/wp-content\/uploads\/2021\/07\/imagem159.jpg\" alt=\"\" class=\"wp-image-2946\" width=\"961\" height=\"377\" srcset=\"https:\/\/tmarchives.com.br\/wp\/wp-content\/uploads\/2021\/07\/imagem159.jpg 700w, https:\/\/tmarchives.com.br\/wp\/wp-content\/uploads\/2021\/07\/imagem159-300x118.jpg 300w\" sizes=\"auto, (max-width: 961px) 100vw, 961px\" \/><\/figure><\/div>\n\n\n\n<figure class=\"wp-block-pullquote is-style-default\" style=\"border-color:#0693e3\"><blockquote><p>&#8220;A natureza de Deus pode ser melhor compreendida pela revela\u00e7\u00e3o do Pai que Michael de Nebadon desdobrou em seus m\u00faltiplos ensinamentos e em sua espl\u00eandida vida mortal na carne.&#8221;<\/p><\/blockquote><\/figure>\n\n\n\n<p class=\"has-text-align-center\"><a class=\"pag\" href=\"https:\/\/r20.rs6.net\/tn.jsp?f=001KJONRmCfb9U5pv5mNQQ7T7DqH9GyN4aqFdHwdwH1PkizTJ1WEIL75sLidnPiAp-Jj0WN6HxtHpjfnfqdpa6fhumHwpekoKDHu4m6sO27xSUjQI2N2OvjLsVsHoXwDHFMNavN6671vj5uhGRbFsi3_3usSy4JnTS8qh8OdyNx3lrLFG6jkH4d5CMd_4Trn4j2NyKrtxQY5_26yvgPjmDVlfVROFiW68gl&amp;c=FqDpD3_c15P30ZCGPomkPyZ8VVhk5kJbVKdafRTN0bvJjngPuG_rfw==&amp;ch=6fctfKdZKWlYSPgOl4Ai9Eoiw6ubDwkqUCR_XkYBIYyjJMwToUR9ug==\" target=\"_blank\" rel=\"noreferrer noopener\">(2:0.1) 33.1<\/a><\/p>\n\n\n\n<p>Fonte:<\/p>\n\n\n\n<p align=\"center\"><strong><a href=\"https:\/\/www.urantia.org\/\"  class=\"pag\">Urantia Foundation | 533 Diversey Parkway, Chicago, IL 60614<\/a><\/strong><\/p><\/p>\n\n\n<p class=\"has-text-align-right\">\n<\/p><p style=\"text-align: right;\"><a class=\"pag\" href=\"https:\/\/tmarchives.com.br\/wp\/?page_id=1340\">Voltar<\/a><\/p>\n\n\n<p><\/p>\n","protected":false},"excerpt":{"rendered":"<p>&#8220;A natureza de Deus pode ser melhor compreendida pela revela\u00e7\u00e3o do Pai que Michael de Nebadon desdobrou em seus m\u00faltiplos ensinamentos e em sua espl\u00eandida vida mortal na carne.&#8221; (2:0.1) 33.1 Fonte: Urantia Foundation | 533 Diversey Parkway, Chicago, IL 60614 Voltar<\/p>\n","protected":false},"author":1,"featured_media":0,"parent":0,"menu_order":0,"comment_status":"closed","ping_status":"closed","template":"","meta":{"footnotes":""},"class_list":["post-2945","page","type-page","status-publish","hentry"],"_links":{"self":[{"href":"https:\/\/tmarchives.com.br\/wp\/index.php?rest_route=\/wp\/v2\/pages\/2945","targetHints":{"allow":["GET"]}}],"collection":[{"href":"https:\/\/tmarchives.com.br\/wp\/index.php?rest_route=\/wp\/v2\/pages"}],"about":[{"href":"https:\/\/tmarchives.com.br\/wp\/index.php?rest_route=\/wp\/v2\/types\/page"}],"author":[{"embeddable":true,"href":"https:\/\/tmarchives.com.br\/wp\/index.php?rest_route=\/wp\/v2\/users\/1"}],"replies":[{"embeddable":true,"href":"https:\/\/tmarchives.com.br\/wp\/index.php?rest_route=%2Fwp%2Fv2%2Fcomments&post=2945"}],"version-history":[{"count":1,"href":"https:\/\/tmarchives.com.br\/wp\/index.php?rest_route=\/wp\/v2\/pages\/2945\/revisions"}],"predecessor-version":[{"id":2947,"href":"https:\/\/tmarchives.com.br\/wp\/index.php?rest_route=\/wp\/v2\/pages\/2945\/revisions\/2947"}],"wp:attachment":[{"href":"https:\/\/tmarchives.com.br\/wp\/index.php?rest_route=%2Fwp%2Fv2%2Fmedia&parent=2945"}],"curies":[{"name":"wp","href":"https:\/\/api.w.org\/{rel}","templated":true}]}}