{"id":2938,"date":"2021-07-26T01:51:00","date_gmt":"2021-07-26T01:51:00","guid":{"rendered":"https:\/\/tmarchives.com.br\/wp\/?page_id=2938"},"modified":"2021-07-26T01:54:54","modified_gmt":"2021-07-26T01:54:54","slug":"o-grande-eu-sou","status":"publish","type":"page","link":"https:\/\/tmarchives.com.br\/wp\/?page_id=2938","title":{"rendered":"O grande Eu Sou"},"content":{"rendered":"\n<div class=\"wp-block-image\"><figure class=\"aligncenter size-full is-resized\"><img loading=\"lazy\" decoding=\"async\" src=\"https:\/\/tmarchives.com.br\/wp\/wp-content\/uploads\/2021\/07\/imagem158.jpg\" alt=\"\" class=\"wp-image-2939\" width=\"833\" height=\"430\" srcset=\"https:\/\/tmarchives.com.br\/wp\/wp-content\/uploads\/2021\/07\/imagem158.jpg 700w, https:\/\/tmarchives.com.br\/wp\/wp-content\/uploads\/2021\/07\/imagem158-300x155.jpg 300w\" sizes=\"auto, (max-width: 833px) 100vw, 833px\" \/><\/figure><\/div>\n\n\n\n<figure class=\"wp-block-pullquote is-style-default\" style=\"border-color:#0693e3\"><blockquote><p>&#8220;Para Deus n\u00e3o h\u00e1 passado, presente ou futuro; todo o tempo est\u00e1 presente em qualquer momento. Ele \u00e9 o grande e apenas EU SOU.&#8221;<\/p><\/blockquote><\/figure>\n\n\n\n<p class=\"has-text-align-center\"><a class=\"pag\" href=\"https:\/\/r20.rs6.net\/tn.jsp?f=001mYEOyPvdx62bVGkUG9uUnctZY9FupbPEh5Zu964eAPy_lRw7j9B2movgqGI5TJLSllmIpvaeQESS7dCrDjBQdBPl8aTyLAotRSElIeZv1DcdfDcQdnz892oVrWlLVdCKID7DO0nshfWmmQjNKuEXMmvganLhV0mbnoC2sH-fQmL0eEiK_my1AwqQUOn4tgf1rEyC1qZsTx6II6LM42HAV231AlxB4VRk&amp;c=CEGasxKJMf4bGM2KMKZ_bxYYkj7it9Y6iP-VTc0zmPjSBjzSu6Rv3Q==&amp;ch=zOGRRiyYf8ebG67frDk208Wt3IfuPjQGloWvp0elMpwTNY1vG5dQZg==\" target=\"_blank\" rel=\"noreferrer noopener\">(2:1.5) 34.4<\/a><\/p>\n\n\n\n<p>Fonte:<\/p>\n\n\n\n<p align=\"center\"><strong><a href=\"https:\/\/www.urantia.org\/\"  class=\"pag\">Urantia Foundation | 533 Diversey Parkway, Chicago, IL 60614<\/a><\/strong><\/p><\/p>\n\n\n<p class=\"has-text-align-right\">\n<\/p><p style=\"text-align: right;\"><a class=\"pag\" href=\"https:\/\/tmarchives.com.br\/wp\/?page_id=1340\">Voltar<\/a><\/p>\n\n\n<p><\/p>\n","protected":false},"excerpt":{"rendered":"<p>&#8220;Para Deus n\u00e3o h\u00e1 passado, presente ou futuro; todo o tempo est\u00e1 presente em qualquer momento. Ele \u00e9 o grande e apenas EU SOU.&#8221; (2:1.5) 34.4 Fonte: Urantia Foundation | 533 Diversey Parkway, Chicago, IL 60614 Voltar<\/p>\n","protected":false},"author":1,"featured_media":0,"parent":0,"menu_order":0,"comment_status":"closed","ping_status":"closed","template":"","meta":{"footnotes":""},"class_list":["post-2938","page","type-page","status-publish","hentry"],"_links":{"self":[{"href":"https:\/\/tmarchives.com.br\/wp\/index.php?rest_route=\/wp\/v2\/pages\/2938","targetHints":{"allow":["GET"]}}],"collection":[{"href":"https:\/\/tmarchives.com.br\/wp\/index.php?rest_route=\/wp\/v2\/pages"}],"about":[{"href":"https:\/\/tmarchives.com.br\/wp\/index.php?rest_route=\/wp\/v2\/types\/page"}],"author":[{"embeddable":true,"href":"https:\/\/tmarchives.com.br\/wp\/index.php?rest_route=\/wp\/v2\/users\/1"}],"replies":[{"embeddable":true,"href":"https:\/\/tmarchives.com.br\/wp\/index.php?rest_route=%2Fwp%2Fv2%2Fcomments&post=2938"}],"version-history":[{"count":2,"href":"https:\/\/tmarchives.com.br\/wp\/index.php?rest_route=\/wp\/v2\/pages\/2938\/revisions"}],"predecessor-version":[{"id":2941,"href":"https:\/\/tmarchives.com.br\/wp\/index.php?rest_route=\/wp\/v2\/pages\/2938\/revisions\/2941"}],"wp:attachment":[{"href":"https:\/\/tmarchives.com.br\/wp\/index.php?rest_route=%2Fwp%2Fv2%2Fmedia&parent=2938"}],"curies":[{"name":"wp","href":"https:\/\/api.w.org\/{rel}","templated":true}]}}