{"id":2927,"date":"2021-07-26T01:32:54","date_gmt":"2021-07-26T01:32:54","guid":{"rendered":"https:\/\/tmarchives.com.br\/wp\/?page_id=2927"},"modified":"2021-07-26T01:32:55","modified_gmt":"2021-07-26T01:32:55","slug":"a-sombra-do-erro","status":"publish","type":"page","link":"https:\/\/tmarchives.com.br\/wp\/?page_id=2927","title":{"rendered":"A sombra do erro"},"content":{"rendered":"\n<div class=\"wp-block-image\"><figure class=\"aligncenter size-full is-resized\"><img loading=\"lazy\" decoding=\"async\" src=\"https:\/\/tmarchives.com.br\/wp\/wp-content\/uploads\/2021\/07\/imagem156.jpg\" alt=\"\" class=\"wp-image-2921\" width=\"848\" height=\"404\" srcset=\"https:\/\/tmarchives.com.br\/wp\/wp-content\/uploads\/2021\/07\/imagem156.jpg 700w, https:\/\/tmarchives.com.br\/wp\/wp-content\/uploads\/2021\/07\/imagem156-300x143.jpg 300w\" sizes=\"auto, (max-width: 848px) 100vw, 848px\" \/><\/figure><\/div>\n\n\n\n<figure class=\"wp-block-pullquote is-style-default\" style=\"border-color:#0693e3\"><blockquote><p>&#8220;O erro \u00e9 a sombra da incompletude relativa que deve necessariamente cair no caminho ascendente do homem no universo para a perfei\u00e7\u00e3o do Para\u00edso.&#8221;<\/p><\/blockquote><\/figure>\n\n\n\n<p class=\"has-text-align-center\"><a class=\"pag\" href=\"https:\/\/r20.rs6.net\/tn.jsp?f=001icOQbB1M2TqEySNIDrwlAeeJW_oOQIbbVvtDXoPCeP3k5LOa-1EGqt6SXt1hoCqr06n0VD5c9qlSopMrG-fJHLCrK3SPjxzVic62F-UAf5z5FFDAtsZ6JzOFI_Y9kFP5xnOsaV_bDaB9kpmc2VGMLSapgk8WM-awvs0Dv9wum5BtyNs08jDEopoZvRPartonfQIH7b8NJXuHOQYBZT6k3-42kl_w4ArQ&amp;c=isAc6GdXNre1x4895dHIGmiGhH9EIf5tL8ZAJuVal9mqT9wkgxQGtQ==&amp;ch=6ukqx-Qrsf41K16y1LGrRfcQKLnMr336OZRWYtnySZbJn59AZKyE1w==\" target=\"_blank\" rel=\"noreferrer noopener\">(130:4.11) 1435.3<\/a><\/p>\n\n\n\n<p>Fonte:<\/p>\n\n\n\n<p align=\"center\"><strong><a href=\"https:\/\/www.urantia.org\/\"  class=\"pag\">Urantia Foundation | 533 Diversey Parkway, Chicago, IL 60614<\/a><\/strong><\/p><\/p>\n\n\n<p class=\"has-text-align-right\">\n<\/p><p style=\"text-align: right;\"><a class=\"pag\" href=\"https:\/\/tmarchives.com.br\/wp\/?page_id=1340\">Voltar<\/a><\/p>\n\n\n<p><\/p>\n","protected":false},"excerpt":{"rendered":"<p>&#8220;O erro \u00e9 a sombra da incompletude relativa que deve necessariamente cair no caminho ascendente do homem no universo para a perfei\u00e7\u00e3o do Para\u00edso.&#8221; (130:4.11) 1435.3 Fonte: Urantia Foundation | 533 Diversey Parkway, Chicago, IL 60614 Voltar<\/p>\n","protected":false},"author":1,"featured_media":0,"parent":0,"menu_order":0,"comment_status":"closed","ping_status":"closed","template":"","meta":{"footnotes":""},"class_list":["post-2927","page","type-page","status-publish","hentry"],"_links":{"self":[{"href":"https:\/\/tmarchives.com.br\/wp\/index.php?rest_route=\/wp\/v2\/pages\/2927","targetHints":{"allow":["GET"]}}],"collection":[{"href":"https:\/\/tmarchives.com.br\/wp\/index.php?rest_route=\/wp\/v2\/pages"}],"about":[{"href":"https:\/\/tmarchives.com.br\/wp\/index.php?rest_route=\/wp\/v2\/types\/page"}],"author":[{"embeddable":true,"href":"https:\/\/tmarchives.com.br\/wp\/index.php?rest_route=\/wp\/v2\/users\/1"}],"replies":[{"embeddable":true,"href":"https:\/\/tmarchives.com.br\/wp\/index.php?rest_route=%2Fwp%2Fv2%2Fcomments&post=2927"}],"version-history":[{"count":1,"href":"https:\/\/tmarchives.com.br\/wp\/index.php?rest_route=\/wp\/v2\/pages\/2927\/revisions"}],"predecessor-version":[{"id":2928,"href":"https:\/\/tmarchives.com.br\/wp\/index.php?rest_route=\/wp\/v2\/pages\/2927\/revisions\/2928"}],"wp:attachment":[{"href":"https:\/\/tmarchives.com.br\/wp\/index.php?rest_route=%2Fwp%2Fv2%2Fmedia&parent=2927"}],"curies":[{"name":"wp","href":"https:\/\/api.w.org\/{rel}","templated":true}]}}