{"id":2918,"date":"2021-07-26T01:12:36","date_gmt":"2021-07-26T01:12:36","guid":{"rendered":"https:\/\/tmarchives.com.br\/wp\/?page_id=2918"},"modified":"2021-07-26T01:13:59","modified_gmt":"2021-07-26T01:13:59","slug":"budismo","status":"publish","type":"page","link":"https:\/\/tmarchives.com.br\/wp\/?page_id=2918","title":{"rendered":"Budismo"},"content":{"rendered":"\n<div class=\"wp-block-image\"><figure class=\"aligncenter size-full is-resized\"><img loading=\"lazy\" decoding=\"async\" src=\"https:\/\/tmarchives.com.br\/wp\/wp-content\/uploads\/2021\/07\/imagem154.jpg\" alt=\"\" class=\"wp-image-2919\" width=\"744\" height=\"223\" srcset=\"https:\/\/tmarchives.com.br\/wp\/wp-content\/uploads\/2021\/07\/imagem154.jpg 700w, https:\/\/tmarchives.com.br\/wp\/wp-content\/uploads\/2021\/07\/imagem154-300x90.jpg 300w\" sizes=\"auto, (max-width: 744px) 100vw, 744px\" \/><\/figure><\/div>\n\n\n\n<figure class=\"wp-block-pullquote is-style-default\" style=\"border-color:#0693e3\"><blockquote><p>&#8220;A grande for\u00e7a do budismo \u00e9 que seus adeptos s\u00e3o livres para escolher a verdade de todas as religi\u00f5es; tal liberdade de escolha raramente caracterizou uma f\u00e9 urantiana.&#8221;<\/p><\/blockquote><\/figure>\n\n\n\n<p class=\"has-text-align-center\"><a class=\"pag\" href=\"https:\/\/r20.rs6.net\/tn.jsp?f=001NlMcjo3_hSWg4YjzxcfUq3atxVHLzC8tcZhFsUep59wgTcnXtELuvgbn0L228PWB7-e4Gzaji0Vgu4IJ_2yl8h5G2jOnnECX4awPh2ueivetYO16CuDOj1oPYy6TyXoZZ8FzCoFXDnmRA7rGhk25HcpLMk8qL9SqWa8ByToAFDblDU5EuP20z5Pg5ttfO9jpGWYLyA-5DrNPxEUDoCjNABmPHHlgHUVeeAC0Ci-PqP1Q9_vcfyp2CuZeG8Zl0TIm&amp;c=eWlkDMNgL0_lT8_S3bwsqlNf2-5_6mIRYh_W-frOrDZmyP_AzMSD9Q==&amp;ch=OjEzihOb7Y-MpBUrbFcTf0utpM3n_4kCROKxfy_XghQTwco_rn2y_w==\" target=\"_blank\" rel=\"noreferrer noopener\">(94:12.4) 1041.2<\/a><\/p>\n\n\n\n<p>Fonte:<\/p>\n\n\n\n<p align=\"center\"><strong><a href=\"https:\/\/www.urantia.org\/\"  class=\"pag\">Urantia Foundation | 533 Diversey Parkway, Chicago, IL 60614<\/a><\/strong><\/p><\/p>\n\n\n<p class=\"has-text-align-right\">\n<\/p><p style=\"text-align: right;\"><a class=\"pag\" href=\"https:\/\/tmarchives.com.br\/wp\/?page_id=1340\">Voltar<\/a><\/p>\n\n\n<p><\/p>\n","protected":false},"excerpt":{"rendered":"<p>&#8220;A grande for\u00e7a do budismo \u00e9 que seus adeptos s\u00e3o livres para escolher a verdade de todas as religi\u00f5es; tal liberdade de escolha raramente caracterizou uma f\u00e9 urantiana.&#8221; (94:12.4) 1041.2 Fonte: Urantia Foundation | 533 Diversey Parkway, Chicago, IL 60614 Voltar<\/p>\n","protected":false},"author":1,"featured_media":0,"parent":0,"menu_order":0,"comment_status":"closed","ping_status":"closed","template":"","meta":{"footnotes":""},"class_list":["post-2918","page","type-page","status-publish","hentry"],"_links":{"self":[{"href":"https:\/\/tmarchives.com.br\/wp\/index.php?rest_route=\/wp\/v2\/pages\/2918","targetHints":{"allow":["GET"]}}],"collection":[{"href":"https:\/\/tmarchives.com.br\/wp\/index.php?rest_route=\/wp\/v2\/pages"}],"about":[{"href":"https:\/\/tmarchives.com.br\/wp\/index.php?rest_route=\/wp\/v2\/types\/page"}],"author":[{"embeddable":true,"href":"https:\/\/tmarchives.com.br\/wp\/index.php?rest_route=\/wp\/v2\/users\/1"}],"replies":[{"embeddable":true,"href":"https:\/\/tmarchives.com.br\/wp\/index.php?rest_route=%2Fwp%2Fv2%2Fcomments&post=2918"}],"version-history":[{"count":1,"href":"https:\/\/tmarchives.com.br\/wp\/index.php?rest_route=\/wp\/v2\/pages\/2918\/revisions"}],"predecessor-version":[{"id":2922,"href":"https:\/\/tmarchives.com.br\/wp\/index.php?rest_route=\/wp\/v2\/pages\/2918\/revisions\/2922"}],"wp:attachment":[{"href":"https:\/\/tmarchives.com.br\/wp\/index.php?rest_route=%2Fwp%2Fv2%2Fmedia&parent=2918"}],"curies":[{"name":"wp","href":"https:\/\/api.w.org\/{rel}","templated":true}]}}