{"id":2913,"date":"2021-07-26T01:00:26","date_gmt":"2021-07-26T01:00:26","guid":{"rendered":"https:\/\/tmarchives.com.br\/wp\/?page_id=2913"},"modified":"2021-07-26T01:01:55","modified_gmt":"2021-07-26T01:01:55","slug":"verdade-absoluta","status":"publish","type":"page","link":"https:\/\/tmarchives.com.br\/wp\/?page_id=2913","title":{"rendered":"Verdade absoluta"},"content":{"rendered":"\n<div class=\"wp-block-image\"><figure class=\"aligncenter size-full\"><img loading=\"lazy\" decoding=\"async\" width=\"700\" height=\"338\" src=\"https:\/\/tmarchives.com.br\/wp\/wp-content\/uploads\/2021\/07\/imagem153.jpg\" alt=\"\" class=\"wp-image-2915\" srcset=\"https:\/\/tmarchives.com.br\/wp\/wp-content\/uploads\/2021\/07\/imagem153.jpg 700w, https:\/\/tmarchives.com.br\/wp\/wp-content\/uploads\/2021\/07\/imagem153-300x145.jpg 300w\" sizes=\"auto, (max-width: 700px) 100vw, 700px\" \/><\/figure><\/div>\n\n\n\n<figure class=\"wp-block-pullquote is-style-default\" style=\"border-color:#0693e3\"><blockquote><p>&#8220;Deus \u00e9 a primeira verdade e o \u00faltimo fato; portanto, toda a verdade tem origem nele, enquanto todos os fatos existem em rela\u00e7\u00e3o a ele. Deus \u00e9 a verdade absoluta.&#8221;<\/p><\/blockquote><\/figure>\n\n\n\n<p class=\"has-text-align-center\"><a class=\"pag\" href=\"https:\/\/r20.rs6.net\/tn.jsp?f=001qLr_qEpjgOQjOL6fUI8zM6y0JxS9fVNyaPvy6_C9BnUVL7N919Sd5Z8xZmx-Pe-vuVQxWuaKjtmY3J7cNuaURFEtGGuqf6sLAgKNONuHt6pR9ZnxgupciEWXnyyvqpsy6tMex--U-ri7u5FeRbbYr03nJ7XTDXa1fQKXuBum5HYQpFDpixecS8Pk_LKhG52mj6Nl4q-fiMHNciHhRvz_9OjwKizSnQbtbvtvqtClu8Ca2lghkuXUmQ==&amp;c=HSGgl5mxaGrlhevqZL183-wBIfaLrlYftquG6CJCvFU3slfnQcoetA==&amp;ch=tOUK7LCe-900F04iXHy_U202GbVSkYYDVTi-cjpEqmpE_Huj8BAHDg==\" target=\"_blank\" rel=\"noreferrer noopener\">(102:6.6) 1125.1<\/a><\/p>\n\n\n\n<p>Fonte:<\/p>\n\n\n\n<p align=\"center\"><strong><a href=\"https:\/\/www.urantia.org\/\"  class=\"pag\">Urantia Foundation | 533 Diversey Parkway, Chicago, IL 60614<\/a><\/strong><\/p><\/p>\n\n\n<p class=\"has-text-align-right\">\n<\/p><p style=\"text-align: right;\"><a class=\"pag\" href=\"https:\/\/tmarchives.com.br\/wp\/?page_id=1340\">Voltar<\/a><\/p>\n\n\n<p><\/p>\n","protected":false},"excerpt":{"rendered":"<p>&#8220;Deus \u00e9 a primeira verdade e o \u00faltimo fato; portanto, toda a verdade tem origem nele, enquanto todos os fatos existem em rela\u00e7\u00e3o a ele. Deus \u00e9 a verdade absoluta.&#8221; (102:6.6) 1125.1 Fonte: Urantia Foundation | 533 Diversey Parkway, Chicago, IL 60614 Voltar<\/p>\n","protected":false},"author":1,"featured_media":0,"parent":0,"menu_order":0,"comment_status":"closed","ping_status":"closed","template":"","meta":{"footnotes":""},"class_list":["post-2913","page","type-page","status-publish","hentry"],"_links":{"self":[{"href":"https:\/\/tmarchives.com.br\/wp\/index.php?rest_route=\/wp\/v2\/pages\/2913","targetHints":{"allow":["GET"]}}],"collection":[{"href":"https:\/\/tmarchives.com.br\/wp\/index.php?rest_route=\/wp\/v2\/pages"}],"about":[{"href":"https:\/\/tmarchives.com.br\/wp\/index.php?rest_route=\/wp\/v2\/types\/page"}],"author":[{"embeddable":true,"href":"https:\/\/tmarchives.com.br\/wp\/index.php?rest_route=\/wp\/v2\/users\/1"}],"replies":[{"embeddable":true,"href":"https:\/\/tmarchives.com.br\/wp\/index.php?rest_route=%2Fwp%2Fv2%2Fcomments&post=2913"}],"version-history":[{"count":1,"href":"https:\/\/tmarchives.com.br\/wp\/index.php?rest_route=\/wp\/v2\/pages\/2913\/revisions"}],"predecessor-version":[{"id":2916,"href":"https:\/\/tmarchives.com.br\/wp\/index.php?rest_route=\/wp\/v2\/pages\/2913\/revisions\/2916"}],"wp:attachment":[{"href":"https:\/\/tmarchives.com.br\/wp\/index.php?rest_route=%2Fwp%2Fv2%2Fmedia&parent=2913"}],"curies":[{"name":"wp","href":"https:\/\/api.w.org\/{rel}","templated":true}]}}